{"id":238101,"date":"2025-03-20T17:44:22","date_gmt":"2025-03-20T17:44:22","guid":{"rendered":"https:\/\/aromasentia.com\/product\/standing-soap-flower-bouquet-orange\/"},"modified":"2025-12-30T20:27:59","modified_gmt":"2025-12-30T20:27:59","slug":"seifenblumenbouquet-stehend-orange","status":"publish","type":"product","link":"https:\/\/aromasentia.com\/de\/seifenblumenbouquet-stehend-orange\/","title":{"rendered":"Seifenblumenbouquet &#8217;stehend&#8216; &#8211; orange"},"content":{"rendered":"<p>Diese wundersch\u00f6nen Seifenblumenarrangements lassen sich auseinandernehmen und ihre Bl\u00fctenbl\u00e4tter als Duftseife verwenden. Die Bl\u00fctenbl\u00e4tter k\u00f6nnen als Handseife am Waschbecken oder in der Badewanne verwendet werden. Geben Sie einfach ein oder zwei Rosen in Ihr warmes Bad, entspannen Sie sich und beobachten Sie, wie sich die h\u00fcbschen Bl\u00fcten vor Ihren Augen aufl\u00f6sen. Sie werden das farbenfrohe Wasser und den herrlichen Duft genie\u00dfen. Ihre Haut wird weich, seidig und duftet herrlich frisch.<\/p>\n","protected":false},"excerpt":{"rendered":"<p>Diese wundersch\u00f6nen Seifenblumenarrangements lassen sich auseinandernehmen und ihre Bl\u00fctenbl\u00e4tter als Duftseife verwenden. Die Bl\u00fctenbl\u00e4tter k\u00f6nnen als Handseife am Waschbecken oder in der Badewanne verwendet werden. Geben Sie einfach ein oder zwei Rosen in Ihr warmes Bad, entspannen Sie sich und beobachten Sie, wie sich die h\u00fcbschen Bl\u00fcten vor Ihren Augen aufl\u00f6sen. Sie werden das farbenfrohe [&hellip;]<\/p>\n","protected":false},"featured_media":296920,"comment_status":"closed","ping_status":"open","template":"","meta":{"_angie_page":false},"product_brand":[],"product_cat":[19448,25841,20589,26308,26819],"product_tag":[],"class_list":{"0":"post-238101","1":"product","2":"type-product","3":"status-publish","4":"has-post-thumbnail","6":"product_cat-bad-und-korper","7":"product_cat-dufte-aromen","8":"product_cat-okologische-seifen","9":"product_cat-orange","10":"product_cat-zitrus","11":"pa_collection-soap-flower-bouquets-de","12":"pa_made-in-china","14":"first","15":"instock","16":"purchasable","17":"product-type-simple"},"supplier_id":null,"supplier_sku":"SFB-01","barcode":null,"atum_controlled":true,"out_stock_date":null,"out_stock_threshold":null,"inheritable":false,"inbound_stock":null,"stock_on_hold":0,"sold_today":0,"sales_last_days":0,"reserved_stock":null,"customer_returns":null,"warehouse_damage":null,"lost_in_post":null,"other_logs":null,"out_stock_days":0,"lost_sales":0,"has_location":null,"update_date":"2026-05-08T05:19:07","atum_locations":[],"atum_stock_status":"instock","restock_status":false,"low_stock_amount":"","sales_update_date":"2025-09-05T00:20:36","calc_backorders":null,"_links":{"self":[{"href":"https:\/\/aromasentia.com\/de\/wp-json\/wp\/v2\/product\/238101","targetHints":{"allow":["GET"]}}],"collection":[{"href":"https:\/\/aromasentia.com\/de\/wp-json\/wp\/v2\/product"}],"about":[{"href":"https:\/\/aromasentia.com\/de\/wp-json\/wp\/v2\/types\/product"}],"replies":[{"embeddable":true,"href":"https:\/\/aromasentia.com\/de\/wp-json\/wp\/v2\/comments?post=238101"}],"version-history":[{"count":0,"href":"https:\/\/aromasentia.com\/de\/wp-json\/wp\/v2\/product\/238101\/revisions"}],"wp:featuredmedia":[{"embeddable":true,"href":"https:\/\/aromasentia.com\/de\/wp-json\/wp\/v2\/media\/296920"}],"wp:attachment":[{"href":"https:\/\/aromasentia.com\/de\/wp-json\/wp\/v2\/media?parent=238101"}],"wp:term":[{"taxonomy":"product_brand","embeddable":true,"href":"https:\/\/aromasentia.com\/de\/wp-json\/wp\/v2\/product_brand?post=238101"},{"taxonomy":"product_cat","embeddable":true,"href":"https:\/\/aromasentia.com\/de\/wp-json\/wp\/v2\/product_cat?post=238101"},{"taxonomy":"product_tag","embeddable":true,"href":"https:\/\/aromasentia.com\/de\/wp-json\/wp\/v2\/product_tag?post=238101"}],"curies":[{"name":"wp","href":"https:\/\/api.w.org\/{rel}","templated":true}]}}