{"id":238097,"date":"2025-03-20T17:44:22","date_gmt":"2025-03-20T17:44:22","guid":{"rendered":"https:\/\/aromasentia.com\/product\/hyaluronic-acid-facial-serum\/"},"modified":"2025-12-30T20:27:59","modified_gmt":"2025-12-30T20:27:59","slug":"gesichtsserum-mit-hyaluronsaeure","status":"publish","type":"product","link":"https:\/\/aromasentia.com\/de\/gesichtsserum-mit-hyaluronsaeure\/","title":{"rendered":"Gesichtsserum mit Hyalurons\u00e4ure"},"content":{"rendered":"<p><span style=\"color: rgb(141, 186, 216);\"><strong>N\u00c4HREN &amp; REVITALISIEREN<\/strong><\/span><\/p>\n<p><strong>Hyalurons\u00e4ure-Gesichtsserum<\/strong> mit Vitamin B5 und Fruchtextrakten f\u00fcr glatte und strahlende Haut.<\/p>\n<p>F\u00fcr alle Hauttypen geeignet.<\/p>\n<p>Zieht schnell in die Haut ein und kann vor dem Auftragen von Creme oder Make-up verwendet werden.<\/p>\n<p>Ihren Kunden k\u00f6nnte auch <a href=\"https:\/\/aromasentia.com\/wsp\"><span style=\"color: rgb(141, 186, 216);\"><strong>Gesichtswasser-Spray<\/strong><\/span><\/a><\/p>\n<p><strong>* Verkauft in 30-ml-Flasche * Vegan * Stark feuchtigkeitsspendend * Hergestellt in England *<\/strong><\/p>\n<p>Erg\u00e4nzen Sie Ihr E-Shop-Produktportfolio und kaufen Sie jetzt, um Ihren Kunden eines der besten Selbstpflegeprodukte anzubieten.<\/p>\n","protected":false},"excerpt":{"rendered":"<p>N\u00c4HREN &amp; REVITALISIEREN Hyalurons\u00e4ure-Gesichtsserum mit Vitamin B5 und Fruchtextrakten f\u00fcr glatte und strahlende Haut. F\u00fcr alle Hauttypen geeignet. Zieht schnell in die Haut ein und kann vor dem Auftragen von Creme oder Make-up verwendet werden. Ihren Kunden k\u00f6nnte auch Gesichtswasser-Spray * Verkauft in 30-ml-Flasche * Vegan * Stark feuchtigkeitsspendend * Hergestellt in England * Erg\u00e4nzen [&hellip;]<\/p>\n","protected":false},"featured_media":296887,"comment_status":"closed","ping_status":"open","template":"","meta":{"_angie_page":false},"product_brand":[27070],"product_cat":[19448,20885],"product_tag":[],"class_list":{"0":"post-238097","1":"product","2":"type-product","3":"status-publish","4":"has-post-thumbnail","6":"product_brand-aw-cosmetics","7":"product_cat-bad-und-korper","8":"product_cat-hautpflege","9":"pa_collection-facial-serum-30ml-de","10":"pa_made-in-vereinigtes-koenigreich","11":"pa_size-30ml","13":"first","14":"instock","15":"purchasable","16":"product-type-simple"},"supplier_id":null,"supplier_sku":"SerF-01","barcode":null,"atum_controlled":true,"out_stock_date":null,"out_stock_threshold":null,"inheritable":false,"inbound_stock":null,"stock_on_hold":0,"sold_today":0,"sales_last_days":0,"reserved_stock":null,"customer_returns":null,"warehouse_damage":null,"lost_in_post":null,"other_logs":null,"out_stock_days":0,"lost_sales":0,"has_location":null,"update_date":"2026-04-27T07:21:08","atum_locations":[],"atum_stock_status":"instock","restock_status":false,"low_stock_amount":"","sales_update_date":"2025-09-05T00:20:36","calc_backorders":null,"_links":{"self":[{"href":"https:\/\/aromasentia.com\/de\/wp-json\/wp\/v2\/product\/238097","targetHints":{"allow":["GET"]}}],"collection":[{"href":"https:\/\/aromasentia.com\/de\/wp-json\/wp\/v2\/product"}],"about":[{"href":"https:\/\/aromasentia.com\/de\/wp-json\/wp\/v2\/types\/product"}],"replies":[{"embeddable":true,"href":"https:\/\/aromasentia.com\/de\/wp-json\/wp\/v2\/comments?post=238097"}],"version-history":[{"count":0,"href":"https:\/\/aromasentia.com\/de\/wp-json\/wp\/v2\/product\/238097\/revisions"}],"wp:featuredmedia":[{"embeddable":true,"href":"https:\/\/aromasentia.com\/de\/wp-json\/wp\/v2\/media\/296887"}],"wp:attachment":[{"href":"https:\/\/aromasentia.com\/de\/wp-json\/wp\/v2\/media?parent=238097"}],"wp:term":[{"taxonomy":"product_brand","embeddable":true,"href":"https:\/\/aromasentia.com\/de\/wp-json\/wp\/v2\/product_brand?post=238097"},{"taxonomy":"product_cat","embeddable":true,"href":"https:\/\/aromasentia.com\/de\/wp-json\/wp\/v2\/product_cat?post=238097"},{"taxonomy":"product_tag","embeddable":true,"href":"https:\/\/aromasentia.com\/de\/wp-json\/wp\/v2\/product_tag?post=238097"}],"curies":[{"name":"wp","href":"https:\/\/api.w.org\/{rel}","templated":true}]}}