{"id":238005,"date":"2025-03-20T17:46:00","date_gmt":"2025-03-20T17:46:00","guid":{"rendered":"https:\/\/aromasentia.com\/product\/large-orange-bouquet-in-wicker-basket\/"},"modified":"2025-12-30T20:27:44","modified_gmt":"2025-12-30T20:27:44","slug":"grosses-bouquet-in-weidenkorb-orange","status":"publish","type":"product","link":"https:\/\/aromasentia.com\/de\/grosses-bouquet-in-weidenkorb-orange\/","title":{"rendered":"Gro\u00dfes Bouquet in Weidenkorb &#8211; orange"},"content":{"rendered":"<p>Diese bezaubernden Seifenblumenarrangements lassen sich auseinandernehmen und ihre Bl\u00fctenbl\u00e4tter als Duftseife verwenden. Die Bl\u00fctenbl\u00e4tter k\u00f6nnen als Handseife am Waschbecken verwendet oder ins Badewasser gestreut werden. Geben Sie einfach ein oder zwei Rosen in Ihr warmes Bad, entspannen Sie sich und beobachten Sie, wie sich die h\u00fcbschen Bl\u00fcten vor Ihren Augen aufl\u00f6sen. Sie werden das farbenfrohe Wasser und den herrlichen Duft genie\u00dfen. Ihre Haut wird weich, seidig und duftet herrlich frisch.<\/p>\n","protected":false},"excerpt":{"rendered":"<p>Diese bezaubernden Seifenblumenarrangements lassen sich auseinandernehmen und ihre Bl\u00fctenbl\u00e4tter als Duftseife verwenden. Die Bl\u00fctenbl\u00e4tter k\u00f6nnen als Handseife am Waschbecken verwendet oder ins Badewasser gestreut werden. Geben Sie einfach ein oder zwei Rosen in Ihr warmes Bad, entspannen Sie sich und beobachten Sie, wie sich die h\u00fcbschen Bl\u00fcten vor Ihren Augen aufl\u00f6sen. Sie werden das farbenfrohe [&hellip;]<\/p>\n","protected":false},"featured_media":297408,"comment_status":"closed","ping_status":"open","template":"","meta":{"_angie_page":false},"product_brand":[],"product_cat":[19448,25841,26308,26819],"product_tag":[],"class_list":{"0":"post-238005","1":"product","2":"type-product","3":"status-publish","4":"has-post-thumbnail","6":"product_cat-bad-und-korper","7":"product_cat-dufte-aromen","8":"product_cat-orange","9":"product_cat-zitrus","10":"pa_collection-soap-flower-bouquets-de","11":"pa_made-in-china","13":"first","14":"instock","15":"purchasable","16":"product-type-simple"},"supplier_id":null,"supplier_sku":"SFB-21","barcode":null,"atum_controlled":true,"out_stock_date":null,"out_stock_threshold":null,"inheritable":false,"inbound_stock":null,"stock_on_hold":0,"sold_today":0,"sales_last_days":0,"reserved_stock":null,"customer_returns":null,"warehouse_damage":null,"lost_in_post":null,"other_logs":null,"out_stock_days":0,"lost_sales":0,"has_location":null,"update_date":"2026-04-27T07:21:14","atum_locations":[],"atum_stock_status":"instock","restock_status":false,"low_stock_amount":"","sales_update_date":"2026-01-30T01:24:53","calc_backorders":null,"_links":{"self":[{"href":"https:\/\/aromasentia.com\/de\/wp-json\/wp\/v2\/product\/238005","targetHints":{"allow":["GET"]}}],"collection":[{"href":"https:\/\/aromasentia.com\/de\/wp-json\/wp\/v2\/product"}],"about":[{"href":"https:\/\/aromasentia.com\/de\/wp-json\/wp\/v2\/types\/product"}],"replies":[{"embeddable":true,"href":"https:\/\/aromasentia.com\/de\/wp-json\/wp\/v2\/comments?post=238005"}],"version-history":[{"count":0,"href":"https:\/\/aromasentia.com\/de\/wp-json\/wp\/v2\/product\/238005\/revisions"}],"wp:featuredmedia":[{"embeddable":true,"href":"https:\/\/aromasentia.com\/de\/wp-json\/wp\/v2\/media\/297408"}],"wp:attachment":[{"href":"https:\/\/aromasentia.com\/de\/wp-json\/wp\/v2\/media?parent=238005"}],"wp:term":[{"taxonomy":"product_brand","embeddable":true,"href":"https:\/\/aromasentia.com\/de\/wp-json\/wp\/v2\/product_brand?post=238005"},{"taxonomy":"product_cat","embeddable":true,"href":"https:\/\/aromasentia.com\/de\/wp-json\/wp\/v2\/product_cat?post=238005"},{"taxonomy":"product_tag","embeddable":true,"href":"https:\/\/aromasentia.com\/de\/wp-json\/wp\/v2\/product_tag?post=238005"}],"curies":[{"name":"wp","href":"https:\/\/api.w.org\/{rel}","templated":true}]}}