{"id":237957,"date":"2025-03-20T17:48:23","date_gmt":"2025-03-20T17:48:23","guid":{"rendered":"https:\/\/aromasentia.com\/product\/square-box-classic-red-roses\/"},"modified":"2025-12-30T20:27:37","modified_gmt":"2025-12-30T20:27:37","slug":"quadratische-box-klassische-rote-rosen","status":"publish","type":"product","link":"https:\/\/aromasentia.com\/de\/quadratische-box-klassische-rote-rosen\/","title":{"rendered":"Quadratische Box \u2013 klassische rote Rosen"},"content":{"rendered":"<p><span style=\"color: rgb(75, 80, 88);\">Diese exquisiten Geschenkboxen sind pr\u00e4sentationsfertig f\u00fcr Ihr Gesch\u00e4ft. Jede Box ist sorgf\u00e4ltig gefertigt, um die kunstvollen Seifenblumen darin optimal in Szene zu setzen und so eine auff\u00e4llige und unwiderstehliche Pr\u00e4sentation zu schaffen. Sie k\u00f6nnen diese Boxen m\u00fchelos zu Ihrem Lagerbestand hinzuf\u00fcgen, was eine schnelle und unkomplizierte Einrichtung gew\u00e4hrleistet.<\/span><\/p>\n<p><span style=\"color: rgb(75, 80, 88);\">Entfachen Sie Leidenschaft und Romantik mit unserer <strong>Klassischen quadratischen Box mit roten Rosen<\/strong>. Dieses leidenschaftliche Arrangement aus Seifenrosen symbolisiert tiefe Liebe und Sehnsucht und ist somit eine exquisite Wahl f\u00fcr den Valentinstag und romantische Gesten.<\/span><\/p>\n<p><span style=\"color: rgb(75, 80, 88);\">In einer Welt, in der der erste Eindruck z\u00e4hlt, stechen unsere Seifenblumen-Geschenkboxen als Symbol f\u00fcr Eleganz und Aufmerksamkeit hervor. Begeistern Sie Ihre Kunden Machen Sie das Schenken zu einem Erlebnis mit diesen modernen, schlichten und vielseitigen Boxen, die garantiert einen bleibenden Eindruck hinterlassen.&nbsp;<\/span><\/p>\n<p><span style=\"color: rgb(141, 186, 216);\"><strong>Setzen Sie noch heute ein Statement mit unseren Seifenblumen-Geschenkboxen!<\/strong><\/span><\/p>\n","protected":false},"excerpt":{"rendered":"<p>Diese exquisiten Geschenkboxen sind pr\u00e4sentationsfertig f\u00fcr Ihr Gesch\u00e4ft. Jede Box ist sorgf\u00e4ltig gefertigt, um die kunstvollen Seifenblumen darin optimal in Szene zu setzen und so eine auff\u00e4llige und unwiderstehliche Pr\u00e4sentation zu schaffen. Sie k\u00f6nnen diese Boxen m\u00fchelos zu Ihrem Lagerbestand hinzuf\u00fcgen, was eine schnelle und unkomplizierte Einrichtung gew\u00e4hrleistet. Entfachen Sie Leidenschaft und Romantik mit unserer [&hellip;]<\/p>\n","protected":false},"featured_media":297992,"comment_status":"closed","ping_status":"open","template":"","meta":[],"product_brand":[],"product_cat":[19448,26833,25841,26370],"product_tag":[],"class_list":{"0":"post-237957","1":"product","2":"type-product","3":"status-publish","4":"has-post-thumbnail","6":"product_cat-bad-und-korper","7":"product_cat-blumig","8":"product_cat-dufte-aromen","9":"product_cat-rosen","10":"pa_collection-soap-flowers-gift-boxes-de","11":"pa_made-in-china","13":"first","14":"outofstock","15":"purchasable","16":"product-type-simple"},"supplier_id":null,"supplier_sku":"SFBX-13","barcode":null,"atum_controlled":true,"out_stock_date":"2026-01-14 10:35:26","out_stock_threshold":null,"inheritable":false,"inbound_stock":null,"stock_on_hold":0,"sold_today":0,"sales_last_days":0,"reserved_stock":null,"customer_returns":null,"warehouse_damage":null,"lost_in_post":null,"other_logs":null,"out_stock_days":15,"lost_sales":0,"has_location":null,"update_date":"2026-01-30T01:24:42","atum_locations":[],"atum_stock_status":"outofstock","restock_status":false,"low_stock_amount":"","sales_update_date":"2026-01-30T01:24:42","calc_backorders":null,"_links":{"self":[{"href":"https:\/\/aromasentia.com\/de\/wp-json\/wp\/v2\/product\/237957","targetHints":{"allow":["GET"]}}],"collection":[{"href":"https:\/\/aromasentia.com\/de\/wp-json\/wp\/v2\/product"}],"about":[{"href":"https:\/\/aromasentia.com\/de\/wp-json\/wp\/v2\/types\/product"}],"replies":[{"embeddable":true,"href":"https:\/\/aromasentia.com\/de\/wp-json\/wp\/v2\/comments?post=237957"}],"version-history":[{"count":0,"href":"https:\/\/aromasentia.com\/de\/wp-json\/wp\/v2\/product\/237957\/revisions"}],"wp:featuredmedia":[{"embeddable":true,"href":"https:\/\/aromasentia.com\/de\/wp-json\/wp\/v2\/media\/297992"}],"wp:attachment":[{"href":"https:\/\/aromasentia.com\/de\/wp-json\/wp\/v2\/media?parent=237957"}],"wp:term":[{"taxonomy":"product_brand","embeddable":true,"href":"https:\/\/aromasentia.com\/de\/wp-json\/wp\/v2\/product_brand?post=237957"},{"taxonomy":"product_cat","embeddable":true,"href":"https:\/\/aromasentia.com\/de\/wp-json\/wp\/v2\/product_cat?post=237957"},{"taxonomy":"product_tag","embeddable":true,"href":"https:\/\/aromasentia.com\/de\/wp-json\/wp\/v2\/product_tag?post=237957"}],"curies":[{"name":"wp","href":"https:\/\/api.w.org\/{rel}","templated":true}]}}