{"id":237933,"date":"2025-03-20T17:49:22","date_gmt":"2025-03-20T17:49:22","guid":{"rendered":"https:\/\/aromasentia.com\/product\/long-box-vintage-roses\/"},"modified":"2025-12-30T20:27:29","modified_gmt":"2025-12-30T20:27:29","slug":"lange-box-vintage-rosen","status":"publish","type":"product","link":"https:\/\/aromasentia.com\/de\/lange-box-vintage-rosen\/","title":{"rendered":"Lange Box &#8211; Vintage-Rosen"},"content":{"rendered":"<p><span style=\"color: rgb(75, 80, 88);\">Diese exquisiten Geschenkboxen sind sofort pr\u00e4sentierbar. Jede Box ist sorgf\u00e4ltig gefertigt, um die filigranen Seifenblumen darin optimal in Szene zu setzen und so eine auff\u00e4llige und unwiderstehliche Pr\u00e4sentation zu schaffen. Sie k\u00f6nnen diese Boxen m\u00fchelos in Ihr Sortiment aufnehmen und so eine schnelle und unkomplizierte Einrichtung gew\u00e4hrleisten.<\/span><\/p>\n<p><span style=\"color: rgb(75, 80, 88);\"><strong>Die Vintage Roses Long Box<\/strong> ist eine gef\u00fchlvolle Hommage an die klassische Romantik. Ihre gedeckten, zeitlosen Farben und die kunstvoll gestalteten Seifenrosen erinnern an den romantischen Charme vergangener Tage und machen sie zum idealen Geschenk f\u00fcr Jubil\u00e4en und den Ausdruck ewiger Liebe.<\/span><\/p>\n<p><span style=\"color: rgb(75, 80, 88);\">In einer Welt, in der der erste Eindruck z\u00e4hlt, stechen unsere Seifenblumen-Geschenkboxen als Symbol f\u00fcr Eleganz und Aufmerksamkeit hervor. Werten Sie das Geschenkerlebnis Ihrer Kunden mit diesen modernen, schlichten und vielseitigen Boxen auf, die garantiert einen bleibenden Eindruck hinterlassen.&nbsp;<\/span><\/p>\n<p><span style=\"color: rgb(141, 186, 216);\"><strong>Setzen Sie noch heute ein Statement mit unseren Seifenblumen-Geschenkboxen!<\/strong><\/span><\/p>\n","protected":false},"excerpt":{"rendered":"<p>Diese exquisiten Geschenkboxen sind sofort pr\u00e4sentierbar. Jede Box ist sorgf\u00e4ltig gefertigt, um die filigranen Seifenblumen darin optimal in Szene zu setzen und so eine auff\u00e4llige und unwiderstehliche Pr\u00e4sentation zu schaffen. Sie k\u00f6nnen diese Boxen m\u00fchelos in Ihr Sortiment aufnehmen und so eine schnelle und unkomplizierte Einrichtung gew\u00e4hrleisten. Die Vintage Roses Long Box ist eine gef\u00fchlvolle [&hellip;]<\/p>\n","protected":false},"featured_media":298270,"comment_status":"closed","ping_status":"open","template":"","meta":{"_angie_page":false},"product_brand":[],"product_cat":[19448,26833,25841,26370],"product_tag":[],"class_list":{"0":"post-237933","1":"product","2":"type-product","3":"status-publish","4":"has-post-thumbnail","6":"product_cat-bad-und-korper","7":"product_cat-blumig","8":"product_cat-dufte-aromen","9":"product_cat-rosen","10":"pa_collection-soap-flowers-gift-boxes-de","11":"pa_made-in-china","13":"first","14":"instock","15":"purchasable","16":"product-type-simple"},"supplier_id":null,"supplier_sku":"SFBX-19","barcode":null,"atum_controlled":true,"out_stock_date":null,"out_stock_threshold":null,"inheritable":false,"inbound_stock":0,"stock_on_hold":0,"sold_today":0,"sales_last_days":0,"reserved_stock":0,"customer_returns":0,"warehouse_damage":0,"lost_in_post":0,"other_logs":0,"out_stock_days":0,"lost_sales":0,"has_location":false,"update_date":"2026-04-30T01:02:51","atum_locations":[],"atum_stock_status":"instock","restock_status":false,"low_stock_amount":"","sales_update_date":"2025-09-05T00:20:46","calc_backorders":null,"_links":{"self":[{"href":"https:\/\/aromasentia.com\/de\/wp-json\/wp\/v2\/product\/237933","targetHints":{"allow":["GET"]}}],"collection":[{"href":"https:\/\/aromasentia.com\/de\/wp-json\/wp\/v2\/product"}],"about":[{"href":"https:\/\/aromasentia.com\/de\/wp-json\/wp\/v2\/types\/product"}],"replies":[{"embeddable":true,"href":"https:\/\/aromasentia.com\/de\/wp-json\/wp\/v2\/comments?post=237933"}],"version-history":[{"count":0,"href":"https:\/\/aromasentia.com\/de\/wp-json\/wp\/v2\/product\/237933\/revisions"}],"wp:featuredmedia":[{"embeddable":true,"href":"https:\/\/aromasentia.com\/de\/wp-json\/wp\/v2\/media\/298270"}],"wp:attachment":[{"href":"https:\/\/aromasentia.com\/de\/wp-json\/wp\/v2\/media?parent=237933"}],"wp:term":[{"taxonomy":"product_brand","embeddable":true,"href":"https:\/\/aromasentia.com\/de\/wp-json\/wp\/v2\/product_brand?post=237933"},{"taxonomy":"product_cat","embeddable":true,"href":"https:\/\/aromasentia.com\/de\/wp-json\/wp\/v2\/product_cat?post=237933"},{"taxonomy":"product_tag","embeddable":true,"href":"https:\/\/aromasentia.com\/de\/wp-json\/wp\/v2\/product_tag?post=237933"}],"curies":[{"name":"wp","href":"https:\/\/api.w.org\/{rel}","templated":true}]}}