{"id":237901,"date":"2025-03-20T17:51:16","date_gmt":"2025-03-20T17:51:16","guid":{"rendered":"https:\/\/aromasentia.com\/product\/shea-body-butter-180g-sexy\/"},"modified":"2025-12-30T20:27:22","modified_gmt":"2025-12-30T20:27:22","slug":"shea-koerperbutter-180g-sexy","status":"publish","type":"product","link":"https:\/\/aromasentia.com\/de\/shea-koerperbutter-180g-sexy\/","title":{"rendered":"Shea K\u00f6rperbutter 180g &#8211; Sexy"},"content":{"rendered":"<p>Die leicht duftende <strong>Shea Body Butter &#8211; Sexy<\/strong> ist ideal f\u00fcr die t\u00e4gliche Anwendung nach dem Baden oder Duschen sowie f\u00fcr K\u00f6rpermassagen.&nbsp;<\/p>\n<p>Diese reichhaltig feuchtigkeitsspendende Shea-K\u00f6rperbutter ist die ideale Pflege f\u00fcr trockene und sehr trockene Haut.&nbsp;<\/p>\n<p>Mit der nat\u00fcrlich n\u00e4hrenden Wirkung der Sheabutter sorgt diese reichhaltige K\u00f6rperbutter f\u00fcr ein perfekt gepflegtes, weiches und geschmeidiges Hautgef\u00fchl.&nbsp;<\/p>\n<p>Anwendung: Reinigen Sie die Haut vor der Anwendung unter einer warmen bis hei\u00dfen Dusche oder einem Bad, um die Poren zu \u00f6ffnen. Massieren Sie einen kleinen Klecks unserer Butter sanft in Ihre Haut ein. Lassen Sie die Butter einige Minuten einwirken, bevor Sie sich anziehen.<\/p>\n","protected":false},"excerpt":{"rendered":"<p>Die leicht duftende Shea Body Butter &#8211; Sexy ist ideal f\u00fcr die t\u00e4gliche Anwendung nach dem Baden oder Duschen sowie f\u00fcr K\u00f6rpermassagen.&nbsp; Diese reichhaltig feuchtigkeitsspendende Shea-K\u00f6rperbutter ist die ideale Pflege f\u00fcr trockene und sehr trockene Haut.&nbsp; Mit der nat\u00fcrlich n\u00e4hrenden Wirkung der Sheabutter sorgt diese reichhaltige K\u00f6rperbutter f\u00fcr ein perfekt gepflegtes, weiches und geschmeidiges Hautgef\u00fchl.&nbsp; [&hellip;]<\/p>\n","protected":false},"featured_media":298722,"comment_status":"closed","ping_status":"open","template":"","meta":{"_angie_page":false},"product_brand":[],"product_cat":[19448],"product_tag":[],"class_list":{"0":"post-237901","1":"product","2":"type-product","3":"status-publish","4":"has-post-thumbnail","6":"product_cat-bad-und-korper","7":"pa_made-in-lettland","8":"pa_size-180g","10":"first","11":"outofstock","12":"purchasable","13":"product-type-simple"},"supplier_id":null,"supplier_sku":"SHB-04","barcode":null,"atum_controlled":true,"out_stock_date":"2025-09-05 16:06:09","out_stock_threshold":null,"inheritable":false,"inbound_stock":null,"stock_on_hold":0,"sold_today":0,"sales_last_days":0,"reserved_stock":null,"customer_returns":null,"warehouse_damage":null,"lost_in_post":null,"other_logs":null,"out_stock_days":0,"lost_sales":0,"has_location":null,"update_date":"2026-04-27T07:21:33","atum_locations":[],"atum_stock_status":"outofstock","restock_status":false,"low_stock_amount":"","sales_update_date":"2025-09-05T00:20:49","calc_backorders":null,"_links":{"self":[{"href":"https:\/\/aromasentia.com\/de\/wp-json\/wp\/v2\/product\/237901","targetHints":{"allow":["GET"]}}],"collection":[{"href":"https:\/\/aromasentia.com\/de\/wp-json\/wp\/v2\/product"}],"about":[{"href":"https:\/\/aromasentia.com\/de\/wp-json\/wp\/v2\/types\/product"}],"replies":[{"embeddable":true,"href":"https:\/\/aromasentia.com\/de\/wp-json\/wp\/v2\/comments?post=237901"}],"version-history":[{"count":0,"href":"https:\/\/aromasentia.com\/de\/wp-json\/wp\/v2\/product\/237901\/revisions"}],"wp:featuredmedia":[{"embeddable":true,"href":"https:\/\/aromasentia.com\/de\/wp-json\/wp\/v2\/media\/298722"}],"wp:attachment":[{"href":"https:\/\/aromasentia.com\/de\/wp-json\/wp\/v2\/media?parent=237901"}],"wp:term":[{"taxonomy":"product_brand","embeddable":true,"href":"https:\/\/aromasentia.com\/de\/wp-json\/wp\/v2\/product_brand?post=237901"},{"taxonomy":"product_cat","embeddable":true,"href":"https:\/\/aromasentia.com\/de\/wp-json\/wp\/v2\/product_cat?post=237901"},{"taxonomy":"product_tag","embeddable":true,"href":"https:\/\/aromasentia.com\/de\/wp-json\/wp\/v2\/product_tag?post=237901"}],"curies":[{"name":"wp","href":"https:\/\/api.w.org\/{rel}","templated":true}]}}