{"id":237849,"date":"2025-03-20T17:52:11","date_gmt":"2025-03-20T17:52:11","guid":{"rendered":"https:\/\/aromasentia.com\/product\/sisal-sponge-and-scrub-soft-exfoliating-cushion\/"},"modified":"2025-12-30T20:27:15","modified_gmt":"2025-12-30T20:27:15","slug":"sisal-sponge-and-scrub-soft-exfoliating-cushion","status":"publish","type":"product","link":"https:\/\/aromasentia.com\/de\/sisal-sponge-and-scrub-soft-exfoliating-cushion\/","title":{"rendered":"Sisal Sponge and Scrub &#8211; Soft Exfoliating Cushion"},"content":{"rendered":"<p>Diese AW Earth Sisalschw\u00e4mme und -peelings sind ideal f\u00fcr Spas und Massagezentren. Sie sind vollst\u00e4ndig biologisch abbaubar und daher umweltfreundlich.<\/p>\n<p>Ihre kombinierten Eigenschaften erzeugen ein echtes Frischegef\u00fchl und eignen sich hervorragend zum Peeling, entfernen abgestorbene Hautzellen und sorgen f\u00fcr weiche und erneuerte Haut.<\/p>\n<p>Peelings sollten das ganze Jahr \u00fcber zur Sch\u00f6nheitsroutine geh\u00f6ren, besonders aber bei kaltem Wetter, damit die Haut strahlend und frisch aussieht. Ihre Kunden werden sie lieben!<\/p>\n<p>Bestellen Sie noch heute und verleihen Sie Ihrem Gesch\u00e4ft etwas Luxus.<\/p>\n","protected":false},"excerpt":{"rendered":"<p>Diese AW Earth Sisalschw\u00e4mme und -peelings sind ideal f\u00fcr Spas und Massagezentren. Sie sind vollst\u00e4ndig biologisch abbaubar und daher umweltfreundlich. Ihre kombinierten Eigenschaften erzeugen ein echtes Frischegef\u00fchl und eignen sich hervorragend zum Peeling, entfernen abgestorbene Hautzellen und sorgen f\u00fcr weiche und erneuerte Haut. Peelings sollten das ganze Jahr \u00fcber zur Sch\u00f6nheitsroutine geh\u00f6ren, besonders aber bei [&hellip;]<\/p>\n","protected":false},"featured_media":298929,"comment_status":"closed","ping_status":"open","template":"","meta":{"_angie_page":false},"product_brand":[],"product_cat":[19448],"product_tag":[],"class_list":{"0":"post-237849","1":"product","2":"type-product","3":"status-publish","4":"has-post-thumbnail","6":"product_cat-bad-und-korper","7":"pa_collection-sisal-sponges-and-scrubs-de","8":"pa_made-in-china","10":"first","11":"instock","12":"purchasable","13":"product-type-simple"},"supplier_id":null,"supplier_sku":"SisalS-04DS","barcode":null,"atum_controlled":true,"out_stock_date":null,"out_stock_threshold":null,"inheritable":false,"inbound_stock":null,"stock_on_hold":0,"sold_today":0,"sales_last_days":0,"reserved_stock":null,"customer_returns":null,"warehouse_damage":null,"lost_in_post":null,"other_logs":null,"out_stock_days":0,"lost_sales":0,"has_location":null,"update_date":"2026-04-27T07:21:33","atum_locations":[],"atum_stock_status":"instock","restock_status":false,"low_stock_amount":"","sales_update_date":"2026-02-06T00:02:30","calc_backorders":null,"_links":{"self":[{"href":"https:\/\/aromasentia.com\/de\/wp-json\/wp\/v2\/product\/237849","targetHints":{"allow":["GET"]}}],"collection":[{"href":"https:\/\/aromasentia.com\/de\/wp-json\/wp\/v2\/product"}],"about":[{"href":"https:\/\/aromasentia.com\/de\/wp-json\/wp\/v2\/types\/product"}],"replies":[{"embeddable":true,"href":"https:\/\/aromasentia.com\/de\/wp-json\/wp\/v2\/comments?post=237849"}],"version-history":[{"count":0,"href":"https:\/\/aromasentia.com\/de\/wp-json\/wp\/v2\/product\/237849\/revisions"}],"wp:featuredmedia":[{"embeddable":true,"href":"https:\/\/aromasentia.com\/de\/wp-json\/wp\/v2\/media\/298929"}],"wp:attachment":[{"href":"https:\/\/aromasentia.com\/de\/wp-json\/wp\/v2\/media?parent=237849"}],"wp:term":[{"taxonomy":"product_brand","embeddable":true,"href":"https:\/\/aromasentia.com\/de\/wp-json\/wp\/v2\/product_brand?post=237849"},{"taxonomy":"product_cat","embeddable":true,"href":"https:\/\/aromasentia.com\/de\/wp-json\/wp\/v2\/product_cat?post=237849"},{"taxonomy":"product_tag","embeddable":true,"href":"https:\/\/aromasentia.com\/de\/wp-json\/wp\/v2\/product_tag?post=237849"}],"curies":[{"name":"wp","href":"https:\/\/api.w.org\/{rel}","templated":true}]}}