{"id":237805,"date":"2025-03-20T17:53:14","date_gmt":"2025-03-20T17:53:14","guid":{"rendered":"https:\/\/aromasentia.com\/product\/lips-bathbomb-60g-raspberry-pomegranate\/"},"modified":"2025-12-30T20:27:07","modified_gmt":"2025-12-30T20:27:07","slug":"badebombe-lippen-60g","status":"publish","type":"product","link":"https:\/\/aromasentia.com\/de\/badebombe-lippen-60g\/","title":{"rendered":"Badebombe-Lippen 60g"},"content":{"rendered":"<p><span style=\"color: rgb(75, 80, 88);\">Wir stellen unsere au\u00dfergew\u00f6hnliche Kollektion <strong>geformter Badebomben<\/strong> vor, die das Baden f\u00fcr Kinder zu einem wahrhaft bezaubernden und intensiven Erlebnis machen! Jede Badebombe ist sorgf\u00e4ltig in bezaubernder Form gefertigt.&nbsp;<\/span><\/p>\n<p><span style=\"color: rgb(75, 80, 88);\">Verleihen Sie Ihrem Bad mit unseren <strong>lippenf\u00f6rmigen Badebomben<\/strong> einen Hauch von Glamour. Mit einem Gewicht von jeweils 60 Gramm verstr\u00f6men sie einen herrlichen <strong>Himbeer- und Granatapfelduft<\/strong>. Beim Aufl\u00f6sen der Badebombe entsteht ein faszinierendes Farbspiel und ein bezaubernder Duft, der Ihr Bad in ein luxuri\u00f6ses Spa-Erlebnis verwandelt.<\/span><\/p>\n<p><span style=\"color: rgb(75, 80, 88);\">Jede Badebombe unserer Kollektion wird sorgf\u00e4ltig hergestellt, um ein Sinneswunderland f\u00fcr Kinder zu schaffen. Sie erfreuen nicht nur die Sinne mit ihren faszinierenden Formen, sondern bieten auch ein verw\u00f6hnendes und schaumiges Badeerlebnis.<\/span><\/p>\n<p><span style=\"color: rgb(141, 186, 216);\"><strong>Einzeln eingeschwei\u00dft<\/strong><\/span><\/p>\n","protected":false},"excerpt":{"rendered":"<p>Wir stellen unsere au\u00dfergew\u00f6hnliche Kollektion geformter Badebomben vor, die das Baden f\u00fcr Kinder zu einem wahrhaft bezaubernden und intensiven Erlebnis machen! Jede Badebombe ist sorgf\u00e4ltig in bezaubernder Form gefertigt.&nbsp; Verleihen Sie Ihrem Bad mit unseren lippenf\u00f6rmigen Badebomben einen Hauch von Glamour. Mit einem Gewicht von jeweils 60 Gramm verstr\u00f6men sie einen herrlichen Himbeer- und Granatapfelduft. [&hellip;]<\/p>\n","protected":false},"featured_media":299210,"comment_status":"closed","ping_status":"open","template":"","meta":{"_angie_page":false},"product_brand":[],"product_cat":[19448,25841,26847,26474],"product_tag":[],"class_list":{"0":"post-237805","1":"product","2":"type-product","3":"status-publish","4":"has-post-thumbnail","6":"product_cat-bad-und-korper","7":"product_cat-dufte-aromen","8":"product_cat-fruchtig","9":"product_cat-granatapfel","10":"pa_collection-shaped-bath-bombs-for-kids-de","11":"pa_made-in-vereinigtes-koenigreich","12":"pa_size-60g","14":"first","15":"instock","16":"purchasable","17":"product-type-simple"},"supplier_id":null,"supplier_sku":"SKB-02","barcode":null,"atum_controlled":true,"out_stock_date":null,"out_stock_threshold":null,"inheritable":false,"inbound_stock":null,"stock_on_hold":0,"sold_today":0,"sales_last_days":0,"reserved_stock":null,"customer_returns":null,"warehouse_damage":null,"lost_in_post":null,"other_logs":null,"out_stock_days":0,"lost_sales":0,"has_location":null,"update_date":"2026-04-27T07:21:33","atum_locations":[],"atum_stock_status":"instock","restock_status":false,"low_stock_amount":"","sales_update_date":"2025-09-05T00:20:56","calc_backorders":null,"_links":{"self":[{"href":"https:\/\/aromasentia.com\/de\/wp-json\/wp\/v2\/product\/237805","targetHints":{"allow":["GET"]}}],"collection":[{"href":"https:\/\/aromasentia.com\/de\/wp-json\/wp\/v2\/product"}],"about":[{"href":"https:\/\/aromasentia.com\/de\/wp-json\/wp\/v2\/types\/product"}],"replies":[{"embeddable":true,"href":"https:\/\/aromasentia.com\/de\/wp-json\/wp\/v2\/comments?post=237805"}],"version-history":[{"count":0,"href":"https:\/\/aromasentia.com\/de\/wp-json\/wp\/v2\/product\/237805\/revisions"}],"wp:featuredmedia":[{"embeddable":true,"href":"https:\/\/aromasentia.com\/de\/wp-json\/wp\/v2\/media\/299210"}],"wp:attachment":[{"href":"https:\/\/aromasentia.com\/de\/wp-json\/wp\/v2\/media?parent=237805"}],"wp:term":[{"taxonomy":"product_brand","embeddable":true,"href":"https:\/\/aromasentia.com\/de\/wp-json\/wp\/v2\/product_brand?post=237805"},{"taxonomy":"product_cat","embeddable":true,"href":"https:\/\/aromasentia.com\/de\/wp-json\/wp\/v2\/product_cat?post=237805"},{"taxonomy":"product_tag","embeddable":true,"href":"https:\/\/aromasentia.com\/de\/wp-json\/wp\/v2\/product_tag?post=237805"}],"curies":[{"name":"wp","href":"https:\/\/api.w.org\/{rel}","templated":true}]}}