{"id":237773,"date":"2025-03-20T17:53:50","date_gmt":"2025-03-20T17:53:50","guid":{"rendered":"https:\/\/aromasentia.com\/product\/round-honey-marble-flat-soap-dish\/"},"modified":"2025-12-30T20:27:00","modified_gmt":"2025-12-30T20:27:00","slug":"runde-flache-seifenschale-aus-honigmarmor","status":"publish","type":"product","link":"https:\/\/aromasentia.com\/de\/runde-flache-seifenschale-aus-honigmarmor\/","title":{"rendered":"Runde, flache Seifenschale aus Honigmarmor"},"content":{"rendered":"<p>Eine sch\u00f6ne runde Seifenschale aus Honigmarmor erleichtert das Trocknen und die Aufbewahrung der Seife in gutem Zustand. Jedes St\u00fcck ist ein Unikat, das von den H\u00e4nden erfahrener Handwerker mit gro\u00dfer Sorgfalt hergestellt wird. Neben der Alltagstauglichkeit wird sie Ihren Kunden viele positive \u00e4sthetische Erfahrungen bescheren.<\/p>\n<p>NB: Jede Steinseifenschale ist ein Unikat; das Foto zeigt das Produkt in einer beispielhaften Farbgebung.<\/p>\n","protected":false},"excerpt":{"rendered":"<p>Eine sch\u00f6ne runde Seifenschale aus Honigmarmor erleichtert das Trocknen und die Aufbewahrung der Seife in gutem Zustand. Jedes St\u00fcck ist ein Unikat, das von den H\u00e4nden erfahrener Handwerker mit gro\u00dfer Sorgfalt hergestellt wird. Neben der Alltagstauglichkeit wird sie Ihren Kunden viele positive \u00e4sthetische Erfahrungen bescheren. NB: Jede Steinseifenschale ist ein Unikat; das Foto zeigt das [&hellip;]<\/p>\n","protected":false},"featured_media":299486,"comment_status":"closed","ping_status":"open","template":"","meta":{"_angie_page":false},"product_brand":[],"product_cat":[19448,20537],"product_tag":[],"class_list":{"0":"post-237773","1":"product","2":"type-product","3":"status-publish","4":"has-post-thumbnail","6":"product_cat-bad-und-korper","7":"product_cat-seifenschalen-und-seifenspender","8":"pa_collection-stone-soap-dishes-de","9":"pa_made-in-indonesien","11":"first","12":"instock","13":"purchasable","14":"product-type-simple"},"supplier_id":null,"supplier_sku":"SSD-06","barcode":null,"atum_controlled":true,"out_stock_date":null,"out_stock_threshold":null,"inheritable":false,"inbound_stock":null,"stock_on_hold":0,"sold_today":0,"sales_last_days":0,"reserved_stock":null,"customer_returns":null,"warehouse_damage":null,"lost_in_post":null,"other_logs":null,"out_stock_days":0,"lost_sales":0,"has_location":null,"update_date":"2026-05-08T05:20:16","atum_locations":[],"atum_stock_status":"instock","restock_status":false,"low_stock_amount":"","sales_update_date":"2026-01-30T01:25:02","calc_backorders":null,"_links":{"self":[{"href":"https:\/\/aromasentia.com\/de\/wp-json\/wp\/v2\/product\/237773","targetHints":{"allow":["GET"]}}],"collection":[{"href":"https:\/\/aromasentia.com\/de\/wp-json\/wp\/v2\/product"}],"about":[{"href":"https:\/\/aromasentia.com\/de\/wp-json\/wp\/v2\/types\/product"}],"replies":[{"embeddable":true,"href":"https:\/\/aromasentia.com\/de\/wp-json\/wp\/v2\/comments?post=237773"}],"version-history":[{"count":0,"href":"https:\/\/aromasentia.com\/de\/wp-json\/wp\/v2\/product\/237773\/revisions"}],"wp:featuredmedia":[{"embeddable":true,"href":"https:\/\/aromasentia.com\/de\/wp-json\/wp\/v2\/media\/299486"}],"wp:attachment":[{"href":"https:\/\/aromasentia.com\/de\/wp-json\/wp\/v2\/media?parent=237773"}],"wp:term":[{"taxonomy":"product_brand","embeddable":true,"href":"https:\/\/aromasentia.com\/de\/wp-json\/wp\/v2\/product_brand?post=237773"},{"taxonomy":"product_cat","embeddable":true,"href":"https:\/\/aromasentia.com\/de\/wp-json\/wp\/v2\/product_cat?post=237773"},{"taxonomy":"product_tag","embeddable":true,"href":"https:\/\/aromasentia.com\/de\/wp-json\/wp\/v2\/product_tag?post=237773"}],"curies":[{"name":"wp","href":"https:\/\/api.w.org\/{rel}","templated":true}]}}