{"id":237765,"date":"2025-03-20T17:53:50","date_gmt":"2025-03-20T17:53:50","guid":{"rendered":"https:\/\/aromasentia.com\/product\/natural-honey-onxy-soap-dish\/"},"modified":"2025-12-30T20:27:00","modified_gmt":"2025-12-30T20:27:00","slug":"natuerliche-honig-onyx-seifenschale","status":"publish","type":"product","link":"https:\/\/aromasentia.com\/de\/natuerliche-honig-onyx-seifenschale\/","title":{"rendered":"Nat\u00fcrliche Honig-Onyx-Seifenschale"},"content":{"rendered":"<p>Die Linie der Seifenschalen aus Stein ist eine R\u00fcckkehr zur Natur in Ihrem Interieur. Sie zeichnen sich vor allem durch das aus, was am wichtigsten ist: Nat\u00fcrlichkeit. Ein gutes Beispiel ist diese gelbe Onyx-Seifenschale, die von Hand gefertigt wird und eine ungew\u00f6hnliche Form hat.<\/p>\n<p>Jede Stein-Seifenschale ist ein Unikat, das Foto zeigt das Produkt in einer beispielhaften Farbgebung.<\/p>\n","protected":false},"excerpt":{"rendered":"<p>Die Linie der Seifenschalen aus Stein ist eine R\u00fcckkehr zur Natur in Ihrem Interieur. Sie zeichnen sich vor allem durch das aus, was am wichtigsten ist: Nat\u00fcrlichkeit. Ein gutes Beispiel ist diese gelbe Onyx-Seifenschale, die von Hand gefertigt wird und eine ungew\u00f6hnliche Form hat. Jede Stein-Seifenschale ist ein Unikat, das Foto zeigt das Produkt in [&hellip;]<\/p>\n","protected":false},"featured_media":299452,"comment_status":"closed","ping_status":"open","template":"","meta":{"_angie_page":false},"product_brand":[],"product_cat":[19448,20537],"product_tag":[],"class_list":{"0":"post-237765","1":"product","2":"type-product","3":"status-publish","4":"has-post-thumbnail","6":"product_cat-bad-und-korper","7":"product_cat-seifenschalen-und-seifenspender","8":"pa_collection-stone-soap-dishes-de","9":"pa_made-in-indonesien","11":"first","12":"instock","13":"purchasable","14":"product-type-simple"},"supplier_id":null,"supplier_sku":"SSD-04","barcode":null,"atum_controlled":true,"out_stock_date":null,"out_stock_threshold":null,"inheritable":false,"inbound_stock":null,"stock_on_hold":0,"sold_today":0,"sales_last_days":0,"reserved_stock":null,"customer_returns":null,"warehouse_damage":null,"lost_in_post":null,"other_logs":null,"out_stock_days":0,"lost_sales":0,"has_location":null,"update_date":"2026-05-08T05:20:16","atum_locations":[],"atum_stock_status":"instock","restock_status":false,"low_stock_amount":"","sales_update_date":"2026-01-30T01:26:09","calc_backorders":null,"_links":{"self":[{"href":"https:\/\/aromasentia.com\/de\/wp-json\/wp\/v2\/product\/237765","targetHints":{"allow":["GET"]}}],"collection":[{"href":"https:\/\/aromasentia.com\/de\/wp-json\/wp\/v2\/product"}],"about":[{"href":"https:\/\/aromasentia.com\/de\/wp-json\/wp\/v2\/types\/product"}],"replies":[{"embeddable":true,"href":"https:\/\/aromasentia.com\/de\/wp-json\/wp\/v2\/comments?post=237765"}],"version-history":[{"count":0,"href":"https:\/\/aromasentia.com\/de\/wp-json\/wp\/v2\/product\/237765\/revisions"}],"wp:featuredmedia":[{"embeddable":true,"href":"https:\/\/aromasentia.com\/de\/wp-json\/wp\/v2\/media\/299452"}],"wp:attachment":[{"href":"https:\/\/aromasentia.com\/de\/wp-json\/wp\/v2\/media?parent=237765"}],"wp:term":[{"taxonomy":"product_brand","embeddable":true,"href":"https:\/\/aromasentia.com\/de\/wp-json\/wp\/v2\/product_brand?post=237765"},{"taxonomy":"product_cat","embeddable":true,"href":"https:\/\/aromasentia.com\/de\/wp-json\/wp\/v2\/product_cat?post=237765"},{"taxonomy":"product_tag","embeddable":true,"href":"https:\/\/aromasentia.com\/de\/wp-json\/wp\/v2\/product_tag?post=237765"}],"curies":[{"name":"wp","href":"https:\/\/api.w.org\/{rel}","templated":true}]}}