{"id":237761,"date":"2025-03-20T17:54:08","date_gmt":"2025-03-20T17:54:08","guid":{"rendered":"https:\/\/aromasentia.com\/product\/riverstone-natural-soap-dish\/"},"modified":"2025-12-30T20:27:00","modified_gmt":"2025-12-30T20:27:00","slug":"riverstone-natuerliche-seifenschale","status":"publish","type":"product","link":"https:\/\/aromasentia.com\/de\/riverstone-natuerliche-seifenschale\/","title":{"rendered":"Riverstone Nat\u00fcrliche Seifenschale"},"content":{"rendered":"<p>Die Seifenschale ist aus Flussstein handgefertigt und hat rohe, unber\u00fchrte Kanten, was sie zu einem einzigartigen, authentischen Produkt macht. Die Schale ist poliert und hat L\u00f6cher, durch die das Wasser ablaufen kann. Sie passt in jedes Bad oder jede K\u00fcche.<\/p>\n<p>NB: Jedes Produkt ist ein Unikat mit einer einzigartigen Farbe&#8230; direkt aus der Natur.<\/p>\n","protected":false},"excerpt":{"rendered":"<p>Die Seifenschale ist aus Flussstein handgefertigt und hat rohe, unber\u00fchrte Kanten, was sie zu einem einzigartigen, authentischen Produkt macht. Die Schale ist poliert und hat L\u00f6cher, durch die das Wasser ablaufen kann. Sie passt in jedes Bad oder jede K\u00fcche. NB: Jedes Produkt ist ein Unikat mit einer einzigartigen Farbe&#8230; direkt aus der Natur.<\/p>\n","protected":false},"featured_media":299605,"comment_status":"closed","ping_status":"open","template":"","meta":{"_angie_page":false},"product_brand":[],"product_cat":[19448,20537],"product_tag":[],"class_list":{"0":"post-237761","1":"product","2":"type-product","3":"status-publish","4":"has-post-thumbnail","6":"product_cat-bad-und-korper","7":"product_cat-seifenschalen-und-seifenspender","8":"pa_collection-stone-soap-dishes-de","9":"pa_made-in-indonesien","11":"first","12":"instock","13":"purchasable","14":"product-type-simple"},"supplier_id":null,"supplier_sku":"SSD-13","barcode":null,"atum_controlled":true,"out_stock_date":null,"out_stock_threshold":null,"inheritable":false,"inbound_stock":null,"stock_on_hold":0,"sold_today":0,"sales_last_days":0,"reserved_stock":null,"customer_returns":null,"warehouse_damage":null,"lost_in_post":null,"other_logs":null,"out_stock_days":0,"lost_sales":0,"has_location":null,"update_date":"2026-05-08T05:20:16","atum_locations":[],"atum_stock_status":"instock","restock_status":false,"low_stock_amount":"","sales_update_date":"2026-01-30T01:25:46","calc_backorders":null,"_links":{"self":[{"href":"https:\/\/aromasentia.com\/de\/wp-json\/wp\/v2\/product\/237761","targetHints":{"allow":["GET"]}}],"collection":[{"href":"https:\/\/aromasentia.com\/de\/wp-json\/wp\/v2\/product"}],"about":[{"href":"https:\/\/aromasentia.com\/de\/wp-json\/wp\/v2\/types\/product"}],"replies":[{"embeddable":true,"href":"https:\/\/aromasentia.com\/de\/wp-json\/wp\/v2\/comments?post=237761"}],"version-history":[{"count":0,"href":"https:\/\/aromasentia.com\/de\/wp-json\/wp\/v2\/product\/237761\/revisions"}],"wp:featuredmedia":[{"embeddable":true,"href":"https:\/\/aromasentia.com\/de\/wp-json\/wp\/v2\/media\/299605"}],"wp:attachment":[{"href":"https:\/\/aromasentia.com\/de\/wp-json\/wp\/v2\/media?parent=237761"}],"wp:term":[{"taxonomy":"product_brand","embeddable":true,"href":"https:\/\/aromasentia.com\/de\/wp-json\/wp\/v2\/product_brand?post=237761"},{"taxonomy":"product_cat","embeddable":true,"href":"https:\/\/aromasentia.com\/de\/wp-json\/wp\/v2\/product_cat?post=237761"},{"taxonomy":"product_tag","embeddable":true,"href":"https:\/\/aromasentia.com\/de\/wp-json\/wp\/v2\/product_tag?post=237761"}],"curies":[{"name":"wp","href":"https:\/\/api.w.org\/{rel}","templated":true}]}}