{"id":237757,"date":"2025-03-20T17:54:08","date_gmt":"2025-03-20T17:54:08","guid":{"rendered":"https:\/\/aromasentia.com\/product\/classic-oval-black-marble-soap-dish\/"},"modified":"2025-12-30T20:27:00","modified_gmt":"2025-12-30T20:27:00","slug":"klassische-ovale-seifenschale-aus-schwarzem-marmor","status":"publish","type":"product","link":"https:\/\/aromasentia.com\/de\/klassische-ovale-seifenschale-aus-schwarzem-marmor\/","title":{"rendered":"Klassische ovale Seifenschale aus schwarzem Marmor"},"content":{"rendered":"<p>Sorgen Sie f\u00fcr Ihr Badezimmer und w\u00e4hlen Sie einzigartige Accessoires aus schwarzem Marmor. Die ovale Seifenschale erf\u00fcllt nicht nur die Funktion, die Seife zu trocknen, sondern setzt auch einen farblichen und stilistischen Akzent, der in diesem Raum oft vergessen wird.<\/p>\n<p>NB: Jede Seifenschale aus Stein ist ein Unikat; das Foto zeigt das Produkt in einer beispielhaften Farbgebung.<\/p>\n","protected":false},"excerpt":{"rendered":"<p>Sorgen Sie f\u00fcr Ihr Badezimmer und w\u00e4hlen Sie einzigartige Accessoires aus schwarzem Marmor. Die ovale Seifenschale erf\u00fcllt nicht nur die Funktion, die Seife zu trocknen, sondern setzt auch einen farblichen und stilistischen Akzent, der in diesem Raum oft vergessen wird. NB: Jede Seifenschale aus Stein ist ein Unikat; das Foto zeigt das Produkt in einer [&hellip;]<\/p>\n","protected":false},"featured_media":299588,"comment_status":"closed","ping_status":"open","template":"","meta":{"_angie_page":false},"product_brand":[],"product_cat":[19448,20537],"product_tag":[],"class_list":{"0":"post-237757","1":"product","2":"type-product","3":"status-publish","4":"has-post-thumbnail","6":"product_cat-bad-und-korper","7":"product_cat-seifenschalen-und-seifenspender","8":"pa_collection-stone-soap-dishes-de","9":"pa_made-in-indonesien","11":"first","12":"instock","13":"purchasable","14":"product-type-simple"},"supplier_id":null,"supplier_sku":"SSD-12","barcode":null,"atum_controlled":true,"out_stock_date":null,"out_stock_threshold":null,"inheritable":false,"inbound_stock":null,"stock_on_hold":0,"sold_today":0,"sales_last_days":0,"reserved_stock":null,"customer_returns":null,"warehouse_damage":null,"lost_in_post":null,"other_logs":null,"out_stock_days":0,"lost_sales":0,"has_location":null,"update_date":"2026-05-11T01:56:48","atum_locations":[],"atum_stock_status":"instock","restock_status":false,"low_stock_amount":"","sales_update_date":"2026-01-30T01:24:41","calc_backorders":null,"_links":{"self":[{"href":"https:\/\/aromasentia.com\/de\/wp-json\/wp\/v2\/product\/237757","targetHints":{"allow":["GET"]}}],"collection":[{"href":"https:\/\/aromasentia.com\/de\/wp-json\/wp\/v2\/product"}],"about":[{"href":"https:\/\/aromasentia.com\/de\/wp-json\/wp\/v2\/types\/product"}],"replies":[{"embeddable":true,"href":"https:\/\/aromasentia.com\/de\/wp-json\/wp\/v2\/comments?post=237757"}],"version-history":[{"count":0,"href":"https:\/\/aromasentia.com\/de\/wp-json\/wp\/v2\/product\/237757\/revisions"}],"wp:featuredmedia":[{"embeddable":true,"href":"https:\/\/aromasentia.com\/de\/wp-json\/wp\/v2\/media\/299588"}],"wp:attachment":[{"href":"https:\/\/aromasentia.com\/de\/wp-json\/wp\/v2\/media?parent=237757"}],"wp:term":[{"taxonomy":"product_brand","embeddable":true,"href":"https:\/\/aromasentia.com\/de\/wp-json\/wp\/v2\/product_brand?post=237757"},{"taxonomy":"product_cat","embeddable":true,"href":"https:\/\/aromasentia.com\/de\/wp-json\/wp\/v2\/product_cat?post=237757"},{"taxonomy":"product_tag","embeddable":true,"href":"https:\/\/aromasentia.com\/de\/wp-json\/wp\/v2\/product_tag?post=237757"}],"curies":[{"name":"wp","href":"https:\/\/api.w.org\/{rel}","templated":true}]}}