{"id":237749,"date":"2025-03-20T17:54:08","date_gmt":"2025-03-20T17:54:08","guid":{"rendered":"https:\/\/aromasentia.com\/product\/classic-oval-cream-marble-soap-dish\/"},"modified":"2025-12-30T20:26:53","modified_gmt":"2025-12-30T20:26:53","slug":"klassische-ovale-seifenschale-aus-cremefarbenem-marmor","status":"publish","type":"product","link":"https:\/\/aromasentia.com\/de\/klassische-ovale-seifenschale-aus-cremefarbenem-marmor\/","title":{"rendered":"Klassische ovale Seifenschale aus cremefarbenem Marmor"},"content":{"rendered":"<p>Seifenschale aus cremefarbenem Marmor in klassischer ovaler Form. Handgefertigt von indonesischen Kunsthandwerkern und daher in jeder Hinsicht einzigartig. Die Unterschiede in Form, Farbe, Farbton und Struktur unterstreichen die Individualit\u00e4t dieser Seifenschale.<\/p>\n<p>Sie verl\u00e4ngert die Lebensdauer der Seife und ist hygienisch &#8211; Wasser kann durch die L\u00f6cher ablaufen.<\/p>\n<p>NB: Jeder Stein ist ein Unikat; das Foto zeigt das Produkt in einer beispielhaften Farbgebung.<\/p>\n<p>\n","protected":false},"excerpt":{"rendered":"<p>Seifenschale aus cremefarbenem Marmor in klassischer ovaler Form. Handgefertigt von indonesischen Kunsthandwerkern und daher in jeder Hinsicht einzigartig. Die Unterschiede in Form, Farbe, Farbton und Struktur unterstreichen die Individualit\u00e4t dieser Seifenschale. Sie verl\u00e4ngert die Lebensdauer der Seife und ist hygienisch &#8211; Wasser kann durch die L\u00f6cher ablaufen. NB: Jeder Stein ist ein Unikat; das Foto [&hellip;]<\/p>\n","protected":false},"featured_media":299554,"comment_status":"closed","ping_status":"open","template":"","meta":{"_angie_page":false},"product_brand":[],"product_cat":[19448,20537],"product_tag":[],"class_list":{"0":"post-237749","1":"product","2":"type-product","3":"status-publish","4":"has-post-thumbnail","6":"product_cat-bad-und-korper","7":"product_cat-seifenschalen-und-seifenspender","8":"pa_collection-stone-soap-dishes-de","9":"pa_made-in-indonesien","11":"first","12":"instock","13":"purchasable","14":"product-type-simple"},"supplier_id":null,"supplier_sku":"SSD-10","barcode":null,"atum_controlled":true,"out_stock_date":null,"out_stock_threshold":null,"inheritable":false,"inbound_stock":null,"stock_on_hold":0,"sold_today":0,"sales_last_days":0,"reserved_stock":null,"customer_returns":null,"warehouse_damage":null,"lost_in_post":null,"other_logs":null,"out_stock_days":0,"lost_sales":0,"has_location":null,"update_date":"2026-05-08T05:20:16","atum_locations":[],"atum_stock_status":"instock","restock_status":false,"low_stock_amount":"","sales_update_date":"2026-01-30T01:24:49","calc_backorders":null,"_links":{"self":[{"href":"https:\/\/aromasentia.com\/de\/wp-json\/wp\/v2\/product\/237749","targetHints":{"allow":["GET"]}}],"collection":[{"href":"https:\/\/aromasentia.com\/de\/wp-json\/wp\/v2\/product"}],"about":[{"href":"https:\/\/aromasentia.com\/de\/wp-json\/wp\/v2\/types\/product"}],"replies":[{"embeddable":true,"href":"https:\/\/aromasentia.com\/de\/wp-json\/wp\/v2\/comments?post=237749"}],"version-history":[{"count":0,"href":"https:\/\/aromasentia.com\/de\/wp-json\/wp\/v2\/product\/237749\/revisions"}],"wp:featuredmedia":[{"embeddable":true,"href":"https:\/\/aromasentia.com\/de\/wp-json\/wp\/v2\/media\/299554"}],"wp:attachment":[{"href":"https:\/\/aromasentia.com\/de\/wp-json\/wp\/v2\/media?parent=237749"}],"wp:term":[{"taxonomy":"product_brand","embeddable":true,"href":"https:\/\/aromasentia.com\/de\/wp-json\/wp\/v2\/product_brand?post=237749"},{"taxonomy":"product_cat","embeddable":true,"href":"https:\/\/aromasentia.com\/de\/wp-json\/wp\/v2\/product_cat?post=237749"},{"taxonomy":"product_tag","embeddable":true,"href":"https:\/\/aromasentia.com\/de\/wp-json\/wp\/v2\/product_tag?post=237749"}],"curies":[{"name":"wp","href":"https:\/\/api.w.org\/{rel}","templated":true}]}}