{"id":237729,"date":"2025-03-20T17:54:28","date_gmt":"2025-03-20T17:54:28","guid":{"rendered":"https:\/\/aromasentia.com\/product\/petrified-wood-brown-soap-dish\/"},"modified":"2025-12-30T20:26:53","modified_gmt":"2025-12-30T20:26:53","slug":"braune-seifenschale-aus-versteinertem-holz","status":"publish","type":"product","link":"https:\/\/aromasentia.com\/de\/braune-seifenschale-aus-versteinertem-holz\/","title":{"rendered":"Braune Seifenschale aus versteinertem Holz"},"content":{"rendered":"<p>Seifenschale aus versteinertem Holz. Die Farbe des versteinerten Holzes ergibt sich nicht aus der Baumart oder der Farbe des Holzes einer lebenden Pflanze, sondern ist auf das Vorhandensein von Mineralien zur\u00fcckzuf\u00fchren, die in die Kiesels\u00e4ure eingedrungen sind und die Tr\u00fcmmer mineralisiert haben. Der obere Teil dieser Seifenschale wurde glatt poliert, die Kanten sind roh belassen.<\/p>\n<p>NB: Jede Steinseifenschale ist ein Unikat; das Foto zeigt das Produkt in einer beispielhaften Farbgebung.<\/p>\n","protected":false},"excerpt":{"rendered":"<p>Seifenschale aus versteinertem Holz. Die Farbe des versteinerten Holzes ergibt sich nicht aus der Baumart oder der Farbe des Holzes einer lebenden Pflanze, sondern ist auf das Vorhandensein von Mineralien zur\u00fcckzuf\u00fchren, die in die Kiesels\u00e4ure eingedrungen sind und die Tr\u00fcmmer mineralisiert haben. Der obere Teil dieser Seifenschale wurde glatt poliert, die Kanten sind roh belassen. [&hellip;]<\/p>\n","protected":false},"featured_media":299655,"comment_status":"closed","ping_status":"open","template":"","meta":{"_angie_page":false},"product_brand":[],"product_cat":[19448,25223,20537,25715],"product_tag":[],"class_list":{"0":"post-237729","1":"product","2":"type-product","3":"status-publish","4":"has-post-thumbnail","6":"product_cat-bad-und-korper","7":"product_cat-edelsteine-mineralien","8":"product_cat-seifenschalen-und-seifenspender","9":"product_cat-versteinertes-holz","10":"pa_collection-stone-soap-dishes-de","11":"pa_made-in-indonesien","13":"first","14":"instock","15":"purchasable","16":"product-type-simple"},"supplier_id":null,"supplier_sku":"SSD-15","barcode":null,"atum_controlled":true,"out_stock_date":null,"out_stock_threshold":null,"inheritable":false,"inbound_stock":null,"stock_on_hold":0,"sold_today":0,"sales_last_days":0,"reserved_stock":null,"customer_returns":null,"warehouse_damage":null,"lost_in_post":null,"other_logs":null,"out_stock_days":0,"lost_sales":0,"has_location":null,"update_date":"2026-05-04T00:04:59","atum_locations":[],"atum_stock_status":"instock","restock_status":false,"low_stock_amount":"","sales_update_date":"2026-02-06T00:01:57","calc_backorders":null,"_links":{"self":[{"href":"https:\/\/aromasentia.com\/de\/wp-json\/wp\/v2\/product\/237729","targetHints":{"allow":["GET"]}}],"collection":[{"href":"https:\/\/aromasentia.com\/de\/wp-json\/wp\/v2\/product"}],"about":[{"href":"https:\/\/aromasentia.com\/de\/wp-json\/wp\/v2\/types\/product"}],"replies":[{"embeddable":true,"href":"https:\/\/aromasentia.com\/de\/wp-json\/wp\/v2\/comments?post=237729"}],"version-history":[{"count":0,"href":"https:\/\/aromasentia.com\/de\/wp-json\/wp\/v2\/product\/237729\/revisions"}],"wp:featuredmedia":[{"embeddable":true,"href":"https:\/\/aromasentia.com\/de\/wp-json\/wp\/v2\/media\/299655"}],"wp:attachment":[{"href":"https:\/\/aromasentia.com\/de\/wp-json\/wp\/v2\/media?parent=237729"}],"wp:term":[{"taxonomy":"product_brand","embeddable":true,"href":"https:\/\/aromasentia.com\/de\/wp-json\/wp\/v2\/product_brand?post=237729"},{"taxonomy":"product_cat","embeddable":true,"href":"https:\/\/aromasentia.com\/de\/wp-json\/wp\/v2\/product_cat?post=237729"},{"taxonomy":"product_tag","embeddable":true,"href":"https:\/\/aromasentia.com\/de\/wp-json\/wp\/v2\/product_tag?post=237729"}],"curies":[{"name":"wp","href":"https:\/\/api.w.org\/{rel}","templated":true}]}}