{"id":237717,"date":"2025-03-20T17:55:01","date_gmt":"2025-03-20T17:55:01","guid":{"rendered":"https:\/\/aromasentia.com\/product\/wild-hare-salt-flowers-set-total-detox\/"},"modified":"2025-12-30T20:26:53","modified_gmt":"2025-12-30T20:26:53","slug":"wild-hare-salt-flowers-set-total-detox","status":"publish","type":"product","link":"https:\/\/aromasentia.com\/de\/wild-hare-salt-flowers-set-total-detox\/","title":{"rendered":"Wild Hare Salt &#038; Flowers Set- Total Detox"},"content":{"rendered":"<p><span style=\"color: rgb(75, 80, 88);\">Entdecken Sie das fantastische, fertige Spa-Geschenkset \u2013 Total Detox<span style=\"color: rgb(75, 80, 88);\">mit Badesalz und Blumen. Lassen Sie Ihre Kunden jeden Abend mit den Wild Hare Salz- und Blumensets eine kleine SPA-Oase schaffen.<\/span><\/p>\n<p><span style=\"color: rgb(75, 80, 88);\">Ein gew\u00f6hnliches Bad wird zu einem au\u00dfergew\u00f6hnlichen Ritual f\u00fcr K\u00f6rper und Seele. In eleganten Geschenkboxen finden Sie farblich abgestimmte Badesalze, Seifenrosen und Sonnenblumen.<\/span><\/p>\n<p><span style=\"color: rgb(75, 80, 88);\">Die Kombination aus nat\u00fcrlichem Salz und \u00e4therischen \u00d6len sorgt f\u00fcr ein au\u00dfergew\u00f6hnliches aromatherapeutisches Erlebnis. Einzigartige Aromamischungen wirken anregend, entspannend, entgiftend oder w\u00e4rmend. Luxuri\u00f6se Seifenbl\u00fctenbl\u00e4tter, die zart in warmem Wasser schmelzen, runden das Ganze ab.&nbsp;<\/span><\/p>\n<p><span style=\"color: rgb(75, 80, 88);\"><strong>Wild Hare Salz- und Blumen-Sets sind fertige, leicht zu verkaufende Produkte f\u00fcr jeden Geschenkladen<\/strong>. Geeignet f\u00fcr viele Anl\u00e4sse wie Geburtstage, Feiertage und Jubil\u00e4en. Sch\u00f6n und praktisch, k\u00f6nnte Ihr Bestseller werden!&nbsp;<\/span><\/p>\n<p><span style=\"color: rgb(75, 80, 88);\">Vielleicht gef\u00e4llt Ihnen auch das tolle Self-Care Kit.&nbsp;<\/span><\/p>\n<p><span style=\"color: rgb(141, 186, 216);\"><strong>Erweitern Sie jetzt Ihr Angebot und bieten Sie Ihren Kunden dieses sch\u00f6ne Geschenkbox-Set.<\/strong><\/span><\/p>\n","protected":false},"excerpt":{"rendered":"<p>Entdecken Sie das fantastische, fertige Spa-Geschenkset \u2013 Total Detoxmit Badesalz und Blumen. Lassen Sie Ihre Kunden jeden Abend mit den Wild Hare Salz- und Blumensets eine kleine SPA-Oase schaffen. Ein gew\u00f6hnliches Bad wird zu einem au\u00dfergew\u00f6hnlichen Ritual f\u00fcr K\u00f6rper und Seele. In eleganten Geschenkboxen finden Sie farblich abgestimmte Badesalze, Seifenrosen und Sonnenblumen. Die Kombination aus [&hellip;]<\/p>\n","protected":false},"featured_media":299854,"comment_status":"closed","ping_status":"open","template":"","meta":{"_angie_page":false},"product_brand":[27160],"product_cat":[19448,20683,20512],"product_tag":[],"class_list":{"0":"post-237717","1":"product","2":"type-product","3":"status-publish","4":"has-post-thumbnail","6":"product_brand-wild-hare","7":"product_cat-bad-und-korper","8":"product_cat-badekristalle-und-badesalze","9":"product_cat-geschenksets","10":"pa_collection-wild-hare-salt-flowers-set-de","11":"pa_made-in-vereinigtes-koenigreich","13":"first","14":"instock","15":"purchasable","16":"product-type-simple"},"supplier_id":null,"supplier_sku":"SSSet-02","barcode":null,"atum_controlled":true,"out_stock_date":null,"out_stock_threshold":null,"inheritable":false,"inbound_stock":null,"stock_on_hold":0,"sold_today":0,"sales_last_days":0,"reserved_stock":null,"customer_returns":null,"warehouse_damage":null,"lost_in_post":null,"other_logs":null,"out_stock_days":0,"lost_sales":0,"has_location":null,"update_date":"2026-04-27T07:23:19","atum_locations":[],"atum_stock_status":"instock","restock_status":false,"low_stock_amount":"","sales_update_date":"2025-09-05T00:21:08","calc_backorders":null,"_links":{"self":[{"href":"https:\/\/aromasentia.com\/de\/wp-json\/wp\/v2\/product\/237717","targetHints":{"allow":["GET"]}}],"collection":[{"href":"https:\/\/aromasentia.com\/de\/wp-json\/wp\/v2\/product"}],"about":[{"href":"https:\/\/aromasentia.com\/de\/wp-json\/wp\/v2\/types\/product"}],"replies":[{"embeddable":true,"href":"https:\/\/aromasentia.com\/de\/wp-json\/wp\/v2\/comments?post=237717"}],"version-history":[{"count":0,"href":"https:\/\/aromasentia.com\/de\/wp-json\/wp\/v2\/product\/237717\/revisions"}],"wp:featuredmedia":[{"embeddable":true,"href":"https:\/\/aromasentia.com\/de\/wp-json\/wp\/v2\/media\/299854"}],"wp:attachment":[{"href":"https:\/\/aromasentia.com\/de\/wp-json\/wp\/v2\/media?parent=237717"}],"wp:term":[{"taxonomy":"product_brand","embeddable":true,"href":"https:\/\/aromasentia.com\/de\/wp-json\/wp\/v2\/product_brand?post=237717"},{"taxonomy":"product_cat","embeddable":true,"href":"https:\/\/aromasentia.com\/de\/wp-json\/wp\/v2\/product_cat?post=237717"},{"taxonomy":"product_tag","embeddable":true,"href":"https:\/\/aromasentia.com\/de\/wp-json\/wp\/v2\/product_tag?post=237717"}],"curies":[{"name":"wp","href":"https:\/\/api.w.org\/{rel}","templated":true}]}}