{"id":237709,"date":"2025-03-20T17:55:01","date_gmt":"2025-03-20T17:55:01","guid":{"rendered":"https:\/\/aromasentia.com\/product\/soapstone-soap-dish-drainer-11x8cm-classic-oval\/"},"modified":"2025-12-30T20:26:46","modified_gmt":"2025-12-30T20:26:46","slug":"seifenschale-und-abtropfgestell-aus-speckstein-11-x-8-cm-klassisch-oval","status":"publish","type":"product","link":"https:\/\/aromasentia.com\/de\/seifenschale-und-abtropfgestell-aus-speckstein-11-x-8-cm-klassisch-oval\/","title":{"rendered":"Seifenschale und Abtropfgestell aus Speckstein, 11 x 8 cm, klassisch oval"},"content":{"rendered":"<p><span style=\"color: rgb(75, 80, 88);\">Diese seltene und wundersch\u00f6ne Seifenschale aus Stein \u2013 Speckstein-Seifenschale &#038; Abtropffl\u00e4che 11 x 8 cm \u2013 Klassisch Oval \u2013 ist eine einzigartige Erg\u00e4nzung f\u00fcr das Badezimmer Ihrer Kunden. Sie wird Ihren Kunden jahrelang gute Dienste leisten. Eine einzigartige Kollektion aus edlen Materialien, in klassischen oder ausgefalleneren Formen. Seifenschalen aus Stein sehen besonders und edel aus und sind nat\u00fcrlich funktional.<\/span><\/p>\n<p><span style=\"color: rgb(75, 80, 88);\">Geeignet f\u00fcr Menschen, die au\u00dfergew\u00f6hnliche Dinge mit Seele suchen. Mit gr\u00f6\u00dfter Sorgfalt in Indonesien handgefertigt, einzigartig, ein Unikat.<\/span><\/p>\n<p><span style=\"color: rgb(75, 80, 88);\">BITTE BEACHTEN: Farben und Formen k\u00f6nnen variieren, da jedes St\u00fcck aus Naturstein gefertigt wurde.<\/span><\/p>\n","protected":false},"excerpt":{"rendered":"<p>Diese seltene und wundersch\u00f6ne Seifenschale aus Stein \u2013 Speckstein-Seifenschale &#038; Abtropffl\u00e4che 11 x 8 cm \u2013 Klassisch Oval \u2013 ist eine einzigartige Erg\u00e4nzung f\u00fcr das Badezimmer Ihrer Kunden. Sie wird Ihren Kunden jahrelang gute Dienste leisten. Eine einzigartige Kollektion aus edlen Materialien, in klassischen oder ausgefalleneren Formen. Seifenschalen aus Stein sehen besonders und edel aus [&hellip;]<\/p>\n","protected":false},"featured_media":299812,"comment_status":"closed","ping_status":"open","template":"","meta":{"_angie_page":false},"product_brand":[],"product_cat":[19448,20537],"product_tag":[],"class_list":{"0":"post-237709","1":"product","2":"type-product","3":"status-publish","4":"has-post-thumbnail","6":"product_cat-bad-und-korper","7":"product_cat-seifenschalen-und-seifenspender","8":"pa_collection-stone-soap-dishes-de","9":"pa_made-in-indien","11":"first","12":"instock","13":"purchasable","14":"product-type-simple"},"supplier_id":null,"supplier_sku":"SSD-20","barcode":null,"atum_controlled":true,"out_stock_date":null,"out_stock_threshold":null,"inheritable":false,"inbound_stock":null,"stock_on_hold":0,"sold_today":0,"sales_last_days":0,"reserved_stock":null,"customer_returns":null,"warehouse_damage":null,"lost_in_post":null,"other_logs":null,"out_stock_days":0,"lost_sales":0,"has_location":null,"update_date":"2026-04-27T07:23:15","atum_locations":[],"atum_stock_status":"instock","restock_status":false,"low_stock_amount":"","sales_update_date":"2025-09-05T00:21:08","calc_backorders":null,"_links":{"self":[{"href":"https:\/\/aromasentia.com\/de\/wp-json\/wp\/v2\/product\/237709","targetHints":{"allow":["GET"]}}],"collection":[{"href":"https:\/\/aromasentia.com\/de\/wp-json\/wp\/v2\/product"}],"about":[{"href":"https:\/\/aromasentia.com\/de\/wp-json\/wp\/v2\/types\/product"}],"replies":[{"embeddable":true,"href":"https:\/\/aromasentia.com\/de\/wp-json\/wp\/v2\/comments?post=237709"}],"version-history":[{"count":0,"href":"https:\/\/aromasentia.com\/de\/wp-json\/wp\/v2\/product\/237709\/revisions"}],"wp:featuredmedia":[{"embeddable":true,"href":"https:\/\/aromasentia.com\/de\/wp-json\/wp\/v2\/media\/299812"}],"wp:attachment":[{"href":"https:\/\/aromasentia.com\/de\/wp-json\/wp\/v2\/media?parent=237709"}],"wp:term":[{"taxonomy":"product_brand","embeddable":true,"href":"https:\/\/aromasentia.com\/de\/wp-json\/wp\/v2\/product_brand?post=237709"},{"taxonomy":"product_cat","embeddable":true,"href":"https:\/\/aromasentia.com\/de\/wp-json\/wp\/v2\/product_cat?post=237709"},{"taxonomy":"product_tag","embeddable":true,"href":"https:\/\/aromasentia.com\/de\/wp-json\/wp\/v2\/product_tag?post=237709"}],"curies":[{"name":"wp","href":"https:\/\/api.w.org\/{rel}","templated":true}]}}