{"id":237645,"date":"2025-03-20T17:56:14","date_gmt":"2025-03-20T17:56:14","guid":{"rendered":"https:\/\/aromasentia.com\/product\/tropical-paradise-coco-bath-bombs-watermelon\/"},"modified":"2025-12-30T20:26:39","modified_gmt":"2025-12-30T20:26:39","slug":"tropical-paradise-coco-bath-bombs-watermelon","status":"publish","type":"product","link":"https:\/\/aromasentia.com\/de\/tropical-paradise-coco-bath-bombs-watermelon\/","title":{"rendered":"Tropical Paradise Coco Bath Bombs &#8211; Watermelon"},"content":{"rendered":"<p>Ein unglaublicher Duft von <strong>Tropical Paradise Coco Badebomben \u2013 Wassermelone<\/strong> mit ihrem s\u00fc\u00dfen, frischen und fruchtigen tropischen Aroma.<\/p>\n<p>Jede Bombe wiegt satte 180 Gramm und enth\u00e4lt eine gro\u00dfz\u00fcgige Portion Kokosnussbutter f\u00fcr ein geschmeidigeres Hautgef\u00fchl sowie bunte Seifenpeelings, die f\u00fcr seidigen Schaum sorgen und den K\u00f6rper reinigen, w\u00e4hrend Sie ein tropisches Badeerlebnis genie\u00dfen.<\/p>\n<p><span style=\"color: rgb(141, 186, 216);\"><strong>Beim Kauf von jeweils drei Badebomben der gleichen Gr\u00f6\u00dfe aus einem beliebigen Sortiment erhalten Sie die Bestellung in einer kostenlosen Geschenkbox aus Karton im Naturstil. &nbsp;Eine farbige Zutatenliste ist enthalten.<\/strong><\/span><\/p>\n","protected":false},"excerpt":{"rendered":"<p>Ein unglaublicher Duft von Tropical Paradise Coco Badebomben \u2013 Wassermelone mit ihrem s\u00fc\u00dfen, frischen und fruchtigen tropischen Aroma. Jede Bombe wiegt satte 180 Gramm und enth\u00e4lt eine gro\u00dfz\u00fcgige Portion Kokosnussbutter f\u00fcr ein geschmeidigeres Hautgef\u00fchl sowie bunte Seifenpeelings, die f\u00fcr seidigen Schaum sorgen und den K\u00f6rper reinigen, w\u00e4hrend Sie ein tropisches Badeerlebnis genie\u00dfen. Beim Kauf von [&hellip;]<\/p>\n","protected":false},"featured_media":300114,"comment_status":"closed","ping_status":"open","template":"","meta":{"_angie_page":false},"product_brand":[],"product_cat":[19448,20511,25841,26847,26476],"product_tag":[],"class_list":{"0":"post-237645","1":"product","2":"type-product","3":"status-publish","4":"has-post-thumbnail","6":"product_cat-bad-und-korper","7":"product_cat-badebomben-badekugeln","8":"product_cat-dufte-aromen","9":"product_cat-fruchtig","10":"product_cat-wassermelone","11":"pa_collection-tropical-paradise-coco-bath-bombs-180g-de","12":"pa_made-in-vereinigtes-koenigreich","14":"first","15":"instock","16":"purchasable","17":"product-type-simple"},"supplier_id":null,"supplier_sku":"TPCB-01DS","barcode":null,"atum_controlled":true,"out_stock_date":null,"out_stock_threshold":null,"inheritable":false,"inbound_stock":null,"stock_on_hold":0,"sold_today":0,"sales_last_days":0,"reserved_stock":null,"customer_returns":null,"warehouse_damage":null,"lost_in_post":null,"other_logs":null,"out_stock_days":0,"lost_sales":0,"has_location":null,"update_date":"2026-04-27T07:25:10","atum_locations":[],"atum_stock_status":"instock","restock_status":false,"low_stock_amount":"","sales_update_date":"2026-01-30T01:24:49","calc_backorders":null,"_links":{"self":[{"href":"https:\/\/aromasentia.com\/de\/wp-json\/wp\/v2\/product\/237645","targetHints":{"allow":["GET"]}}],"collection":[{"href":"https:\/\/aromasentia.com\/de\/wp-json\/wp\/v2\/product"}],"about":[{"href":"https:\/\/aromasentia.com\/de\/wp-json\/wp\/v2\/types\/product"}],"replies":[{"embeddable":true,"href":"https:\/\/aromasentia.com\/de\/wp-json\/wp\/v2\/comments?post=237645"}],"version-history":[{"count":0,"href":"https:\/\/aromasentia.com\/de\/wp-json\/wp\/v2\/product\/237645\/revisions"}],"wp:featuredmedia":[{"embeddable":true,"href":"https:\/\/aromasentia.com\/de\/wp-json\/wp\/v2\/media\/300114"}],"wp:attachment":[{"href":"https:\/\/aromasentia.com\/de\/wp-json\/wp\/v2\/media?parent=237645"}],"wp:term":[{"taxonomy":"product_brand","embeddable":true,"href":"https:\/\/aromasentia.com\/de\/wp-json\/wp\/v2\/product_brand?post=237645"},{"taxonomy":"product_cat","embeddable":true,"href":"https:\/\/aromasentia.com\/de\/wp-json\/wp\/v2\/product_cat?post=237645"},{"taxonomy":"product_tag","embeddable":true,"href":"https:\/\/aromasentia.com\/de\/wp-json\/wp\/v2\/product_tag?post=237645"}],"curies":[{"name":"wp","href":"https:\/\/api.w.org\/{rel}","templated":true}]}}