{"id":237637,"date":"2025-03-20T17:56:45","date_gmt":"2025-03-20T17:56:45","guid":{"rendered":"https:\/\/aromasentia.com\/product\/tropical-paradise-soap-loaf-watermelon\/"},"modified":"2025-12-30T20:26:39","modified_gmt":"2025-12-30T20:26:39","slug":"tropische-paradiesseifen-wassermelone","status":"publish","type":"product","link":"https:\/\/aromasentia.com\/de\/tropische-paradiesseifen-wassermelone\/","title":{"rendered":"Tropische Paradiesseifen &#8211;  Wassermelone"},"content":{"rendered":"<p>Ein wunderbar handgefertigtes Seifenst\u00fcck mit herrlichem Wassermelonenduft und Mohnsamen, die abgestorbene Hautzellen entfernen und f\u00fcr ein glattes, gl\u00e4nzendes Aussehen sorgen!<\/p>\n<p>Die Seifenst\u00fccke sind in Schrumpffolie verpackt und mit einem Etikett mit Produktinformationen versehen, das Sie an Ihre Kunden weitergeben m\u00fcssen. Bei Fragen zu den Etikettanforderungen wenden Sie sich bitte an Ihre \u00f6rtliche Handelsaufsichtsbeh\u00f6rde.<\/p>\n<p>Ihr K\u00f6rper und Ihre Seele werden gepflegt und mit Feuchtigkeit versorgt. Mit diesen exotischen Seifenst\u00fccken erleben Sie eine neue Reinigungskraft.<strong>&nbsp;Das Einzige, was hier fehlt, ist ein tropischer Cocktail mit Papierschirmchen!<\/strong><\/p>\n<p><\/p>\n","protected":false},"excerpt":{"rendered":"<p>Ein wunderbar handgefertigtes Seifenst\u00fcck mit herrlichem Wassermelonenduft und Mohnsamen, die abgestorbene Hautzellen entfernen und f\u00fcr ein glattes, gl\u00e4nzendes Aussehen sorgen! Die Seifenst\u00fccke sind in Schrumpffolie verpackt und mit einem Etikett mit Produktinformationen versehen, das Sie an Ihre Kunden weitergeben m\u00fcssen. Bei Fragen zu den Etikettanforderungen wenden Sie sich bitte an Ihre \u00f6rtliche Handelsaufsichtsbeh\u00f6rde. Ihr K\u00f6rper [&hellip;]<\/p>\n","protected":false},"featured_media":300362,"comment_status":"closed","ping_status":"open","template":"","meta":{"_angie_page":false},"product_brand":[],"product_cat":[19448,25841,26847,20589,26476],"product_tag":[],"class_list":{"0":"post-237637","1":"product","2":"type-product","3":"status-publish","4":"has-post-thumbnail","6":"product_cat-bad-und-korper","7":"product_cat-dufte-aromen","8":"product_cat-fruchtig","9":"product_cat-okologische-seifen","10":"product_cat-wassermelone","11":"pa_collection-tropical-paradise-soap-loaves-1-3kg-and-slices-de","12":"pa_made-in-vereinigtes-koenigreich","14":"first","15":"instock","16":"purchasable","17":"product-type-simple"},"supplier_id":null,"supplier_sku":"TPSoap-01","barcode":null,"atum_controlled":true,"out_stock_date":null,"out_stock_threshold":null,"inheritable":false,"inbound_stock":null,"stock_on_hold":0,"sold_today":0,"sales_last_days":0,"reserved_stock":null,"customer_returns":null,"warehouse_damage":null,"lost_in_post":null,"other_logs":null,"out_stock_days":0,"lost_sales":0,"has_location":null,"update_date":"2026-04-27T07:25:15","atum_locations":[],"atum_stock_status":"instock","restock_status":false,"low_stock_amount":"","sales_update_date":"2026-01-30T01:24:57","calc_backorders":null,"_links":{"self":[{"href":"https:\/\/aromasentia.com\/de\/wp-json\/wp\/v2\/product\/237637","targetHints":{"allow":["GET"]}}],"collection":[{"href":"https:\/\/aromasentia.com\/de\/wp-json\/wp\/v2\/product"}],"about":[{"href":"https:\/\/aromasentia.com\/de\/wp-json\/wp\/v2\/types\/product"}],"replies":[{"embeddable":true,"href":"https:\/\/aromasentia.com\/de\/wp-json\/wp\/v2\/comments?post=237637"}],"version-history":[{"count":0,"href":"https:\/\/aromasentia.com\/de\/wp-json\/wp\/v2\/product\/237637\/revisions"}],"wp:featuredmedia":[{"embeddable":true,"href":"https:\/\/aromasentia.com\/de\/wp-json\/wp\/v2\/media\/300362"}],"wp:attachment":[{"href":"https:\/\/aromasentia.com\/de\/wp-json\/wp\/v2\/media?parent=237637"}],"wp:term":[{"taxonomy":"product_brand","embeddable":true,"href":"https:\/\/aromasentia.com\/de\/wp-json\/wp\/v2\/product_brand?post=237637"},{"taxonomy":"product_cat","embeddable":true,"href":"https:\/\/aromasentia.com\/de\/wp-json\/wp\/v2\/product_cat?post=237637"},{"taxonomy":"product_tag","embeddable":true,"href":"https:\/\/aromasentia.com\/de\/wp-json\/wp\/v2\/product_tag?post=237637"}],"curies":[{"name":"wp","href":"https:\/\/api.w.org\/{rel}","templated":true}]}}