{"id":237629,"date":"2025-03-20T17:56:45","date_gmt":"2025-03-20T17:56:45","guid":{"rendered":"https:\/\/aromasentia.com\/product\/tropical-paradise-coco-bath-bombs-strawberry\/"},"modified":"2025-12-30T20:26:32","modified_gmt":"2025-12-30T20:26:32","slug":"tropical-paradise-coco-bath-bombs-strawberry","status":"publish","type":"product","link":"https:\/\/aromasentia.com\/de\/tropical-paradise-coco-bath-bombs-strawberry\/","title":{"rendered":"Tropical Paradise Coco Bath Bombs &#8211; Strawberry"},"content":{"rendered":"<p>Ein unglaublicher Duft von <strong>Tropical Paradise Coco Badebomben \u2013 Erdbeere<\/strong> mit ihrem s\u00fc\u00dfen, frischen und fruchtigen tropischen Aroma.<\/p>\n<p>Okay, wir wissen, dass Erdbeeren nicht wirklich eine tropische Frucht sind, aber sie sind so s\u00fc\u00df und k\u00f6stlich fruchtig, mit ihrem unverwechselbaren fruchtig-gr\u00fcnen Duft mit einer blumigen Note, dass sie den Ehrentitel \u201eTropenfrucht\u201c verdienen.<\/p>\n<p>Jede Bombe wiegt satte 180 Gramm und enth\u00e4lt eine gro\u00dfz\u00fcgige Portion Kokosbutter f\u00fcr ein geschmeidigeres Hautgef\u00fchl sowie bunte Seifenpeelings, die f\u00fcr seidigen Schaum sorgen und den K\u00f6rper reinigen, w\u00e4hrend Sie ein tropisches Badeerlebnis genie\u00dfen.<\/p>\n<p><span style=\"color: rgb(141, 186, 216);\"><strong>Beim Kauf von jeweils drei Badebomben der gleichen Gr\u00f6\u00dfe aus einem beliebigen Sortiment erhalten Sie die Bestellung in einer kostenlosen Geschenkbox aus Karton im Naturstil. &nbsp;Vollst\u00e4ndige farbige Zutatenliste enthalten.<\/strong><\/span><\/p>\n","protected":false},"excerpt":{"rendered":"<p>Ein unglaublicher Duft von Tropical Paradise Coco Badebomben \u2013 Erdbeere mit ihrem s\u00fc\u00dfen, frischen und fruchtigen tropischen Aroma. Okay, wir wissen, dass Erdbeeren nicht wirklich eine tropische Frucht sind, aber sie sind so s\u00fc\u00df und k\u00f6stlich fruchtig, mit ihrem unverwechselbaren fruchtig-gr\u00fcnen Duft mit einer blumigen Note, dass sie den Ehrentitel \u201eTropenfrucht\u201c verdienen. Jede Bombe wiegt [&hellip;]<\/p>\n","protected":false},"featured_media":300304,"comment_status":"closed","ping_status":"open","template":"","meta":{"_angie_page":false},"product_brand":[],"product_cat":[19448,20511,25841,26529,26847],"product_tag":[],"class_list":{"0":"post-237629","1":"product","2":"type-product","3":"status-publish","4":"has-post-thumbnail","6":"product_cat-bad-und-korper","7":"product_cat-badebomben-badekugeln","8":"product_cat-dufte-aromen","9":"product_cat-erdbeere","10":"product_cat-fruchtig","11":"pa_collection-tropical-paradise-coco-bath-bombs-180g-de","12":"pa_made-in-vereinigtes-koenigreich","14":"first","15":"instock","16":"purchasable","17":"product-type-simple"},"supplier_id":null,"supplier_sku":"TPCB-07DS","barcode":null,"atum_controlled":true,"out_stock_date":null,"out_stock_threshold":null,"inheritable":false,"inbound_stock":null,"stock_on_hold":0,"sold_today":0,"sales_last_days":0,"reserved_stock":null,"customer_returns":null,"warehouse_damage":null,"lost_in_post":null,"other_logs":null,"out_stock_days":0,"lost_sales":0,"has_location":null,"update_date":"2026-05-04T00:05:00","atum_locations":[],"atum_stock_status":"instock","restock_status":false,"low_stock_amount":"","sales_update_date":"2025-09-05T00:21:14","calc_backorders":null,"_links":{"self":[{"href":"https:\/\/aromasentia.com\/de\/wp-json\/wp\/v2\/product\/237629","targetHints":{"allow":["GET"]}}],"collection":[{"href":"https:\/\/aromasentia.com\/de\/wp-json\/wp\/v2\/product"}],"about":[{"href":"https:\/\/aromasentia.com\/de\/wp-json\/wp\/v2\/types\/product"}],"replies":[{"embeddable":true,"href":"https:\/\/aromasentia.com\/de\/wp-json\/wp\/v2\/comments?post=237629"}],"version-history":[{"count":0,"href":"https:\/\/aromasentia.com\/de\/wp-json\/wp\/v2\/product\/237629\/revisions"}],"wp:featuredmedia":[{"embeddable":true,"href":"https:\/\/aromasentia.com\/de\/wp-json\/wp\/v2\/media\/300304"}],"wp:attachment":[{"href":"https:\/\/aromasentia.com\/de\/wp-json\/wp\/v2\/media?parent=237629"}],"wp:term":[{"taxonomy":"product_brand","embeddable":true,"href":"https:\/\/aromasentia.com\/de\/wp-json\/wp\/v2\/product_brand?post=237629"},{"taxonomy":"product_cat","embeddable":true,"href":"https:\/\/aromasentia.com\/de\/wp-json\/wp\/v2\/product_cat?post=237629"},{"taxonomy":"product_tag","embeddable":true,"href":"https:\/\/aromasentia.com\/de\/wp-json\/wp\/v2\/product_tag?post=237629"}],"curies":[{"name":"wp","href":"https:\/\/api.w.org\/{rel}","templated":true}]}}