{"id":237589,"date":"2025-03-20T17:57:48","date_gmt":"2025-03-20T17:57:48","guid":{"rendered":"https:\/\/aromasentia.com\/product\/tropical-paradise-soap-slice-watermelon\/"},"modified":"2025-12-30T20:26:24","modified_gmt":"2025-12-30T20:26:24","slug":"tropical-paradise-soap-watermelon","status":"publish","type":"product","link":"https:\/\/aromasentia.com\/de\/tropical-paradise-soap-watermelon\/","title":{"rendered":"Tropical Paradise Soap- Watermelon"},"content":{"rendered":"<p>Eine wunderbare Seife mit einem fantastischen Wassermelonenduft mit s\u00fc\u00df-fruchtigem Tropenaroma, angereichert mit Mohnsamen, die abgestorbene Hautzellen entfernen und f\u00fcr ein glattes und gl\u00e4nzendes Aussehen und Gef\u00fchl sorgen!<\/p>\n<p>Mit unseren tropischen Fruchtd\u00fcften f\u00fchlen sich Ihre H\u00e4nde, Ihr K\u00f6rper und Ihre Seele gereinigt, gen\u00e4hrt und mit Feuchtigkeit versorgt an.<\/p>\n<p>Seifenst\u00fccke werden in Wachspapier eingewickelt mit einem Zutatenetikett verkauft und wiegen ungef\u00e4hr 115 g pro St\u00fcck.<\/p>\n<p><strong>BITTE BEACHTEN: Unsere Seifen sind handgemacht, Farbe oder Design k\u00f6nnen leicht von den gezeigten Abbildungen abweichen.<\/strong><\/p>\n","protected":false},"excerpt":{"rendered":"<p>Eine wunderbare Seife mit einem fantastischen Wassermelonenduft mit s\u00fc\u00df-fruchtigem Tropenaroma, angereichert mit Mohnsamen, die abgestorbene Hautzellen entfernen und f\u00fcr ein glattes und gl\u00e4nzendes Aussehen und Gef\u00fchl sorgen! Mit unseren tropischen Fruchtd\u00fcften f\u00fchlen sich Ihre H\u00e4nde, Ihr K\u00f6rper und Ihre Seele gereinigt, gen\u00e4hrt und mit Feuchtigkeit versorgt an. Seifenst\u00fccke werden in Wachspapier eingewickelt mit einem Zutatenetikett [&hellip;]<\/p>\n","protected":false},"featured_media":300618,"comment_status":"closed","ping_status":"open","template":"","meta":{"_angie_page":false},"product_brand":[],"product_cat":[19448,25841,26847,20589,26476],"product_tag":[],"class_list":{"0":"post-237589","1":"product","2":"type-product","3":"status-publish","4":"has-post-thumbnail","6":"product_cat-bad-und-korper","7":"product_cat-dufte-aromen","8":"product_cat-fruchtig","9":"product_cat-okologische-seifen","10":"product_cat-wassermelone","11":"pa_collection-tropical-paradise-soap-loaves-1-3kg-and-slices-de","12":"pa_made-in-vereinigtes-koenigreich","14":"first","15":"instock","16":"purchasable","17":"product-type-simple"},"supplier_id":null,"supplier_sku":"DSTPSoap-01","barcode":null,"atum_controlled":true,"out_stock_date":null,"out_stock_threshold":null,"inheritable":false,"inbound_stock":null,"stock_on_hold":0,"sold_today":0,"sales_last_days":0,"reserved_stock":null,"customer_returns":null,"warehouse_damage":null,"lost_in_post":null,"other_logs":null,"out_stock_days":0,"lost_sales":0,"has_location":null,"update_date":"2026-04-27T06:59:51","atum_locations":[],"atum_stock_status":"instock","restock_status":false,"low_stock_amount":"","sales_update_date":"2026-01-30T01:25:27","calc_backorders":null,"_links":{"self":[{"href":"https:\/\/aromasentia.com\/de\/wp-json\/wp\/v2\/product\/237589","targetHints":{"allow":["GET"]}}],"collection":[{"href":"https:\/\/aromasentia.com\/de\/wp-json\/wp\/v2\/product"}],"about":[{"href":"https:\/\/aromasentia.com\/de\/wp-json\/wp\/v2\/types\/product"}],"replies":[{"embeddable":true,"href":"https:\/\/aromasentia.com\/de\/wp-json\/wp\/v2\/comments?post=237589"}],"version-history":[{"count":0,"href":"https:\/\/aromasentia.com\/de\/wp-json\/wp\/v2\/product\/237589\/revisions"}],"wp:featuredmedia":[{"embeddable":true,"href":"https:\/\/aromasentia.com\/de\/wp-json\/wp\/v2\/media\/300618"}],"wp:attachment":[{"href":"https:\/\/aromasentia.com\/de\/wp-json\/wp\/v2\/media?parent=237589"}],"wp:term":[{"taxonomy":"product_brand","embeddable":true,"href":"https:\/\/aromasentia.com\/de\/wp-json\/wp\/v2\/product_brand?post=237589"},{"taxonomy":"product_cat","embeddable":true,"href":"https:\/\/aromasentia.com\/de\/wp-json\/wp\/v2\/product_cat?post=237589"},{"taxonomy":"product_tag","embeddable":true,"href":"https:\/\/aromasentia.com\/de\/wp-json\/wp\/v2\/product_tag?post=237589"}],"curies":[{"name":"wp","href":"https:\/\/api.w.org\/{rel}","templated":true}]}}