{"id":237553,"date":"2025-03-20T17:58:52","date_gmt":"2025-03-20T17:58:52","guid":{"rendered":"https:\/\/aromasentia.com\/product\/vitamin-c-goddesss-body-lotion-orange-lemon\/"},"modified":"2025-12-30T20:26:17","modified_gmt":"2025-12-30T20:26:17","slug":"vitamin-c-goettin-koerperlotion-orange-zitrone","status":"publish","type":"product","link":"https:\/\/aromasentia.com\/de\/vitamin-c-goettin-koerperlotion-orange-zitrone\/","title":{"rendered":"Vitamin C G\u00f6ttin K\u00f6rperlotion \u2013 Orange &#038; Zitrone"},"content":{"rendered":"<p><strong>Vitamin C Goddess Body Lotion \u2013 Orange &#038; Zitrone<\/strong> ist eine luxuri\u00f6se Erg\u00e4nzung Ihrer Hautpflegekollektion und verspricht, die Haut Ihrer Kunden zu pflegen und zu regenerieren. Diese 250 ml (8,45 oz) K\u00f6rperlotion enth\u00e4lt die kraftvolle Wirkung von Vitamin C, \u00e4therischen \u00d6len und anderen hautpflegenden Inhaltsstoffen und ist somit die ideale Wahl f\u00fcr Verk\u00e4ufer, die hochwertige Hautpflegeprodukte f\u00fcr ihre Kunden suchen.&nbsp;<\/p>\n<p>Verpackt in einer eleganten, benutzerfreundlichen Pumpflasche erm\u00f6glicht diese K\u00f6rperlotion eine bequeme und hygienische Anwendung. Sein optisch ansprechendes Design macht es zu einer herausragenden Erg\u00e4nzung des Hautpflegesortiments Ihres Gesch\u00e4fts.&nbsp;<\/p>\n<p><strong>Hauptmerkmale:<\/strong><\/p>\n<p><strong>Anreicherung mit Vitamin C:<\/strong>Diese mit Vitamin C angereicherte K\u00f6rperlotion hellt die Haut auf, reduziert Zeichen der Hautalterung und f\u00f6rdert einen gesunden, strahlenden Teint.&nbsp;<\/p>\n<p><strong>Mischung \u00e4therischer \u00d6le:<\/strong>Formuliert mit Orangenschalen\u00f6l und Zitronenschalen\u00f6l, das einen erfrischenden Zitrusduft sowie antioxidative und antiseptische Vorteile bietet.&nbsp;<\/p>\n<p><strong>Pflegestoffe:<\/strong> Enth\u00e4lt Sonnenblumenkern\u00f6l und Hagebuttenfrucht\u00f6l, reich an essentiellen Fetts\u00e4uren und Vitaminen, die die Haut tiefenwirksam mit Feuchtigkeit versorgen und pflegen.<\/p>\n<p><strong>Geschmeidig und feuchtigkeitsspendend:<\/strong>Mit einer geschmeidigen, cremigen Textur, die schnell in die Haut einzieht, macht diese Lotion sie weich und mit Feuchtigkeit versorgt, ohne fettige R\u00fcckst\u00e4nde zu hinterlassen. &nbsp;<\/p>\n<p><strong>Vorteile der Aromatherapie:<\/strong> Angereichert mit nat\u00fcrlichen Verbindungen wie Limonen, Linalool und Citral, bietet es beruhigende und belebende Aromatherapie-Effekte und verbessert das gesamte Sinneserlebnis.&nbsp;<\/p>\n<p><span style=\"color: rgb(141, 186, 216);\"><strong>Diese Vitamin-C-K\u00f6rperlotion ist ein unverzichtbares Produkt, um die wachsende Nachfrage nach nat\u00fcrlichen und wirksamen Hautpflegel\u00f6sungen zu decken.<\/strong><\/span> <\/p>\n","protected":false},"excerpt":{"rendered":"<p>Vitamin C Goddess Body Lotion \u2013 Orange &#038; Zitrone ist eine luxuri\u00f6se Erg\u00e4nzung Ihrer Hautpflegekollektion und verspricht, die Haut Ihrer Kunden zu pflegen und zu regenerieren. Diese 250 ml (8,45 oz) K\u00f6rperlotion enth\u00e4lt die kraftvolle Wirkung von Vitamin C, \u00e4therischen \u00d6len und anderen hautpflegenden Inhaltsstoffen und ist somit die ideale Wahl f\u00fcr Verk\u00e4ufer, die hochwertige [&hellip;]<\/p>\n","protected":false},"featured_media":300957,"comment_status":"closed","ping_status":"open","template":"","meta":{"_angie_page":false},"product_brand":[27070],"product_cat":[19448,25841,26308,26238,26819],"product_tag":[],"class_list":{"0":"post-237553","1":"product","2":"type-product","3":"status-publish","4":"has-post-thumbnail","6":"product_brand-aw-cosmetics","7":"product_cat-bad-und-korper","8":"product_cat-dufte-aromen","9":"product_cat-orange","10":"product_cat-zitrone","11":"product_cat-zitrus","12":"pa_collection-vitamin-c-skincare-line-de","13":"pa_made-in-vereinigtes-koenigreich","15":"first","16":"instock","17":"purchasable","18":"product-type-simple"},"supplier_id":null,"supplier_sku":"VitC-03","barcode":null,"atum_controlled":true,"out_stock_date":null,"out_stock_threshold":null,"inheritable":false,"inbound_stock":null,"stock_on_hold":0,"sold_today":0,"sales_last_days":0,"reserved_stock":null,"customer_returns":null,"warehouse_damage":null,"lost_in_post":null,"other_logs":null,"out_stock_days":0,"lost_sales":0,"has_location":null,"update_date":"2026-05-04T00:05:00","atum_locations":[],"atum_stock_status":"instock","restock_status":false,"low_stock_amount":"","sales_update_date":"2026-01-30T01:24:59","calc_backorders":null,"_links":{"self":[{"href":"https:\/\/aromasentia.com\/de\/wp-json\/wp\/v2\/product\/237553","targetHints":{"allow":["GET"]}}],"collection":[{"href":"https:\/\/aromasentia.com\/de\/wp-json\/wp\/v2\/product"}],"about":[{"href":"https:\/\/aromasentia.com\/de\/wp-json\/wp\/v2\/types\/product"}],"replies":[{"embeddable":true,"href":"https:\/\/aromasentia.com\/de\/wp-json\/wp\/v2\/comments?post=237553"}],"version-history":[{"count":0,"href":"https:\/\/aromasentia.com\/de\/wp-json\/wp\/v2\/product\/237553\/revisions"}],"wp:featuredmedia":[{"embeddable":true,"href":"https:\/\/aromasentia.com\/de\/wp-json\/wp\/v2\/media\/300957"}],"wp:attachment":[{"href":"https:\/\/aromasentia.com\/de\/wp-json\/wp\/v2\/media?parent=237553"}],"wp:term":[{"taxonomy":"product_brand","embeddable":true,"href":"https:\/\/aromasentia.com\/de\/wp-json\/wp\/v2\/product_brand?post=237553"},{"taxonomy":"product_cat","embeddable":true,"href":"https:\/\/aromasentia.com\/de\/wp-json\/wp\/v2\/product_cat?post=237553"},{"taxonomy":"product_tag","embeddable":true,"href":"https:\/\/aromasentia.com\/de\/wp-json\/wp\/v2\/product_tag?post=237553"}],"curies":[{"name":"wp","href":"https:\/\/api.w.org\/{rel}","templated":true}]}}