{"id":237549,"date":"2025-03-20T17:58:52","date_gmt":"2025-03-20T17:58:52","guid":{"rendered":"https:\/\/aromasentia.com\/product\/brightening-vitamin-c-hand-soap-with-essential-oils\/"},"modified":"2025-12-30T20:26:17","modified_gmt":"2025-12-30T20:26:17","slug":"aufhellende-vitamin-c-handseife-mit-aetherischen-oelen","status":"publish","type":"product","link":"https:\/\/aromasentia.com\/de\/aufhellende-vitamin-c-handseife-mit-aetherischen-oelen\/","title":{"rendered":"Aufhellende Vitamin C-Handseife mit \u00e4therischen \u00d6len"},"content":{"rendered":"<p><span style=\"color: rgb(75, 80, 88);\"><strong>Aufhellende Vitamin-C-Handseife mit \u00e4therischen \u00d6len<\/strong> ist die perfekte Erg\u00e4nzung Ihrer Premium-Hautpflegekollektion. Jeder 70-g-Riegel sorgt f\u00fcr eine gr\u00fcndliche Reinigung und pflegt und revitalisiert gleichzeitig die Haut. Diese luxuri\u00f6se Handseife verbessert die t\u00e4gliche Handhygiene und ist ein Muss f\u00fcr Ihre Kunden.&nbsp;<\/span><\/p>\n<p><span style=\"color: rgb(75, 80, 88);\">Jedes St\u00fcck ist wundersch\u00f6n verpackt, mit einem optisch ansprechenden Design und einer klaren Beschriftung, was es zu einer attraktiven Erg\u00e4nzung des Hautpflegesortiments Ihres Gesch\u00e4fts und einem idealen Geschenk f\u00fcr Kunden macht, die nach hochwertigen Handpflegeprodukten suchen.&nbsp;<\/span><\/p>\n<p><span style=\"color: rgb(75, 80, 88);\"><strong>Hauptmerkmale:<\/strong><\/span><\/p>\n<p><span style=\"color: rgb(75, 80, 88);\">Anreicherung mit Vitamin C: Diese mit Vitamin C angereicherte Handseife hellt die Haut auf, reduziert Zeichen der Hautalterung und f\u00f6rdert einen gesunden, strahlenden Teint.&nbsp;<\/span><\/p>\n<p><span style=\"color: rgb(75, 80, 88);\"><strong>Mischung \u00e4therischer \u00d6le: <\/strong>Diese Seife mit Orangenschalen\u00f6l und Zitronenschalen\u00f6l bietet einen erfrischenden Zitrusduft sowie antioxidative und antiseptische Vorteile. &nbsp;<\/span><\/p>\n<p><span style=\"color: rgb(75, 80, 88);\"><strong>Tiefenreinigung:<\/strong> Enth\u00e4lt sanfte Tenside, die einen reichhaltigen Schaum erzeugen und effektiv Schmutz und Unreinheiten entfernen, ohne der Haut ihre nat\u00fcrlichen \u00d6le zu entziehen.&nbsp;<\/span><\/p>\n<p><span style=\"color: rgb(75, 80, 88);\"><strong>Feuchtigkeitsspendend und pflegend:<\/strong>Angereichert mit Glycerin, um die Feuchtigkeit zu bewahren und die Haut den ganzen Tag \u00fcber weich, glatt und mit Feuchtigkeit versorgt zu halten.&nbsp;<\/span><\/p>\n<p><span style=\"color: rgb(75, 80, 88);\"><strong>Vorteile der Aromatherapie:<\/strong>Angereichert mit nat\u00fcrlichen Verbindungen wie Limonen, Linalool und Citral, die beruhigende und belebende Aromatherapie-Effekte bieten und das allgemeine Sinnesempfinden verbessern Erlebnis.&nbsp;<\/span><\/p>\n<p><span style=\"color: rgb(75, 80, 88);\">Mit ihrer attraktiven Verpackung und der hochwertigen Formel bietet diese Handseife einen hervorragenden Wiederverkaufswert. Sie ist ein unverzichtbares Produkt, um die wachsende Nachfrage nach luxuri\u00f6sen und effektiven Handpflegel\u00f6sungen zu befriedigen.<\/span> <\/p>\n","protected":false},"excerpt":{"rendered":"<p>Aufhellende Vitamin-C-Handseife mit \u00e4therischen \u00d6len ist die perfekte Erg\u00e4nzung Ihrer Premium-Hautpflegekollektion. Jeder 70-g-Riegel sorgt f\u00fcr eine gr\u00fcndliche Reinigung und pflegt und revitalisiert gleichzeitig die Haut. Diese luxuri\u00f6se Handseife verbessert die t\u00e4gliche Handhygiene und ist ein Muss f\u00fcr Ihre Kunden.&nbsp; Jedes St\u00fcck ist wundersch\u00f6n verpackt, mit einem optisch ansprechenden Design und einer klaren Beschriftung, was es [&hellip;]<\/p>\n","protected":false},"featured_media":300924,"comment_status":"closed","ping_status":"open","template":"","meta":{"_angie_page":false},"product_brand":[27070],"product_cat":[19448,20589],"product_tag":[],"class_list":{"0":"post-237549","1":"product","2":"type-product","3":"status-publish","4":"has-post-thumbnail","6":"product_brand-aw-cosmetics","7":"product_cat-bad-und-korper","8":"product_cat-okologische-seifen","9":"pa_collection-vitamin-c-skincare-line-de","10":"pa_made-in-vereinigtes-koenigreich","12":"first","13":"instock","14":"purchasable","15":"product-type-simple"},"supplier_id":null,"supplier_sku":"Vitc-05","barcode":null,"atum_controlled":true,"out_stock_date":null,"out_stock_threshold":null,"inheritable":false,"inbound_stock":null,"stock_on_hold":0,"sold_today":0,"sales_last_days":0,"reserved_stock":null,"customer_returns":null,"warehouse_damage":null,"lost_in_post":null,"other_logs":null,"out_stock_days":0,"lost_sales":0,"has_location":null,"update_date":"2026-04-27T07:26:20","atum_locations":[],"atum_stock_status":"instock","restock_status":false,"low_stock_amount":"","sales_update_date":"2025-09-05T00:21:17","calc_backorders":null,"_links":{"self":[{"href":"https:\/\/aromasentia.com\/de\/wp-json\/wp\/v2\/product\/237549","targetHints":{"allow":["GET"]}}],"collection":[{"href":"https:\/\/aromasentia.com\/de\/wp-json\/wp\/v2\/product"}],"about":[{"href":"https:\/\/aromasentia.com\/de\/wp-json\/wp\/v2\/types\/product"}],"replies":[{"embeddable":true,"href":"https:\/\/aromasentia.com\/de\/wp-json\/wp\/v2\/comments?post=237549"}],"version-history":[{"count":0,"href":"https:\/\/aromasentia.com\/de\/wp-json\/wp\/v2\/product\/237549\/revisions"}],"wp:featuredmedia":[{"embeddable":true,"href":"https:\/\/aromasentia.com\/de\/wp-json\/wp\/v2\/media\/300924"}],"wp:attachment":[{"href":"https:\/\/aromasentia.com\/de\/wp-json\/wp\/v2\/media?parent=237549"}],"wp:term":[{"taxonomy":"product_brand","embeddable":true,"href":"https:\/\/aromasentia.com\/de\/wp-json\/wp\/v2\/product_brand?post=237549"},{"taxonomy":"product_cat","embeddable":true,"href":"https:\/\/aromasentia.com\/de\/wp-json\/wp\/v2\/product_cat?post=237549"},{"taxonomy":"product_tag","embeddable":true,"href":"https:\/\/aromasentia.com\/de\/wp-json\/wp\/v2\/product_tag?post=237549"}],"curies":[{"name":"wp","href":"https:\/\/api.w.org\/{rel}","templated":true}]}}