{"id":237537,"date":"2025-03-20T17:59:32","date_gmt":"2025-03-20T17:59:32","guid":{"rendered":"https:\/\/aromasentia.com\/product\/volcanic-foot-stone-oval-shape\/"},"modified":"2025-12-30T20:26:17","modified_gmt":"2025-12-30T20:26:17","slug":"lava-bimsstein-oval","status":"publish","type":"product","link":"https:\/\/aromasentia.com\/de\/lava-bimsstein-oval\/","title":{"rendered":"Lava-Bimsstein oval"},"content":{"rendered":"<p>Der Vulkanische Lava-Fu\u00dfstein verliert nie seine Wirksamkeit oder Form. Der nat\u00fcrlich hergestellte Vulkanische Fu\u00dfstein hilft sicher beim Peeling trockener, abgestorbener Haut von K\u00f6rper, H\u00e4nden und insbesondere F\u00fc\u00dfen. <\/p>\n<p>Dieser einfache, aber erstaunliche kleine Stein liegt gut in der Hand, ist leicht und hat eine Oberfl\u00e4che mit winzigen L\u00f6chern. Die sicherste und nat\u00fcrlichste Art, die Haut an K\u00f6rper, H\u00e4nden und F\u00fc\u00dfen zu peelen und zu gl\u00e4tten. <\/p>\n<p>Eine therapeutische Mischung aus Basaltmineralien, Silizium, Magnesium, Eisen und Sauerstoff, die die L\u00f6cher im Stein erzeugt, entfernt m\u00fchelos trockene, abgestorbene Haut von K\u00f6rper, H\u00e4nden und F\u00fc\u00dfen. Sie sind ein wesentlicher Bestandteil Ihrer Duschroutine.<\/p>\n","protected":false},"excerpt":{"rendered":"<p>Der Vulkanische Lava-Fu\u00dfstein verliert nie seine Wirksamkeit oder Form. Der nat\u00fcrlich hergestellte Vulkanische Fu\u00dfstein hilft sicher beim Peeling trockener, abgestorbener Haut von K\u00f6rper, H\u00e4nden und insbesondere F\u00fc\u00dfen. Dieser einfache, aber erstaunliche kleine Stein liegt gut in der Hand, ist leicht und hat eine Oberfl\u00e4che mit winzigen L\u00f6chern. Die sicherste und nat\u00fcrlichste Art, die Haut an [&hellip;]<\/p>\n","protected":false},"featured_media":301163,"comment_status":"closed","ping_status":"open","template":"","meta":{"_angie_page":false},"product_brand":[],"product_cat":[19448,20613],"product_tag":[],"class_list":{"0":"post-237537","1":"product","2":"type-product","3":"status-publish","4":"has-post-thumbnail","6":"product_cat-bad-und-korper","7":"product_cat-badebursten-und-bimsstein","8":"pa_collection-volcanic-lava-foot-stones-de","9":"pa_made-in-china","11":"first","12":"instock","13":"purchasable","14":"product-type-simple"},"supplier_id":null,"supplier_sku":"VolC-02","barcode":null,"atum_controlled":true,"out_stock_date":null,"out_stock_threshold":null,"inheritable":false,"inbound_stock":0,"stock_on_hold":0,"sold_today":0,"sales_last_days":0,"reserved_stock":0,"customer_returns":0,"warehouse_damage":0,"lost_in_post":0,"other_logs":0,"out_stock_days":0,"lost_sales":0,"has_location":false,"update_date":"2026-04-27T07:26:32","atum_locations":[],"atum_stock_status":"instock","restock_status":false,"low_stock_amount":"","sales_update_date":"2025-09-05T00:21:19","calc_backorders":null,"_links":{"self":[{"href":"https:\/\/aromasentia.com\/de\/wp-json\/wp\/v2\/product\/237537","targetHints":{"allow":["GET"]}}],"collection":[{"href":"https:\/\/aromasentia.com\/de\/wp-json\/wp\/v2\/product"}],"about":[{"href":"https:\/\/aromasentia.com\/de\/wp-json\/wp\/v2\/types\/product"}],"replies":[{"embeddable":true,"href":"https:\/\/aromasentia.com\/de\/wp-json\/wp\/v2\/comments?post=237537"}],"version-history":[{"count":0,"href":"https:\/\/aromasentia.com\/de\/wp-json\/wp\/v2\/product\/237537\/revisions"}],"wp:featuredmedia":[{"embeddable":true,"href":"https:\/\/aromasentia.com\/de\/wp-json\/wp\/v2\/media\/301163"}],"wp:attachment":[{"href":"https:\/\/aromasentia.com\/de\/wp-json\/wp\/v2\/media?parent=237537"}],"wp:term":[{"taxonomy":"product_brand","embeddable":true,"href":"https:\/\/aromasentia.com\/de\/wp-json\/wp\/v2\/product_brand?post=237537"},{"taxonomy":"product_cat","embeddable":true,"href":"https:\/\/aromasentia.com\/de\/wp-json\/wp\/v2\/product_cat?post=237537"},{"taxonomy":"product_tag","embeddable":true,"href":"https:\/\/aromasentia.com\/de\/wp-json\/wp\/v2\/product_tag?post=237537"}],"curies":[{"name":"wp","href":"https:\/\/api.w.org\/{rel}","templated":true}]}}