{"id":237497,"date":"2025-03-21T00:55:00","date_gmt":"2025-03-21T00:55:00","guid":{"rendered":"https:\/\/aromasentia.com\/product\/mango-lime-whipped-cream-soap-120g\/"},"modified":"2025-12-30T20:26:09","modified_gmt":"2025-12-30T20:26:09","slug":"mango-und-limetten-schlagsahneseife-120-g","status":"publish","type":"product","link":"https:\/\/aromasentia.com\/de\/mango-und-limetten-schlagsahneseife-120-g\/","title":{"rendered":"Mango- und Limetten-Schlagsahneseife, 120 g"},"content":{"rendered":"<p><strong>Die Tropical Mango &#038; Lime Whipped Soap<\/strong> ist die perfekte Erg\u00e4nzung f\u00fcr Ihre Bad- und K\u00f6rpersammlung. Sorgf\u00e4ltig hergestellt und mit dem unwiderstehlichen Duft von Limette und Mango versehen, ist diese Seife ein sinnlicher Genuss, der Ihre Haut erfrischt, pflegt und wunderbar duftet.<\/p>\n<p>Die cremige Textur dieser Seife gleitet m\u00fchelos \u00fcber Ihre Haut und erzeugt einen reichhaltigen Schaum, der Unreinheiten sanft entfernt und Ihre Haut mit Feuchtigkeit versorgt. Die Seife enth\u00e4lt n\u00e4hrende Eigenschaften, die die Haut weich und geschmeidig machen, so dass sie sich weich und samtig anf\u00fchlt.<\/p>\n<p><strong>Diese Seifen sind nicht nur ein sensorischer Genuss, sondern auch frei von Tierversuchen, Parabenen, SLS und vegan.<\/strong><\/p>\n<p><strong>Ganz gleich, ob Sie Ihr Gesch\u00e4ft, Ihren Geschenkeladen oder Ihr Spa damit ausstatten wollen, es ist eine ausgezeichnete Wahl.<\/p>\n<p><strong>Es vereint Qualit\u00e4t, Genuss und Erschwinglichkeit und ist damit ein Muss f\u00fcr alle, die sich ein wenig verw\u00f6hnen lassen wollen.<\/p>\n","protected":false},"excerpt":{"rendered":"<p>Die Tropical Mango &#038; Lime Whipped Soap ist die perfekte Erg\u00e4nzung f\u00fcr Ihre Bad- und K\u00f6rpersammlung. Sorgf\u00e4ltig hergestellt und mit dem unwiderstehlichen Duft von Limette und Mango versehen, ist diese Seife ein sinnlicher Genuss, der Ihre Haut erfrischt, pflegt und wunderbar duftet. Die cremige Textur dieser Seife gleitet m\u00fchelos \u00fcber Ihre Haut und erzeugt einen [&hellip;]<\/p>\n","protected":false},"featured_media":301573,"comment_status":"closed","ping_status":"open","template":"","meta":[],"product_brand":[],"product_cat":[19448,25841,26256,20589,26819],"product_tag":[],"class_list":{"0":"post-237497","1":"product","2":"type-product","3":"status-publish","4":"has-post-thumbnail","6":"product_cat-bad-und-korper","7":"product_cat-dufte-aromen","8":"product_cat-limette","9":"product_cat-okologische-seifen","10":"product_cat-zitrus","11":"pa_collection-whipped-cream-soap-de","12":"pa_made-in-vereinigtes-koenigreich","14":"first","15":"instock","16":"purchasable","17":"product-type-simple"},"supplier_id":null,"supplier_sku":"WCS-08","barcode":null,"atum_controlled":true,"out_stock_date":null,"out_stock_threshold":null,"inheritable":false,"inbound_stock":null,"stock_on_hold":0,"sold_today":0,"sales_last_days":0,"reserved_stock":null,"customer_returns":null,"warehouse_damage":null,"lost_in_post":null,"other_logs":null,"out_stock_days":0,"lost_sales":0,"has_location":null,"update_date":"2026-02-10T06:32:31","atum_locations":[],"atum_stock_status":"instock","restock_status":false,"low_stock_amount":"","sales_update_date":"2025-09-05T00:21:22","calc_backorders":null,"_links":{"self":[{"href":"https:\/\/aromasentia.com\/de\/wp-json\/wp\/v2\/product\/237497","targetHints":{"allow":["GET"]}}],"collection":[{"href":"https:\/\/aromasentia.com\/de\/wp-json\/wp\/v2\/product"}],"about":[{"href":"https:\/\/aromasentia.com\/de\/wp-json\/wp\/v2\/types\/product"}],"replies":[{"embeddable":true,"href":"https:\/\/aromasentia.com\/de\/wp-json\/wp\/v2\/comments?post=237497"}],"version-history":[{"count":0,"href":"https:\/\/aromasentia.com\/de\/wp-json\/wp\/v2\/product\/237497\/revisions"}],"wp:featuredmedia":[{"embeddable":true,"href":"https:\/\/aromasentia.com\/de\/wp-json\/wp\/v2\/media\/301573"}],"wp:attachment":[{"href":"https:\/\/aromasentia.com\/de\/wp-json\/wp\/v2\/media?parent=237497"}],"wp:term":[{"taxonomy":"product_brand","embeddable":true,"href":"https:\/\/aromasentia.com\/de\/wp-json\/wp\/v2\/product_brand?post=237497"},{"taxonomy":"product_cat","embeddable":true,"href":"https:\/\/aromasentia.com\/de\/wp-json\/wp\/v2\/product_cat?post=237497"},{"taxonomy":"product_tag","embeddable":true,"href":"https:\/\/aromasentia.com\/de\/wp-json\/wp\/v2\/product_tag?post=237497"}],"curies":[{"name":"wp","href":"https:\/\/api.w.org\/{rel}","templated":true}]}}