{"id":237489,"date":"2025-03-21T00:55:00","date_gmt":"2025-03-21T00:55:00","guid":{"rendered":"https:\/\/aromasentia.com\/product\/parma-violet-whipped-cream-soap-120g\/"},"modified":"2025-12-30T20:26:09","modified_gmt":"2025-12-30T20:26:09","slug":"parma-violet-schlagsahneseife-120g","status":"publish","type":"product","link":"https:\/\/aromasentia.com\/de\/parma-violet-schlagsahneseife-120g\/","title":{"rendered":"Parma Violet Schlagsahneseife 120g"},"content":{"rendered":"<p>Diese herrliche<strong>&nbsp;Parma Violet<\/strong>&nbsp;Whipped Soap&nbsp;<\/strong>ist perfekt, um sich ein luxuri\u00f6ses Badeerlebnis zu g\u00f6nnen. Tauchen Sie ein in den bet\u00f6renden Duft von <strong><span style=\"color: rgb(147, 101, 184);\">Parma-Veilchen<\/span><\/strong> und verw\u00f6hnen Sie Ihre Haut mit dieser samtig-weichen Seife.<\/p>\n<p>Die cremige Textur gleitet sanft \u00fcber die Haut und erzeugt einen reichhaltigen Schaum, der Unreinheiten effektiv entfernt und die Haut erfrischt und mit Feuchtigkeit versorgt. Sie enth\u00e4lt feuchtigkeitsspendende Eigenschaften, die helfen, die Haut mit Feuchtigkeit zu versorgen, so dass sie sich seidig glatt und geschmeidig anf\u00fchlt.<\/p>\n<p>Diese Seifen sind nicht nur ein sensorischer Genuss, sondern auch <strong>giftfrei, parabenfrei, SLS-frei und veganfreundlich. <\/p>\n<p>Parma Violet Whipped Soap wird mit ihrem unwiderstehlichen Duft und ihrer luxuri\u00f6sen Formel Kunden anlocken.<\/p>\n<p>Ganz gleich, ob Sie Ihr Gesch\u00e4ft, Ihren Geschenkeladen oder Ihr Spa damit ausstatten wollen, es ist eine ausgezeichnete Wahl. Es kombiniert Qualit\u00e4t, Genuss und Erschwinglichkeit, was es zu einem Muss f\u00fcr alle macht, die einen Hauch von Luxus suchen.<\/p>\n<p>\n","protected":false},"excerpt":{"rendered":"<p>Diese herrliche&nbsp;Parma Violet&nbsp;Whipped Soap&nbsp;ist perfekt, um sich ein luxuri\u00f6ses Badeerlebnis zu g\u00f6nnen. Tauchen Sie ein in den bet\u00f6renden Duft von Parma-Veilchen und verw\u00f6hnen Sie Ihre Haut mit dieser samtig-weichen Seife. Die cremige Textur gleitet sanft \u00fcber die Haut und erzeugt einen reichhaltigen Schaum, der Unreinheiten effektiv entfernt und die Haut erfrischt und mit Feuchtigkeit versorgt. [&hellip;]<\/p>\n","protected":false},"featured_media":301443,"comment_status":"closed","ping_status":"open","template":"","meta":{"_angie_page":false},"product_brand":[],"product_cat":[19448,20589],"product_tag":[],"class_list":{"0":"post-237489","1":"product","2":"type-product","3":"status-publish","4":"has-post-thumbnail","6":"product_cat-bad-und-korper","7":"product_cat-okologische-seifen","8":"pa_collection-whipped-cream-soap-de","9":"pa_made-in-vereinigtes-koenigreich","11":"first","12":"instock","13":"purchasable","14":"product-type-simple"},"supplier_id":null,"supplier_sku":"WCS-02","barcode":null,"atum_controlled":true,"out_stock_date":null,"out_stock_threshold":null,"inheritable":false,"inbound_stock":null,"stock_on_hold":0,"sold_today":0,"sales_last_days":0,"reserved_stock":null,"customer_returns":null,"warehouse_damage":null,"lost_in_post":null,"other_logs":null,"out_stock_days":0,"lost_sales":0,"has_location":null,"update_date":"2026-04-27T07:26:52","atum_locations":[],"atum_stock_status":"instock","restock_status":false,"low_stock_amount":"","sales_update_date":"2025-09-05T00:21:22","calc_backorders":null,"_links":{"self":[{"href":"https:\/\/aromasentia.com\/de\/wp-json\/wp\/v2\/product\/237489","targetHints":{"allow":["GET"]}}],"collection":[{"href":"https:\/\/aromasentia.com\/de\/wp-json\/wp\/v2\/product"}],"about":[{"href":"https:\/\/aromasentia.com\/de\/wp-json\/wp\/v2\/types\/product"}],"replies":[{"embeddable":true,"href":"https:\/\/aromasentia.com\/de\/wp-json\/wp\/v2\/comments?post=237489"}],"version-history":[{"count":0,"href":"https:\/\/aromasentia.com\/de\/wp-json\/wp\/v2\/product\/237489\/revisions"}],"wp:featuredmedia":[{"embeddable":true,"href":"https:\/\/aromasentia.com\/de\/wp-json\/wp\/v2\/media\/301443"}],"wp:attachment":[{"href":"https:\/\/aromasentia.com\/de\/wp-json\/wp\/v2\/media?parent=237489"}],"wp:term":[{"taxonomy":"product_brand","embeddable":true,"href":"https:\/\/aromasentia.com\/de\/wp-json\/wp\/v2\/product_brand?post=237489"},{"taxonomy":"product_cat","embeddable":true,"href":"https:\/\/aromasentia.com\/de\/wp-json\/wp\/v2\/product_cat?post=237489"},{"taxonomy":"product_tag","embeddable":true,"href":"https:\/\/aromasentia.com\/de\/wp-json\/wp\/v2\/product_tag?post=237489"}],"curies":[{"name":"wp","href":"https:\/\/api.w.org\/{rel}","templated":true}]}}