{"id":237485,"date":"2025-03-21T00:55:00","date_gmt":"2025-03-21T00:55:00","guid":{"rendered":"https:\/\/aromasentia.com\/product\/strawberry-kiwi-whipped-cream-soap-120g\/"},"modified":"2025-12-30T20:26:09","modified_gmt":"2025-12-30T20:26:09","slug":"erdbeer-kiwi-schlagsahneseife-120-g","status":"publish","type":"product","link":"https:\/\/aromasentia.com\/de\/erdbeer-kiwi-schlagsahneseife-120-g\/","title":{"rendered":"Erdbeer-Kiwi-Schlagsahneseife 120 g"},"content":{"rendered":"<p>Die herrliche <strong>Strawberry &amp; Kiwi Whipped Soap&nbsp;<\/strong>&#8211; &nbsp;Verw\u00f6hnen Sie sich mit dem frischen und fruchtigen Duft von <strong><span style=\"color: rgb(184, 49, 47);\">Erdbeeren<\/span><\/strong> und <span style=\"color: rgb(65, 168, 95);\"><strong>Kiwi<\/strong><\/span> und verw\u00f6hnen Sie Ihre Haut mit einem luxuri\u00f6sen Badeerlebnis.<\/p>\n<p>Die cremige Textur gleitet m\u00fchelos \u00fcber die Haut und erzeugt einen reichhaltigen Schaum, der Unreinheiten effektiv abw\u00e4scht und die Haut erfrischt und mit Feuchtigkeit versorgt. Sie enth\u00e4lt feuchtigkeitsspendende Eigenschaften, die dazu beitragen, die Haut mit Feuchtigkeit zu versorgen und zu verj\u00fcngen, so dass sie sich weich, geschmeidig und wunderbar duftend anf\u00fchlt.<\/p>\n<p>Diese Seifen sind nicht nur ein sensorischer Genuss, sondern auch <strong>ruelty-free, paraben-free, SLS-free, and vegan-friendly.<\/strong><\/p>\n<p>Strawberry &amp; Kiwi Whipped Soap wird mit ihrem unwiderstehlichen Duft und ihrer luxuri\u00f6sen Formel die Kunden anlocken.<\/p>\n<p>Ganz gleich, ob Sie Ihr Gesch\u00e4ft, Ihren Geschenkeladen oder Ihr Spa damit ausstatten wollen, sie ist eine ausgezeichnete Wahl. Es kombiniert Qualit\u00e4t, Genuss und Erschwinglichkeit, was es zu einem Muss f\u00fcr alle macht, die einen Hauch von Luxus suchen.<\/p>\n<p>><\/p>\n","protected":false},"excerpt":{"rendered":"<p>Die herrliche Strawberry &amp; Kiwi Whipped Soap&nbsp;&#8211; &nbsp;Verw\u00f6hnen Sie sich mit dem frischen und fruchtigen Duft von Erdbeeren und Kiwi und verw\u00f6hnen Sie Ihre Haut mit einem luxuri\u00f6sen Badeerlebnis. Die cremige Textur gleitet m\u00fchelos \u00fcber die Haut und erzeugt einen reichhaltigen Schaum, der Unreinheiten effektiv abw\u00e4scht und die Haut erfrischt und mit Feuchtigkeit versorgt. Sie [&hellip;]<\/p>\n","protected":false},"featured_media":301374,"comment_status":"closed","ping_status":"open","template":"","meta":{"_angie_page":false},"product_brand":[],"product_cat":[19448,25841,26529,26847,20589],"product_tag":[],"class_list":{"0":"post-237485","1":"product","2":"type-product","3":"status-publish","4":"has-post-thumbnail","6":"product_cat-bad-und-korper","7":"product_cat-dufte-aromen","8":"product_cat-erdbeere","9":"product_cat-fruchtig","10":"product_cat-okologische-seifen","11":"pa_collection-whipped-cream-soap-de","12":"pa_made-in-vereinigtes-koenigreich","14":"first","15":"instock","16":"purchasable","17":"product-type-simple"},"supplier_id":null,"supplier_sku":"WCS-03","barcode":null,"atum_controlled":true,"out_stock_date":null,"out_stock_threshold":null,"inheritable":false,"inbound_stock":null,"stock_on_hold":0,"sold_today":0,"sales_last_days":0,"reserved_stock":null,"customer_returns":null,"warehouse_damage":null,"lost_in_post":null,"other_logs":null,"out_stock_days":0,"lost_sales":0,"has_location":null,"update_date":"2026-05-11T01:56:49","atum_locations":[],"atum_stock_status":"instock","restock_status":false,"low_stock_amount":"","sales_update_date":"2025-09-05T00:21:22","calc_backorders":null,"_links":{"self":[{"href":"https:\/\/aromasentia.com\/de\/wp-json\/wp\/v2\/product\/237485","targetHints":{"allow":["GET"]}}],"collection":[{"href":"https:\/\/aromasentia.com\/de\/wp-json\/wp\/v2\/product"}],"about":[{"href":"https:\/\/aromasentia.com\/de\/wp-json\/wp\/v2\/types\/product"}],"replies":[{"embeddable":true,"href":"https:\/\/aromasentia.com\/de\/wp-json\/wp\/v2\/comments?post=237485"}],"version-history":[{"count":0,"href":"https:\/\/aromasentia.com\/de\/wp-json\/wp\/v2\/product\/237485\/revisions"}],"wp:featuredmedia":[{"embeddable":true,"href":"https:\/\/aromasentia.com\/de\/wp-json\/wp\/v2\/media\/301374"}],"wp:attachment":[{"href":"https:\/\/aromasentia.com\/de\/wp-json\/wp\/v2\/media?parent=237485"}],"wp:term":[{"taxonomy":"product_brand","embeddable":true,"href":"https:\/\/aromasentia.com\/de\/wp-json\/wp\/v2\/product_brand?post=237485"},{"taxonomy":"product_cat","embeddable":true,"href":"https:\/\/aromasentia.com\/de\/wp-json\/wp\/v2\/product_cat?post=237485"},{"taxonomy":"product_tag","embeddable":true,"href":"https:\/\/aromasentia.com\/de\/wp-json\/wp\/v2\/product_tag?post=237485"}],"curies":[{"name":"wp","href":"https:\/\/api.w.org\/{rel}","templated":true}]}}