{"id":237433,"date":"2025-03-21T00:56:52","date_gmt":"2025-03-21T00:56:52","guid":{"rendered":"https:\/\/aromasentia.com\/product\/hemu-wood-soap-dish-groovy\/"},"modified":"2025-12-30T20:25:55","modified_gmt":"2025-12-30T20:25:55","slug":"hemuholz-seifenschalen-groovy","status":"publish","type":"product","link":"https:\/\/aromasentia.com\/de\/hemuholz-seifenschalen-groovy\/","title":{"rendered":"Hemuholz Seifenschalen &#8211; Groovy"},"content":{"rendered":"<p>Sch\u00f6ne, moderne Designs, hochwertig verarbeitet aus Hemu-Holz!<\/p>\n<p>Diese schlichten <strong>Holzseifenschalen<\/strong> sorgen daf\u00fcr, dass Ihre handgemachten Naturseifen zwischen den Anwendungen gut abtropfen, sodass die Seife trocken bleibt und l\u00e4nger h\u00e4lt.<\/p>\n<p>Schluss mit weichen Seifenst\u00fccken! Diese Schale l\u00e4sst die Luft um die Seife zirkulieren und hilft ihr, zwischen den Anwendungen zu trocknen. Hemu-Holz ist ein nachhaltiges Holz, das vom Guger-Baum in China gewonnen wird. Bestellen Sie noch heute und sichern Sie sich diese tollen Seifenschalen&#8230;<\/p>\n","protected":false},"excerpt":{"rendered":"<p>Sch\u00f6ne, moderne Designs, hochwertig verarbeitet aus Hemu-Holz! Diese schlichten Holzseifenschalen sorgen daf\u00fcr, dass Ihre handgemachten Naturseifen zwischen den Anwendungen gut abtropfen, sodass die Seife trocken bleibt und l\u00e4nger h\u00e4lt. Schluss mit weichen Seifenst\u00fccken! Diese Schale l\u00e4sst die Luft um die Seife zirkulieren und hilft ihr, zwischen den Anwendungen zu trocknen. Hemu-Holz ist ein nachhaltiges Holz, [&hellip;]<\/p>\n","protected":false},"featured_media":302059,"comment_status":"closed","ping_status":"open","template":"","meta":[],"product_brand":[],"product_cat":[19448,20537],"product_tag":[],"class_list":{"0":"post-237433","1":"product","2":"type-product","3":"status-publish","4":"has-post-thumbnail","6":"product_cat-bad-und-korper","7":"product_cat-seifenschalen-und-seifenspender","8":"pa_collection-wooden-soap-dishes-de","9":"pa_made-in-china","11":"first","12":"instock","13":"purchasable","14":"product-type-simple"},"supplier_id":null,"supplier_sku":"WSoapD-10","barcode":null,"atum_controlled":true,"out_stock_date":null,"out_stock_threshold":null,"inheritable":false,"inbound_stock":0,"stock_on_hold":0,"sold_today":0,"sales_last_days":0,"reserved_stock":0,"customer_returns":0,"warehouse_damage":0,"lost_in_post":0,"other_logs":0,"out_stock_days":0,"lost_sales":0,"has_location":false,"update_date":"2026-02-08T21:09:18","atum_locations":[],"atum_stock_status":"instock","restock_status":false,"low_stock_amount":"","sales_update_date":"2025-09-05T00:21:27","calc_backorders":null,"_links":{"self":[{"href":"https:\/\/aromasentia.com\/de\/wp-json\/wp\/v2\/product\/237433","targetHints":{"allow":["GET"]}}],"collection":[{"href":"https:\/\/aromasentia.com\/de\/wp-json\/wp\/v2\/product"}],"about":[{"href":"https:\/\/aromasentia.com\/de\/wp-json\/wp\/v2\/types\/product"}],"replies":[{"embeddable":true,"href":"https:\/\/aromasentia.com\/de\/wp-json\/wp\/v2\/comments?post=237433"}],"version-history":[{"count":0,"href":"https:\/\/aromasentia.com\/de\/wp-json\/wp\/v2\/product\/237433\/revisions"}],"wp:featuredmedia":[{"embeddable":true,"href":"https:\/\/aromasentia.com\/de\/wp-json\/wp\/v2\/media\/302059"}],"wp:attachment":[{"href":"https:\/\/aromasentia.com\/de\/wp-json\/wp\/v2\/media?parent=237433"}],"wp:term":[{"taxonomy":"product_brand","embeddable":true,"href":"https:\/\/aromasentia.com\/de\/wp-json\/wp\/v2\/product_brand?post=237433"},{"taxonomy":"product_cat","embeddable":true,"href":"https:\/\/aromasentia.com\/de\/wp-json\/wp\/v2\/product_cat?post=237433"},{"taxonomy":"product_tag","embeddable":true,"href":"https:\/\/aromasentia.com\/de\/wp-json\/wp\/v2\/product_tag?post=237433"}],"curies":[{"name":"wp","href":"https:\/\/api.w.org\/{rel}","templated":true}]}}