{"id":237429,"date":"2025-03-21T00:56:52","date_gmt":"2025-03-21T00:56:52","guid":{"rendered":"https:\/\/aromasentia.com\/product\/wild-hare-solid-shampoo-60g-orchid\/"},"modified":"2025-12-30T20:25:55","modified_gmt":"2025-12-30T20:25:55","slug":"wild-hare-festes-shampoo-60g-orchidee","status":"publish","type":"product","link":"https:\/\/aromasentia.com\/de\/wild-hare-festes-shampoo-60g-orchidee\/","title":{"rendered":"Wild Hare&#8216; Festes Shampoo 60g &#8211; Orchidee"},"content":{"rendered":"<p>Verabschieden Sie sich vom Bad Hair Day mit <strong>Aroma Sentia-ping Wild Hare Festes Shampoo 60 g \u2013 Orchidee<\/strong><strong><\/strong><\/p>\n<p>Dieses feste Shampoo-St\u00fcck macht das Haar Ihrer Kunden unglaublich weich, gepflegt, gl\u00e4nzend und frei von Ablagerungen.<\/p>\n<p>Funktioniert gut bei hartem Wasser, Wild Hare Shampoo-St\u00fccke sind auch f\u00fcr Vegetarier und Veganer geeignet, sie sind au\u00dferdem plastikfrei, palm\u00f6lfrei, SLS-, SLES- und parabenfrei.<\/p>\n<p><strong>Anwendung:<\/strong> Befeuchten Sie das feste Shampoo-St\u00fcck zwischen Ihren H\u00e4nden. Reiben Sie es in Ihren H\u00e4nden oder auf Ihrer Kopfhaut. Das Shampoo-St\u00fcck sch\u00e4umt und verstr\u00f6mt einen unwiderstehlichen Duft.<\/p>\n<p><strong>Aufbewahrung:<\/strong> K\u00fchl und trocken lagern, vorzugsweise in einer gut durchl\u00e4ssigen Seifenschale.<\/p>\n<p>* Hergestellt in Gro\u00dfbritannien * Reisefreundlich 60 g * jeweils f\u00fcr ca. 40\u201360 Haarw\u00e4schen * Vegan *<\/p>\n<p><span style=\"color: rgb(184, 49, 47);\"><strong>Lassen Sie sich diese fantastischen Shampoo-St\u00fccke nicht entgehen. F\u00fcgen Sie sie jetzt Ihrem E-Shop-Angebot hinzu<\/strong><\/span>.<\/p>\n","protected":false},"excerpt":{"rendered":"<p>Verabschieden Sie sich vom Bad Hair Day mit Aroma Sentia-ping Wild Hare Festes Shampoo 60 g \u2013 Orchidee Dieses feste Shampoo-St\u00fcck macht das Haar Ihrer Kunden unglaublich weich, gepflegt, gl\u00e4nzend und frei von Ablagerungen. Funktioniert gut bei hartem Wasser, Wild Hare Shampoo-St\u00fccke sind auch f\u00fcr Vegetarier und Veganer geeignet, sie sind au\u00dferdem plastikfrei, palm\u00f6lfrei, SLS-, [&hellip;]<\/p>\n","protected":false},"featured_media":302026,"comment_status":"closed","ping_status":"open","template":"","meta":[],"product_brand":[27160],"product_cat":[19448,20553],"product_tag":[],"class_list":{"0":"post-237429","1":"product","2":"type-product","3":"status-publish","4":"has-post-thumbnail","6":"product_brand-wild-hare","7":"product_cat-bad-und-korper","8":"product_cat-haarpflege","9":"pa_collection-wild-hare-solid-shampoo-60g-de","10":"pa_made-in-vereinigtes-koenigreich","11":"pa_size-60g","13":"first","14":"instock","15":"purchasable","16":"product-type-simple"},"supplier_id":null,"supplier_sku":"WHSS-01","barcode":null,"atum_controlled":true,"out_stock_date":null,"out_stock_threshold":null,"inheritable":false,"inbound_stock":0,"stock_on_hold":0,"sold_today":0,"sales_last_days":0,"reserved_stock":0,"customer_returns":0,"warehouse_damage":0,"lost_in_post":0,"other_logs":0,"out_stock_days":0,"lost_sales":0,"has_location":false,"update_date":"2026-02-10T10:27:39","atum_locations":[],"atum_stock_status":"instock","restock_status":false,"low_stock_amount":"","sales_update_date":"2025-09-05T00:21:26","calc_backorders":null,"_links":{"self":[{"href":"https:\/\/aromasentia.com\/de\/wp-json\/wp\/v2\/product\/237429","targetHints":{"allow":["GET"]}}],"collection":[{"href":"https:\/\/aromasentia.com\/de\/wp-json\/wp\/v2\/product"}],"about":[{"href":"https:\/\/aromasentia.com\/de\/wp-json\/wp\/v2\/types\/product"}],"replies":[{"embeddable":true,"href":"https:\/\/aromasentia.com\/de\/wp-json\/wp\/v2\/comments?post=237429"}],"version-history":[{"count":0,"href":"https:\/\/aromasentia.com\/de\/wp-json\/wp\/v2\/product\/237429\/revisions"}],"wp:featuredmedia":[{"embeddable":true,"href":"https:\/\/aromasentia.com\/de\/wp-json\/wp\/v2\/media\/302026"}],"wp:attachment":[{"href":"https:\/\/aromasentia.com\/de\/wp-json\/wp\/v2\/media?parent=237429"}],"wp:term":[{"taxonomy":"product_brand","embeddable":true,"href":"https:\/\/aromasentia.com\/de\/wp-json\/wp\/v2\/product_brand?post=237429"},{"taxonomy":"product_cat","embeddable":true,"href":"https:\/\/aromasentia.com\/de\/wp-json\/wp\/v2\/product_cat?post=237429"},{"taxonomy":"product_tag","embeddable":true,"href":"https:\/\/aromasentia.com\/de\/wp-json\/wp\/v2\/product_tag?post=237429"}],"curies":[{"name":"wp","href":"https:\/\/api.w.org\/{rel}","templated":true}]}}