{"id":237421,"date":"2025-03-21T00:57:13","date_gmt":"2025-03-21T00:57:13","guid":{"rendered":"https:\/\/aromasentia.com\/product\/break-the-ice-christmas-bath-bomb-gift-pack\/"},"modified":"2025-12-30T20:25:55","modified_gmt":"2025-12-30T20:25:55","slug":"break-the-ice-weihnachts-badebomben-geschenkpaket","status":"publish","type":"product","link":"https:\/\/aromasentia.com\/de\/break-the-ice-weihnachts-badebomben-geschenkpaket\/","title":{"rendered":"Break the Ice Weihnachts-Badebomben-Geschenkpaket"},"content":{"rendered":"<p><span style=\"color: rgb(75, 80, 88);\">Machen Sie sich bereit, die Weihnachtsstimmung zu steigern und mit diesem fantastischen <strong>Break the Ice Weihnachts-Badebomben-Geschenkpaket<\/strong> eine richtig festliche Stimmung zu verbreiten.<\/span><\/p>\n<p><span style=\"color: rgb(75, 80, 88);\">Egal, ob Sie ein Einzelh\u00e4ndler sind, der seine Regale mit Weihnachtszauber f\u00fcllen m\u00f6chte, oder ein Gesch\u00e4ftsinhaber, der unvergessliche Firmengeschenke plant, unser Weihnachts-Badebomben-Geschenkpaket ist Ihre erste Wahl.<\/span><\/p>\n<p><span style=\"color: rgb(75, 80, 88);\"><em>Dieses Set enth\u00e4lt:<\/em><\/span><\/p>\n<p><span style=\"color: rgb(75, 80, 88);\"><strong>2x Schneeflocken-Badebomben<\/strong> (je 80 g) mit dem Duft: <em>White Christmas<\/em><\/span><\/p>\n<p><span style=\"color: rgb(235, 107, 86);\">Kopfnote: Eukalyptus &#8211; Minze &#8211; Orange<\/span><\/p>\n<p><span style=\"color: rgb(235, 107, 86);\">Herznote: Lilie &#8211; Hyazinthe &#8211; Orchidee &#8211; Rose &#8211; Erde &#8211; Himbeere &#8211; Erdbeere &#8211; Brombeere &#8211; Cassis &#8211; Ananas &#8211; Flieder &#8211; Wein<\/span><\/p>\n<p><span style=\"color: rgb(75, 80, 88);\">Basisnote: Zeder &#8211; Amber &#8211; Moschus &#8211; Gebrannter Zucker &#8211; Vanille<\/span><\/p>\n<p><span style=\"color: rgb(75, 80, 88);\"><strong>2x Schlittschuh-Badebomben<\/strong> (je 80 g) mit dem Duft: <em>Frosted Sugar Plum<\/em><\/span><\/p>\n<p><span style=\"color: rgb(235, 107, 86);\">Kopfnote: Pflaume &#8211; Winterbeeren<\/span><\/p>\n<p><span style=\"color: rgb(235, 107, 86);\">Herznote:&nbsp;Zucker<\/span><\/p>\n<p><span style=\"color: rgb(235, 107, 86);\">Basisnote: Vanille<\/span><\/p>\n<p><span style=\"color: rgb(75, 80, 88);\"><em>Einzeln eingeschwei\u00dft<\/em> <\/span><\/p>\n","protected":false},"excerpt":{"rendered":"<p>Machen Sie sich bereit, die Weihnachtsstimmung zu steigern und mit diesem fantastischen Break the Ice Weihnachts-Badebomben-Geschenkpaket eine richtig festliche Stimmung zu verbreiten. Egal, ob Sie ein Einzelh\u00e4ndler sind, der seine Regale mit Weihnachtszauber f\u00fcllen m\u00f6chte, oder ein Gesch\u00e4ftsinhaber, der unvergessliche Firmengeschenke plant, unser Weihnachts-Badebomben-Geschenkpaket ist Ihre erste Wahl. Dieses Set enth\u00e4lt: 2x Schneeflocken-Badebomben (je 80 [&hellip;]<\/p>\n","protected":false},"featured_media":668645,"comment_status":"closed","ping_status":"open","template":"","meta":[],"product_brand":[],"product_cat":[19448,20511,20512,27380],"product_tag":[],"class_list":{"0":"post-237421","1":"product","2":"type-product","3":"status-publish","4":"has-post-thumbnail","6":"product_cat-bad-und-korper","7":"product_cat-badebomben-badekugeln","8":"product_cat-geschenksets","9":"product_cat-weihnachtsdufte","10":"pa_collection-christmas-bath-bomb-gift-pack-de","11":"pa_made-in-vereinigtes-koenigreich","13":"first","14":"instock","15":"purchasable","16":"product-type-simple"},"supplier_id":null,"supplier_sku":"XBB-04","barcode":null,"atum_controlled":true,"out_stock_date":null,"out_stock_threshold":null,"inheritable":false,"inbound_stock":0,"stock_on_hold":0,"sold_today":0,"sales_last_days":0,"reserved_stock":0,"customer_returns":0,"warehouse_damage":0,"lost_in_post":0,"other_logs":0,"out_stock_days":0,"lost_sales":0,"has_location":false,"update_date":"2026-01-30T01:24:38","atum_locations":[],"atum_stock_status":"instock","restock_status":false,"low_stock_amount":"","sales_update_date":"2026-01-30T01:24:38","calc_backorders":null,"_links":{"self":[{"href":"https:\/\/aromasentia.com\/de\/wp-json\/wp\/v2\/product\/237421","targetHints":{"allow":["GET"]}}],"collection":[{"href":"https:\/\/aromasentia.com\/de\/wp-json\/wp\/v2\/product"}],"about":[{"href":"https:\/\/aromasentia.com\/de\/wp-json\/wp\/v2\/types\/product"}],"replies":[{"embeddable":true,"href":"https:\/\/aromasentia.com\/de\/wp-json\/wp\/v2\/comments?post=237421"}],"version-history":[{"count":0,"href":"https:\/\/aromasentia.com\/de\/wp-json\/wp\/v2\/product\/237421\/revisions"}],"wp:featuredmedia":[{"embeddable":true,"href":"https:\/\/aromasentia.com\/de\/wp-json\/wp\/v2\/media\/668645"}],"wp:attachment":[{"href":"https:\/\/aromasentia.com\/de\/wp-json\/wp\/v2\/media?parent=237421"}],"wp:term":[{"taxonomy":"product_brand","embeddable":true,"href":"https:\/\/aromasentia.com\/de\/wp-json\/wp\/v2\/product_brand?post=237421"},{"taxonomy":"product_cat","embeddable":true,"href":"https:\/\/aromasentia.com\/de\/wp-json\/wp\/v2\/product_cat?post=237421"},{"taxonomy":"product_tag","embeddable":true,"href":"https:\/\/aromasentia.com\/de\/wp-json\/wp\/v2\/product_tag?post=237421"}],"curies":[{"name":"wp","href":"https:\/\/api.w.org\/{rel}","templated":true}]}}