{"id":237417,"date":"2025-03-21T00:57:13","date_gmt":"2025-03-21T00:57:13","guid":{"rendered":"https:\/\/aromasentia.com\/product\/christmas-wish-list-christmas-bath-bomb-gift-pack\/"},"modified":"2025-12-30T20:25:55","modified_gmt":"2025-12-30T20:25:55","slug":"weihnachtswunschliste-weihnachts-badebomben-geschenkpaket","status":"publish","type":"product","link":"https:\/\/aromasentia.com\/de\/weihnachtswunschliste-weihnachts-badebomben-geschenkpaket\/","title":{"rendered":"Weihnachtswunschliste Weihnachts-Badebomben-Geschenkpaket"},"content":{"rendered":"<p><span style=\"color: rgb(75, 80, 88);\">Machen Sie sich bereit, die Weihnachtsstimmung zu steigern und mit diesem fantastischen <strong>Weihnachtswunschliste-Geschenkpaket mit Badebomben eine richtig festliche Stimmung zu verbreiten.<\/strong><\/span><\/p>\n<p><span style=\"color: rgb(75, 80, 88);\">Egal, ob Sie ein Einzelh\u00e4ndler sind, der seine Regale mit Weihnachtszauber f\u00fcllen m\u00f6chte, oder ein Gesch\u00e4ftsinhaber, der unvergessliche Firmengeschenke plant, unser Weihnachts-Badebomben-Geschenkpaket ist Ihre erste Wahl.<\/span><\/p>\n<p><span style=\"color: rgb(75, 80, 88);\"><em>Dieses Set enth\u00e4lt:<\/em><\/span><\/p>\n<p><span style=\"color: rgb(75, 80, 88);\"><strong>1x Schneeflocken-Badebombe<\/strong> (80 g) mit dem Duft: White Christmas<\/span><\/p>\n<p><span style=\"color: rgb(235, 107, 86);\">Kopfnote: Eukalyptus &#8211; Minze &#8211; Orange<\/span><\/p>\n<p><span style=\"color: rgb(235, 107, 86);\">Herznote:&nbsp;Lilie &#8211; Hyazinthe &#8211; Orchidee &#8211; Rose &#8211; Erde &#8211; Himbeere &#8211; Erdbeere &#8211; Brombeere &#8211; Cassis &#8211; Ananas &#8211; Flieder &#8211; Wein<\/span><\/p>\n<p><span style=\"color: rgb(235, 107, 86);\">Basisnote: Zeder &#8211; Amber &#8211; Moschus &#8211; Gebrannter Zucker &#8211; Vanille<\/span><\/p>\n<p><span style=\"color: rgb(75, 80, 88);\"><strong>1x Sternen-Badebomben<\/strong> (50g ) mit dem Duft: Gem\u00fctliche Wintern\u00e4chte<\/span><\/p>\n<p><span style=\"color: rgb(235, 107, 86);\">Kopfnote: Zimt &#8211; Gew\u00fcrznelke<\/span><\/p>\n<p><span style=\"color: rgb(235, 107, 86);\">Herznote:&nbsp;Jasmin &#8211; Veilchen &#8211; Rose<\/span><\/p>\n<p><span style=\"color: rgb(235, 107, 86);\">Basisnote: Kaschmir &#8211; H\u00f6lzer &#8211; Moschus &#8211; Vanille &#8211; Safran<\/span><\/p>\n<p><span style=\"color: rgb(75, 80, 88);\"><strong>1x Weihnachtsbaum-Badebombe<\/strong> (75g ) mit dem Duft: Festlicher Morgen<\/span><\/p>\n<p><span style=\"color: rgb(235, 107, 86);\">Kopfnote: Wildleder &#8211; Rosa Pfeffer &#8211; Veilchenbl\u00e4tter &#8211; Safran<\/span><\/p>\n<p><span style=\"color: rgb(235, 107, 86);\">Herznote: Lilie &#8211; Jasmin &#8211; Iris &#8211; Zimt<\/span><\/p>\n<p><span style=\"color: rgb(235, 107, 86);\">Basisnote: Leder &#8211; Patchouli &#8211; Sandelholz &#8211; Amber &#8211; Samth\u00f6lzer &#8211; Adlerholz<\/span><\/p>\n<p><span style=\"color: rgb(75, 80, 88);\"><strong>1x Lebkuchenhaus-Badebombe<\/strong> (80g ) mit dem Duft: Warmer Lebkuchen<\/span><\/p>\n<p><span style=\"color: rgb(235, 107, 86);\">Kopfnote: Orange &#8211; Zimt<\/span><\/p>\n<p><span style=\"color: rgb(235, 107, 86);\">Herznote: Ingwergew\u00fcrze<\/span><\/p>\n<p><span style=\"color: rgb(235, 107, 86);\">Basisnote: Butterkeks &#8211; Zucker &#8211; Vanille.<\/span><\/p>\n<p><span style=\"color: rgb(75, 80, 88);\"><em>Einzeln eingeschwei\u00dft<\/em> <\/span><\/p>\n","protected":false},"excerpt":{"rendered":"<p>Machen Sie sich bereit, die Weihnachtsstimmung zu steigern und mit diesem fantastischen Weihnachtswunschliste-Geschenkpaket mit Badebomben eine richtig festliche Stimmung zu verbreiten. Egal, ob Sie ein Einzelh\u00e4ndler sind, der seine Regale mit Weihnachtszauber f\u00fcllen m\u00f6chte, oder ein Gesch\u00e4ftsinhaber, der unvergessliche Firmengeschenke plant, unser Weihnachts-Badebomben-Geschenkpaket ist Ihre erste Wahl. Dieses Set enth\u00e4lt: 1x Schneeflocken-Badebombe (80 g) mit [&hellip;]<\/p>\n","protected":false},"featured_media":668491,"comment_status":"closed","ping_status":"open","template":"","meta":{"_angie_page":false},"product_brand":[],"product_cat":[19448,20511,20512,27380],"product_tag":[],"class_list":{"0":"post-237417","1":"product","2":"type-product","3":"status-publish","4":"has-post-thumbnail","6":"product_cat-bad-und-korper","7":"product_cat-badebomben-badekugeln","8":"product_cat-geschenksets","9":"product_cat-weihnachtsdufte","10":"pa_collection-christmas-bath-bomb-gift-pack-de","11":"pa_made-in-vereinigtes-koenigreich","13":"first","14":"instock","15":"purchasable","16":"product-type-simple"},"supplier_id":null,"supplier_sku":"XBB-05","barcode":null,"atum_controlled":true,"out_stock_date":null,"out_stock_threshold":null,"inheritable":false,"inbound_stock":0,"stock_on_hold":0,"sold_today":0,"sales_last_days":0,"reserved_stock":0,"customer_returns":0,"warehouse_damage":0,"lost_in_post":0,"other_logs":0,"out_stock_days":0,"lost_sales":0,"has_location":false,"update_date":"2026-04-27T07:27:23","atum_locations":[],"atum_stock_status":"instock","restock_status":false,"low_stock_amount":"","sales_update_date":"2026-01-30T01:26:35","calc_backorders":null,"_links":{"self":[{"href":"https:\/\/aromasentia.com\/de\/wp-json\/wp\/v2\/product\/237417","targetHints":{"allow":["GET"]}}],"collection":[{"href":"https:\/\/aromasentia.com\/de\/wp-json\/wp\/v2\/product"}],"about":[{"href":"https:\/\/aromasentia.com\/de\/wp-json\/wp\/v2\/types\/product"}],"replies":[{"embeddable":true,"href":"https:\/\/aromasentia.com\/de\/wp-json\/wp\/v2\/comments?post=237417"}],"version-history":[{"count":0,"href":"https:\/\/aromasentia.com\/de\/wp-json\/wp\/v2\/product\/237417\/revisions"}],"wp:featuredmedia":[{"embeddable":true,"href":"https:\/\/aromasentia.com\/de\/wp-json\/wp\/v2\/media\/668491"}],"wp:attachment":[{"href":"https:\/\/aromasentia.com\/de\/wp-json\/wp\/v2\/media?parent=237417"}],"wp:term":[{"taxonomy":"product_brand","embeddable":true,"href":"https:\/\/aromasentia.com\/de\/wp-json\/wp\/v2\/product_brand?post=237417"},{"taxonomy":"product_cat","embeddable":true,"href":"https:\/\/aromasentia.com\/de\/wp-json\/wp\/v2\/product_cat?post=237417"},{"taxonomy":"product_tag","embeddable":true,"href":"https:\/\/aromasentia.com\/de\/wp-json\/wp\/v2\/product_tag?post=237417"}],"curies":[{"name":"wp","href":"https:\/\/api.w.org\/{rel}","templated":true}]}}