{"id":237397,"date":"2025-03-21T00:57:40","date_gmt":"2025-03-21T00:57:40","guid":{"rendered":"https:\/\/aromasentia.com\/product\/christmas-fun-bath-bomb-gift-pack\/"},"modified":"2025-12-30T20:25:55","modified_gmt":"2025-12-30T20:25:55","slug":"weihnachtsspass-badebomben-geschenkpaket","status":"publish","type":"product","link":"https:\/\/aromasentia.com\/de\/weihnachtsspass-badebomben-geschenkpaket\/","title":{"rendered":"Weihnachtsspa\u00df-Badebomben-Geschenkpaket"},"content":{"rendered":"<p><span style=\"color: rgb(75, 80, 88);\"><strong>Machen Sie sich bereit, mit diesem fantastischen Weihnachts-Badebomben-Geschenkpaket richtig festliche Stimmung zu verbreiten.<\/strong><\/span><\/p>\n<p><span style=\"color: rgb(75, 80, 88);\">Wenn Sie neue und bestehende Kunden mit Weihnachtszauber anlocken m\u00f6chten oder als Gesch\u00e4ftsinhaber unvergessliche Firmengeschenke f\u00fcr Ihre Freunde, Mitarbeiter oder Liebsten planen, ist unser Weihnachts-Badebomben-Geschenkpaket die richtige Wahl.<\/span><\/p>\n<p><span style=\"color: rgb(75, 80, 88);\"><strong>Dieses Set enth\u00e4lt:<\/strong><\/span><\/p>\n<p><span style=\"color: rgb(75, 80, 88);\"><strong>1x Lebkuchen-Badebombe (80 g)<\/strong> <em>mit dem Duft: Warmer Lebkuchen:<\/em><\/span><\/p>\n<p><span style=\"color: rgb(97, 189, 109);\">Kopfnote: Orange &#8211; Zimt<\/span><\/p>\n<p><span style=\"color: rgb(97, 189, 109);\">Herznote: Ingwer-Gew\u00fcrze<\/span><\/p>\n<p><span style=\"color: rgb(97, 189, 109);\">Basisnote: Butterkeks &#8211; Zucker &#8211; Vanille<\/span><\/p>\n<p><span style=\"color: rgb(75, 80, 88);\"><strong>1x Schlittschuh-Badebomben (80g)<\/strong> <em>mit dem Duft: Frosted Sugar Plum:<\/em><\/span><\/p>\n<p><span style=\"color: rgb(97, 189, 109);\">Kopfnote: Pflaume &#8211; Winterbeeren<\/span><\/p>\n<p><span style=\"color: rgb(97, 189, 109);\">Herznote:&nbsp;Zucker<\/span><\/p>\n<p><span style=\"color: rgb(97, 189, 109);\">Basisnote: Vanille<\/span><\/p>\n<p><span style=\"color: rgb(75, 80, 88);\"><strong>1x Schneemann-Badebombe (80g)<em> <\/em><\/strong><em>mit dem Duft: Stechpalme &amp; Efeu:<\/em><\/span><\/p>\n<p><span style=\"color: rgb(97, 189, 109);\">Kopfnote: Rosmarin &#8211; Gr\u00fcne Bl\u00e4tter<\/span><\/p>\n<p><span style=\"color: rgb(97, 189, 109);\">Herznote:&nbsp;Zedernholz<\/span><\/p>\n<p><span style=\"color: rgb(97, 189, 109);\">Basisnote: Moschus &#8211; Ambra (synthetische Alternative)<\/span><\/p>\n<p><span style=\"color: rgb(75, 80, 88);\"><strong>1x Rentier-Badebombe (80g)<\/strong> <em>mit dem Duft: Hei\u00dfe Schokolade:<\/em><\/span><\/p>\n<p><span style=\"color: rgb(97, 189, 109);\">Kopfnote: &nbsp;Schokolade<\/span><\/p>\n<p><span style=\"color: rgb(97, 189, 109);\">Herznote: Honig<\/span><\/p>\n<p><span style=\"color: rgb(97, 189, 109);\">Basisnote: Vanille<\/span><\/p>\n<p><span style=\"color: rgb(75, 80, 88);\"><em>Einzeln eingeschwei\u00dft.<\/em><\/span><\/p>\n","protected":false},"excerpt":{"rendered":"<p>Machen Sie sich bereit, mit diesem fantastischen Weihnachts-Badebomben-Geschenkpaket richtig festliche Stimmung zu verbreiten. Wenn Sie neue und bestehende Kunden mit Weihnachtszauber anlocken m\u00f6chten oder als Gesch\u00e4ftsinhaber unvergessliche Firmengeschenke f\u00fcr Ihre Freunde, Mitarbeiter oder Liebsten planen, ist unser Weihnachts-Badebomben-Geschenkpaket die richtige Wahl. Dieses Set enth\u00e4lt: 1x Lebkuchen-Badebombe (80 g) mit dem Duft: Warmer Lebkuchen: Kopfnote: Orange [&hellip;]<\/p>\n","protected":false},"featured_media":668519,"comment_status":"closed","ping_status":"open","template":"","meta":{"_angie_page":false},"product_brand":[],"product_cat":[19448,20511,20512,27380],"product_tag":[],"class_list":{"0":"post-237397","1":"product","2":"type-product","3":"status-publish","4":"has-post-thumbnail","6":"product_cat-bad-und-korper","7":"product_cat-badebomben-badekugeln","8":"product_cat-geschenksets","9":"product_cat-weihnachtsdufte","10":"pa_collection-christmas-bath-bomb-gift-pack-de","11":"pa_made-in-vereinigtes-koenigreich","13":"first","14":"instock","15":"purchasable","16":"product-type-simple"},"supplier_id":null,"supplier_sku":"XBB-06","barcode":null,"atum_controlled":true,"out_stock_date":null,"out_stock_threshold":null,"inheritable":false,"inbound_stock":0,"stock_on_hold":0,"sold_today":0,"sales_last_days":0,"reserved_stock":0,"customer_returns":0,"warehouse_damage":0,"lost_in_post":0,"other_logs":0,"out_stock_days":0,"lost_sales":0,"has_location":false,"update_date":"2026-04-27T07:27:23","atum_locations":[],"atum_stock_status":"instock","restock_status":false,"low_stock_amount":"","sales_update_date":"2026-02-06T00:00:49","calc_backorders":null,"_links":{"self":[{"href":"https:\/\/aromasentia.com\/de\/wp-json\/wp\/v2\/product\/237397","targetHints":{"allow":["GET"]}}],"collection":[{"href":"https:\/\/aromasentia.com\/de\/wp-json\/wp\/v2\/product"}],"about":[{"href":"https:\/\/aromasentia.com\/de\/wp-json\/wp\/v2\/types\/product"}],"replies":[{"embeddable":true,"href":"https:\/\/aromasentia.com\/de\/wp-json\/wp\/v2\/comments?post=237397"}],"version-history":[{"count":0,"href":"https:\/\/aromasentia.com\/de\/wp-json\/wp\/v2\/product\/237397\/revisions"}],"wp:featuredmedia":[{"embeddable":true,"href":"https:\/\/aromasentia.com\/de\/wp-json\/wp\/v2\/media\/668519"}],"wp:attachment":[{"href":"https:\/\/aromasentia.com\/de\/wp-json\/wp\/v2\/media?parent=237397"}],"wp:term":[{"taxonomy":"product_brand","embeddable":true,"href":"https:\/\/aromasentia.com\/de\/wp-json\/wp\/v2\/product_brand?post=237397"},{"taxonomy":"product_cat","embeddable":true,"href":"https:\/\/aromasentia.com\/de\/wp-json\/wp\/v2\/product_cat?post=237397"},{"taxonomy":"product_tag","embeddable":true,"href":"https:\/\/aromasentia.com\/de\/wp-json\/wp\/v2\/product_tag?post=237397"}],"curies":[{"name":"wp","href":"https:\/\/api.w.org\/{rel}","templated":true}]}}