{"id":237393,"date":"2025-03-21T00:57:40","date_gmt":"2025-03-21T00:57:40","guid":{"rendered":"https:\/\/aromasentia.com\/product\/gingerbread-town-christmas-bath-bomb-gift-pack\/"},"modified":"2025-12-30T20:25:48","modified_gmt":"2025-12-30T20:25:48","slug":"gingerbread-town-weihnachts-badebomben-geschenkpaket","status":"publish","type":"product","link":"https:\/\/aromasentia.com\/de\/gingerbread-town-weihnachts-badebomben-geschenkpaket\/","title":{"rendered":"Gingerbread Town Weihnachts-Badebomben-Geschenkpaket"},"content":{"rendered":"<p><span style=\"color: rgb(75, 80, 88);\">Machen Sie sich bereit, die Feiertagsstimmung zu steigern und mit diesem fantastischen <strong>Gingerbread Town Weihnachts-Badebomben-Geschenkpaket richtig festliche Stimmung zu verbreiten. <\/strong><\/span><\/p>\n<p><span style=\"color: rgb(75, 80, 88);\">Ob Sie ein Einzelh\u00e4ndler sind, der seine Regale mit Weihnachtszauber f\u00fcllen m\u00f6chte, oder ein Gesch\u00e4ftsinhaber, der unvergessliche Firmengeschenke plant, unser Weihnachts-Badebomben-Geschenkpaket ist Ihre erste Wahl.&nbsp;<\/span><\/p>\n<p><span style=\"color: rgb(75, 80, 88);\">Dieses Set enth\u00e4lt:<\/span><\/p>\n<p><span style=\"color: rgb(75, 80, 88);\"><strong>2x Weihnachtsbaum-Badebomben<\/strong> (je 75 g) mit dem Duft: <em>Festlicher Morgen<\/em><\/span><\/p>\n<p><span style=\"color: rgb(235, 107, 86);\">Kopfnoten: Wildleder \u2013 Rosa Pfeffer \u2013 Veilchenbl\u00e4tter \u2013 Safran<\/span><\/p>\n<p><span style=\"color: rgb(235, 107, 86);\">Herznote: Lilie &#8211; Jasmin &#8211; Iris &#8211; Zimt<\/span><\/p>\n<p><span style=\"color: rgb(235, 107, 86);\">Basisnote: Leder &#8211; Patchouli &#8211; Sandelholz &#8211; Amber &#8211; Samth\u00f6lzer &#8211; Adlerholz<\/span><\/p>\n<p><span style=\"color: rgb(75, 80, 88);\"><strong>2x Lebkuchenhaus-Badebomben<\/strong> (je 80 g) mit dem Duft: <em>Warm Gingerbread<\/em><\/span><\/p>\n<p><span style=\"color: rgb(75, 80, 88);\">Kopfnote: Orange &#8211; Zimt<\/span><\/p>\n<p><span style=\"color: rgb(235, 107, 86);\">Herz Noten: Ingwer-Gew\u00fcrze<\/span><\/p>\n<p><span style=\"color: rgb(235, 107, 86);\">Basisnoten: Butterkeks \u2013 Zucker \u2013 Vanille<\/span><\/p>\n<p><span style=\"color: rgb(75, 80, 88);\"><em>.Einzeln eingeschwei\u00dft<\/em><\/span><\/p>\n","protected":false},"excerpt":{"rendered":"<p>Machen Sie sich bereit, die Feiertagsstimmung zu steigern und mit diesem fantastischen Gingerbread Town Weihnachts-Badebomben-Geschenkpaket richtig festliche Stimmung zu verbreiten. Ob Sie ein Einzelh\u00e4ndler sind, der seine Regale mit Weihnachtszauber f\u00fcllen m\u00f6chte, oder ein Gesch\u00e4ftsinhaber, der unvergessliche Firmengeschenke plant, unser Weihnachts-Badebomben-Geschenkpaket ist Ihre erste Wahl.&nbsp; Dieses Set enth\u00e4lt: 2x Weihnachtsbaum-Badebomben (je 75 g) mit dem [&hellip;]<\/p>\n","protected":false},"featured_media":668533,"comment_status":"closed","ping_status":"open","template":"","meta":{"_angie_page":false},"product_brand":[],"product_cat":[19448,20511,25841,26195,20512,27380,26889],"product_tag":[],"class_list":{"0":"post-237393","1":"product","2":"type-product","3":"status-publish","4":"has-post-thumbnail","6":"product_cat-bad-und-korper","7":"product_cat-badebomben-badekugeln","8":"product_cat-dufte-aromen","9":"product_cat-geranie","10":"product_cat-geschenksets","11":"product_cat-weihnachtsdufte","12":"product_cat-wurzig","13":"pa_collection-christmas-bath-bomb-gift-pack-de","14":"pa_made-in-vereinigtes-koenigreich","16":"first","17":"instock","18":"purchasable","19":"product-type-simple"},"supplier_id":null,"supplier_sku":"XBB-01","barcode":null,"atum_controlled":true,"out_stock_date":null,"out_stock_threshold":null,"inheritable":false,"inbound_stock":0,"stock_on_hold":0,"sold_today":0,"sales_last_days":0,"reserved_stock":0,"customer_returns":0,"warehouse_damage":0,"lost_in_post":0,"other_logs":0,"out_stock_days":0,"lost_sales":0,"has_location":false,"update_date":"2026-04-27T07:27:18","atum_locations":[],"atum_stock_status":"instock","restock_status":false,"low_stock_amount":"","sales_update_date":"2026-01-30T01:26:36","calc_backorders":null,"_links":{"self":[{"href":"https:\/\/aromasentia.com\/de\/wp-json\/wp\/v2\/product\/237393","targetHints":{"allow":["GET"]}}],"collection":[{"href":"https:\/\/aromasentia.com\/de\/wp-json\/wp\/v2\/product"}],"about":[{"href":"https:\/\/aromasentia.com\/de\/wp-json\/wp\/v2\/types\/product"}],"replies":[{"embeddable":true,"href":"https:\/\/aromasentia.com\/de\/wp-json\/wp\/v2\/comments?post=237393"}],"version-history":[{"count":0,"href":"https:\/\/aromasentia.com\/de\/wp-json\/wp\/v2\/product\/237393\/revisions"}],"wp:featuredmedia":[{"embeddable":true,"href":"https:\/\/aromasentia.com\/de\/wp-json\/wp\/v2\/media\/668533"}],"wp:attachment":[{"href":"https:\/\/aromasentia.com\/de\/wp-json\/wp\/v2\/media?parent=237393"}],"wp:term":[{"taxonomy":"product_brand","embeddable":true,"href":"https:\/\/aromasentia.com\/de\/wp-json\/wp\/v2\/product_brand?post=237393"},{"taxonomy":"product_cat","embeddable":true,"href":"https:\/\/aromasentia.com\/de\/wp-json\/wp\/v2\/product_cat?post=237393"},{"taxonomy":"product_tag","embeddable":true,"href":"https:\/\/aromasentia.com\/de\/wp-json\/wp\/v2\/product_tag?post=237393"}],"curies":[{"name":"wp","href":"https:\/\/api.w.org\/{rel}","templated":true}]}}