{"id":237389,"date":"2025-03-21T00:57:40","date_gmt":"2025-03-21T00:57:40","guid":{"rendered":"https:\/\/aromasentia.com\/product\/silent-night-christmas-bath-bomb-gift-pack\/"},"modified":"2025-12-30T20:25:48","modified_gmt":"2025-12-30T20:25:48","slug":"stille-nacht-weihnachtsbadebomben-geschenkpaket","status":"publish","type":"product","link":"https:\/\/aromasentia.com\/de\/stille-nacht-weihnachtsbadebomben-geschenkpaket\/","title":{"rendered":"Stille-Nacht-Weihnachtsbadebomben-Geschenkpaket"},"content":{"rendered":"<p><span style=\"color: rgb(75, 80, 88);\">Machen Sie sich bereit, die Weihnachtsstimmung zu steigern und mit diesem fantastischen <strong>Stille Nacht Weihnachts-Badebomben-Geschenkpaket<\/strong> eine richtig festliche Stimmung zu verbreiten.<\/span><\/p>\n<p><span style=\"color: rgb(75, 80, 88);\">Egal, ob Sie ein Einzelh\u00e4ndler sind, der seine Regale mit Weihnachtszauber f\u00fcllen m\u00f6chte, oder ein Gesch\u00e4ftsinhaber, der unvergessliche Firmengeschenke plant, unser Weihnachts-Badebomben-Geschenkpaket ist Ihre erste Wahl.<\/span><\/p>\n<p><span style=\"color: rgb(75, 80, 88);\"><em>Dieses Set enth\u00e4lt:<\/em><\/span><\/p>\n<p><span style=\"color: rgb(75, 80, 88);\"><strong>2x Weihnachtsbaum-Badebomben<\/strong> (je 75 g) mit dem Duft: Festlicher Morgen<\/span><\/p>\n<p><span style=\"color: rgb(235, 107, 86);\">Kopfnote: Wildleder &#8211; Rosa Pfeffer &#8211; Veilchenbl\u00e4tter &#8211; Safran<\/span><\/p>\n<p><span style=\"color: rgb(235, 107, 86);\">Herznote: Lilie &#8211; Jasmin &#8211; Iris &#8211; Zimt<\/span><\/p>\n<p><span style=\"color: rgb(235, 107, 86);\">Basisnote: Leder &#8211; Patchouli &#8211; Sandelholz &#8211; Amber &#8211; Samth\u00f6lzer &#8211; Adlerholz<\/span><\/p>\n<p><span style=\"color: rgb(75, 80, 88);\"><strong>2x Sternen-Badebomben (je 50g) mit dem Duft:<\/strong><em>&nbsp;Cosy Winter Nights<\/em><\/span><\/p>\n<p><span style=\"color: rgb(235, 107, 86);\">Kopfnote: Zimt &#8211; Gew\u00fcrznelke<\/span><\/p>\n<p><span style=\"color: rgb(235, 107, 86);\">Herznoten:&nbsp;Jasmin &#8211; Veilchen &#8211; Rose<\/span><\/p>\n<p><span style=\"color: rgb(235, 107, 86);\">Basisnoten: Kaschmir &#8211; H\u00f6lzer &#8211; Moschus &#8211; Vanille &#8211; Safran<\/span><\/p>\n<p><span style=\"color: rgb(75, 80, 88);\">Einzeln eingeschwei\u00dft<\/span><\/p>\n","protected":false},"excerpt":{"rendered":"<p>Machen Sie sich bereit, die Weihnachtsstimmung zu steigern und mit diesem fantastischen Stille Nacht Weihnachts-Badebomben-Geschenkpaket eine richtig festliche Stimmung zu verbreiten. Egal, ob Sie ein Einzelh\u00e4ndler sind, der seine Regale mit Weihnachtszauber f\u00fcllen m\u00f6chte, oder ein Gesch\u00e4ftsinhaber, der unvergessliche Firmengeschenke plant, unser Weihnachts-Badebomben-Geschenkpaket ist Ihre erste Wahl. Dieses Set enth\u00e4lt: 2x Weihnachtsbaum-Badebomben (je 75 g) [&hellip;]<\/p>\n","protected":false},"featured_media":668610,"comment_status":"closed","ping_status":"open","template":"","meta":{"_angie_page":false},"product_brand":[],"product_cat":[19448,20511,20512,27380],"product_tag":[],"class_list":{"0":"post-237389","1":"product","2":"type-product","3":"status-publish","4":"has-post-thumbnail","6":"product_cat-bad-und-korper","7":"product_cat-badebomben-badekugeln","8":"product_cat-geschenksets","9":"product_cat-weihnachtsdufte","10":"pa_collection-christmas-bath-bomb-gift-pack-de","11":"pa_made-in-vereinigtes-koenigreich","13":"first","14":"instock","15":"purchasable","16":"product-type-simple"},"supplier_id":null,"supplier_sku":"XBB-02","barcode":null,"atum_controlled":true,"out_stock_date":null,"out_stock_threshold":null,"inheritable":false,"inbound_stock":0,"stock_on_hold":0,"sold_today":0,"sales_last_days":0,"reserved_stock":0,"customer_returns":0,"warehouse_damage":0,"lost_in_post":0,"other_logs":0,"out_stock_days":0,"lost_sales":0,"has_location":false,"update_date":"2026-04-27T07:27:18","atum_locations":[],"atum_stock_status":"instock","restock_status":false,"low_stock_amount":"","sales_update_date":"2026-01-30T01:26:36","calc_backorders":null,"_links":{"self":[{"href":"https:\/\/aromasentia.com\/de\/wp-json\/wp\/v2\/product\/237389","targetHints":{"allow":["GET"]}}],"collection":[{"href":"https:\/\/aromasentia.com\/de\/wp-json\/wp\/v2\/product"}],"about":[{"href":"https:\/\/aromasentia.com\/de\/wp-json\/wp\/v2\/types\/product"}],"replies":[{"embeddable":true,"href":"https:\/\/aromasentia.com\/de\/wp-json\/wp\/v2\/comments?post=237389"}],"version-history":[{"count":0,"href":"https:\/\/aromasentia.com\/de\/wp-json\/wp\/v2\/product\/237389\/revisions"}],"wp:featuredmedia":[{"embeddable":true,"href":"https:\/\/aromasentia.com\/de\/wp-json\/wp\/v2\/media\/668610"}],"wp:attachment":[{"href":"https:\/\/aromasentia.com\/de\/wp-json\/wp\/v2\/media?parent=237389"}],"wp:term":[{"taxonomy":"product_brand","embeddable":true,"href":"https:\/\/aromasentia.com\/de\/wp-json\/wp\/v2\/product_brand?post=237389"},{"taxonomy":"product_cat","embeddable":true,"href":"https:\/\/aromasentia.com\/de\/wp-json\/wp\/v2\/product_cat?post=237389"},{"taxonomy":"product_tag","embeddable":true,"href":"https:\/\/aromasentia.com\/de\/wp-json\/wp\/v2\/product_tag?post=237389"}],"curies":[{"name":"wp","href":"https:\/\/api.w.org\/{rel}","templated":true}]}}