{"id":237377,"date":"2025-03-21T00:58:15","date_gmt":"2025-03-21T00:58:15","guid":{"rendered":"https:\/\/aromasentia.com\/product\/zen-shower-steamers-therapy-wellness-quartet-energising-orange\/"},"modified":"2025-12-30T20:25:48","modified_gmt":"2025-12-30T20:25:48","slug":"zen-duschdampfer-therapie-wellness-quartett-energetisierend-orange","status":"publish","type":"product","link":"https:\/\/aromasentia.com\/de\/zen-duschdampfer-therapie-wellness-quartett-energetisierend-orange\/","title":{"rendered":"Zen-Duschdampfer \u2013 Therapie-Wellness-Quartett \u2013 Energetisierend (Orange)"},"content":{"rendered":"<p>? Hergestellt in Sheffield, Gro\u00dfbritannien&nbsp;<\/p>\n<p>? Rein nat\u00fcrliche \u00e4therische \u00d6le: Pfefferminze, Weihrauch, Zitrone + Cranberrysamen &nbsp;<\/p>\n<p>? Vegan und tierversuchsfrei&nbsp;<\/p>\n<p>? Ausgewogenes und erdendes Aroma&nbsp;<\/p>\n<p>? Jedes Set enth\u00e4lt 4 Dusch-Steamer<\/p>\n<p>? Gewicht eines Steamers: 50 g<\/p>\n<p>Verpackt in einer Geschenkbox ist dieses Set ideal zum Verschenken und ein Muss f\u00fcr Ihr Gesch\u00e4ft. Einzeln eingeschwei\u00dft.<\/p>\n","protected":false},"excerpt":{"rendered":"<p>? Hergestellt in Sheffield, Gro\u00dfbritannien&nbsp; ? Rein nat\u00fcrliche \u00e4therische \u00d6le: Pfefferminze, Weihrauch, Zitrone + Cranberrysamen &nbsp; ? Vegan und tierversuchsfrei&nbsp; ? Ausgewogenes und erdendes Aroma&nbsp; ? Jedes Set enth\u00e4lt 4 Dusch-Steamer ? Gewicht eines Steamers: 50 g Verpackt in einer Geschenkbox ist dieses Set ideal zum Verschenken und ein Muss f\u00fcr Ihr Gesch\u00e4ft. Einzeln eingeschwei\u00dft.<\/p>\n","protected":false},"featured_media":302562,"comment_status":"closed","ping_status":"open","template":"","meta":{"_angie_page":false},"product_brand":[],"product_cat":[19448],"product_tag":[],"class_list":{"0":"post-237377","1":"product","2":"type-product","3":"status-publish","4":"has-post-thumbnail","6":"product_cat-bad-und-korper","7":"pa_made-in-vereinigtes-koenigreich","9":"first","10":"instock","11":"purchasable","12":"product-type-simple"},"supplier_id":null,"supplier_sku":"ZenSS-05","barcode":null,"atum_controlled":true,"out_stock_date":null,"out_stock_threshold":null,"inheritable":false,"inbound_stock":0,"stock_on_hold":0,"sold_today":0,"sales_last_days":0,"reserved_stock":0,"customer_returns":0,"warehouse_damage":0,"lost_in_post":0,"other_logs":0,"out_stock_days":15,"lost_sales":0,"has_location":false,"update_date":"2026-04-30T13:08:37","atum_locations":[],"atum_stock_status":"instock","restock_status":false,"low_stock_amount":"","sales_update_date":"2026-01-30T01:24:42","calc_backorders":null,"_links":{"self":[{"href":"https:\/\/aromasentia.com\/de\/wp-json\/wp\/v2\/product\/237377","targetHints":{"allow":["GET"]}}],"collection":[{"href":"https:\/\/aromasentia.com\/de\/wp-json\/wp\/v2\/product"}],"about":[{"href":"https:\/\/aromasentia.com\/de\/wp-json\/wp\/v2\/types\/product"}],"replies":[{"embeddable":true,"href":"https:\/\/aromasentia.com\/de\/wp-json\/wp\/v2\/comments?post=237377"}],"version-history":[{"count":0,"href":"https:\/\/aromasentia.com\/de\/wp-json\/wp\/v2\/product\/237377\/revisions"}],"wp:featuredmedia":[{"embeddable":true,"href":"https:\/\/aromasentia.com\/de\/wp-json\/wp\/v2\/media\/302562"}],"wp:attachment":[{"href":"https:\/\/aromasentia.com\/de\/wp-json\/wp\/v2\/media?parent=237377"}],"wp:term":[{"taxonomy":"product_brand","embeddable":true,"href":"https:\/\/aromasentia.com\/de\/wp-json\/wp\/v2\/product_brand?post=237377"},{"taxonomy":"product_cat","embeddable":true,"href":"https:\/\/aromasentia.com\/de\/wp-json\/wp\/v2\/product_cat?post=237377"},{"taxonomy":"product_tag","embeddable":true,"href":"https:\/\/aromasentia.com\/de\/wp-json\/wp\/v2\/product_tag?post=237377"}],"curies":[{"name":"wp","href":"https:\/\/api.w.org\/{rel}","templated":true}]}}