{"id":237361,"date":"2025-03-21T11:18:04","date_gmt":"2025-03-21T11:18:04","guid":{"rendered":"https:\/\/aromasentia.com\/product\/kilner-jar-candle-moroccan-roll\/"},"modified":"2025-12-30T20:25:48","modified_gmt":"2025-12-30T20:25:48","slug":"kerze-in-einweckglas-marokko","status":"publish","type":"product","link":"https:\/\/aromasentia.com\/de\/kerze-in-einweckglas-marokko\/","title":{"rendered":"Kerze in Einweckglas &#8211; Marokko"},"content":{"rendered":"<p>Wir sind stolz, eine neue Produktreihe von <strong>Aroma Sentia &#8211; ping Sojawachskerzen<\/strong> vorstellen zu d\u00fcrfen, die aus geh\u00e4rtetem Soja\u00f6l hergestellt und frei von synthetischem Wachs oder Paraffin sind.<\/p>\n<p>Diese <strong>Kilner Jar Candles<\/strong><strong>&#8211; Moroccan Roll<\/strong> werden in robusten, wiederverwendbaren Recyclinggl\u00e4sern <strong>(400 ml)<\/strong> pr\u00e4sentiert und mit einer speziellen Staubschutzh\u00fclle h\u00fcbsch verpackt.<\/p>\n<p>Verl\u00e4ngern Sie die Lebensdauer Ihrer Kerzen und der Ihrer Kunden. Sojawachs ist eine perfekte <strong>&nbsp;umweltfreundliche Alternative<\/strong>. Es ist viel sauberer und nat\u00fcrlicher als Paraffinkerzen. Sie sind zwar etwas teurer, aber es lohnt sich. Sojakerzen im Glas brennen viel sch\u00f6ner und hinterlassen nur minimale Wachsr\u00fcckst\u00e4nde. Diese Kerzen haben eine Brenndauer von bis zu 80 Stunden.<\/p>\n<p>Sie eignen sich hervorragend als Geschenk. Wenn Sie Kerzen in Ihrem Online-Shop verkaufen, sollten Sie unbedingt \u00fcberlegen, sie in Ihr Sortiment aufzunehmen.<\/strong><\/p>\n","protected":false},"excerpt":{"rendered":"<p>Wir sind stolz, eine neue Produktreihe von Aroma Sentia &#8211; ping Sojawachskerzen vorstellen zu d\u00fcrfen, die aus geh\u00e4rtetem Soja\u00f6l hergestellt und frei von synthetischem Wachs oder Paraffin sind. Diese Kilner Jar Candles&#8211; Moroccan Roll werden in robusten, wiederverwendbaren Recyclinggl\u00e4sern (400 ml) pr\u00e4sentiert und mit einer speziellen Staubschutzh\u00fclle h\u00fcbsch verpackt. Verl\u00e4ngern Sie die Lebensdauer Ihrer Kerzen [&hellip;]<\/p>\n","protected":false},"featured_media":302808,"comment_status":"closed","ping_status":"open","template":"","meta":[],"product_brand":[27086],"product_cat":[17466,19993],"product_tag":[],"class_list":{"0":"post-237361","1":"product","2":"type-product","3":"status-publish","4":"has-post-thumbnail","6":"product_brand-agnes-and-cat","7":"product_cat-kerzenhalter-und-kerzen","8":"product_cat-sojawachskerzen","9":"pa_collection-kilner-jar-candles-400-ml-de","10":"pa_made-in-china","12":"first","13":"instock","14":"purchasable","15":"product-type-simple"},"supplier_id":null,"supplier_sku":"ACKC-02","barcode":null,"atum_controlled":true,"out_stock_date":null,"out_stock_threshold":null,"inheritable":false,"inbound_stock":null,"stock_on_hold":0,"sold_today":0,"sales_last_days":0,"reserved_stock":null,"customer_returns":null,"warehouse_damage":null,"lost_in_post":null,"other_logs":null,"out_stock_days":0,"lost_sales":0,"has_location":null,"update_date":"2026-02-02T08:31:05","atum_locations":[],"atum_stock_status":"instock","restock_status":false,"low_stock_amount":"","sales_update_date":"2025-10-09T03:22:39","calc_backorders":null,"_links":{"self":[{"href":"https:\/\/aromasentia.com\/de\/wp-json\/wp\/v2\/product\/237361","targetHints":{"allow":["GET"]}}],"collection":[{"href":"https:\/\/aromasentia.com\/de\/wp-json\/wp\/v2\/product"}],"about":[{"href":"https:\/\/aromasentia.com\/de\/wp-json\/wp\/v2\/types\/product"}],"replies":[{"embeddable":true,"href":"https:\/\/aromasentia.com\/de\/wp-json\/wp\/v2\/comments?post=237361"}],"version-history":[{"count":0,"href":"https:\/\/aromasentia.com\/de\/wp-json\/wp\/v2\/product\/237361\/revisions"}],"wp:featuredmedia":[{"embeddable":true,"href":"https:\/\/aromasentia.com\/de\/wp-json\/wp\/v2\/media\/302808"}],"wp:attachment":[{"href":"https:\/\/aromasentia.com\/de\/wp-json\/wp\/v2\/media?parent=237361"}],"wp:term":[{"taxonomy":"product_brand","embeddable":true,"href":"https:\/\/aromasentia.com\/de\/wp-json\/wp\/v2\/product_brand?post=237361"},{"taxonomy":"product_cat","embeddable":true,"href":"https:\/\/aromasentia.com\/de\/wp-json\/wp\/v2\/product_cat?post=237361"},{"taxonomy":"product_tag","embeddable":true,"href":"https:\/\/aromasentia.com\/de\/wp-json\/wp\/v2\/product_tag?post=237361"}],"curies":[{"name":"wp","href":"https:\/\/api.w.org\/{rel}","templated":true}]}}