{"id":237353,"date":"2025-03-21T11:18:04","date_gmt":"2025-03-21T11:18:04","guid":{"rendered":"https:\/\/aromasentia.com\/product\/jam-jar-candle-moonstone\/"},"modified":"2025-12-30T20:25:41","modified_gmt":"2025-12-30T20:25:41","slug":"jam-glas-kerze-moonstone","status":"publish","type":"product","link":"https:\/\/aromasentia.com\/de\/jam-glas-kerze-moonstone\/","title":{"rendered":"Jam Glas Kerze &#8211; Moonstone"},"content":{"rendered":"<p>Wir sind stolz, eine neue Reihe von <strong>Aroma Sentia &#8211; ping Sojawachskerzen<\/strong> vorstellen zu d\u00fcrfen, die aus geh\u00e4rtetem Soja\u00f6l hergestellt und frei von synthetischem Wachs oder Paraffin sind.&nbsp;<\/p>\n<p>Jeder Duft besteht aus bis zu 36 verschiedenen Elementen. Genau das macht sie so einzigartig und wunderbar.&nbsp;<\/p>\n<p>Diese Agnes&#038;Cat &nbsp;<strong>Jam Jar Candles &#8211; Moonstone<\/strong> werden in sch\u00f6nen recycelten Glasbeh\u00e4ltern (220 ml) pr\u00e4sentiert, die wiederverwendet werden k\u00f6nnen, sobald Ihre Kerze abgebrannt ist.<\/p>\n<p>Sojawachs ist eine perfekte <strong>umweltfreundliche Alternative<\/strong>. Es ist viel sauberer und brennt l\u00e4nger. Sie sind etwas teurer, aber es lohnt sich. Sojawachskerzen im Glas verstr\u00f6men einen wundersch\u00f6nen Duft und hinterlassen nur minimale Wachsr\u00fcckst\u00e4nde. Diese 100 % nat\u00fcrlichen Kerzen produzieren au\u00dferdem 95 % weniger Ru\u00df, sind vegan und tierversuchsfrei.<\/p>\n<p><strong><span style=\"color: rgb(243, 121, 52);\">Ein wundersch\u00f6nes und liebevolles Geschenk. Wenn Sie Kerzen in Ihrem Online-Shop weiterverkaufen, sollten Sie unbedingt dar\u00fcber nachdenken, sie in Ihr Sortiment aufzunehmen.<\/span><\/strong><\/p>\n","protected":false},"excerpt":{"rendered":"<p>Wir sind stolz, eine neue Reihe von Aroma Sentia &#8211; ping Sojawachskerzen vorstellen zu d\u00fcrfen, die aus geh\u00e4rtetem Soja\u00f6l hergestellt und frei von synthetischem Wachs oder Paraffin sind.&nbsp; Jeder Duft besteht aus bis zu 36 verschiedenen Elementen. Genau das macht sie so einzigartig und wunderbar.&nbsp; Diese Agnes&#038;Cat &nbsp;Jam Jar Candles &#8211; Moonstone werden in sch\u00f6nen [&hellip;]<\/p>\n","protected":false},"featured_media":302790,"comment_status":"closed","ping_status":"open","template":"","meta":[],"product_brand":[27086],"product_cat":[25223,17466,25686,19993],"product_tag":[],"class_list":{"0":"post-237353","1":"product","2":"type-product","3":"status-publish","4":"has-post-thumbnail","6":"product_brand-agnes-and-cat","7":"product_cat-edelsteine-mineralien","8":"product_cat-kerzenhalter-und-kerzen","9":"product_cat-mondstein","10":"product_cat-sojawachskerzen","11":"pa_collection-kilner-jar-candles-400-ml-de","12":"pa_made-in-china","14":"first","15":"instock","16":"purchasable","17":"product-type-simple"},"supplier_id":null,"supplier_sku":"ACJJ-10","barcode":null,"atum_controlled":true,"out_stock_date":null,"out_stock_threshold":null,"inheritable":false,"inbound_stock":null,"stock_on_hold":0,"sold_today":0,"sales_last_days":0,"reserved_stock":null,"customer_returns":null,"warehouse_damage":null,"lost_in_post":null,"other_logs":null,"out_stock_days":0,"lost_sales":0,"has_location":null,"update_date":"2026-01-27T14:23:58","atum_locations":[],"atum_stock_status":"instock","restock_status":false,"low_stock_amount":"","sales_update_date":"2026-01-20T05:13:31","calc_backorders":null,"_links":{"self":[{"href":"https:\/\/aromasentia.com\/de\/wp-json\/wp\/v2\/product\/237353","targetHints":{"allow":["GET"]}}],"collection":[{"href":"https:\/\/aromasentia.com\/de\/wp-json\/wp\/v2\/product"}],"about":[{"href":"https:\/\/aromasentia.com\/de\/wp-json\/wp\/v2\/types\/product"}],"replies":[{"embeddable":true,"href":"https:\/\/aromasentia.com\/de\/wp-json\/wp\/v2\/comments?post=237353"}],"version-history":[{"count":0,"href":"https:\/\/aromasentia.com\/de\/wp-json\/wp\/v2\/product\/237353\/revisions"}],"wp:featuredmedia":[{"embeddable":true,"href":"https:\/\/aromasentia.com\/de\/wp-json\/wp\/v2\/media\/302790"}],"wp:attachment":[{"href":"https:\/\/aromasentia.com\/de\/wp-json\/wp\/v2\/media?parent=237353"}],"wp:term":[{"taxonomy":"product_brand","embeddable":true,"href":"https:\/\/aromasentia.com\/de\/wp-json\/wp\/v2\/product_brand?post=237353"},{"taxonomy":"product_cat","embeddable":true,"href":"https:\/\/aromasentia.com\/de\/wp-json\/wp\/v2\/product_cat?post=237353"},{"taxonomy":"product_tag","embeddable":true,"href":"https:\/\/aromasentia.com\/de\/wp-json\/wp\/v2\/product_tag?post=237353"}],"curies":[{"name":"wp","href":"https:\/\/api.w.org\/{rel}","templated":true}]}}