{"id":237309,"date":"2025-03-21T11:18:04","date_gmt":"2025-03-21T11:18:04","guid":{"rendered":"https:\/\/aromasentia.com\/product\/jam-jar-candle-moroccan-roll\/"},"modified":"2025-12-30T20:25:32","modified_gmt":"2025-12-30T20:25:32","slug":"kerze-in-marmeladenglas-marokko","status":"publish","type":"product","link":"https:\/\/aromasentia.com\/de\/kerze-in-marmeladenglas-marokko\/","title":{"rendered":"Kerze in Marmeladenglas &#8211; Marokko"},"content":{"rendered":"<p>Wir sind stolz, eine neue Reihe von <strong>Aroma Sentia &#8211; ping Sojawachskerzen<\/strong> vorstellen zu d\u00fcrfen, die aus geh\u00e4rtetem Soja\u00f6l hergestellt und frei von synthetischem Wachs oder Paraffin sind.&nbsp;<\/p>\n<p>Jeder Duft besteht aus bis zu 36 verschiedenen Elementen. Genau das macht sie so einzigartig und wunderbar.&nbsp;<\/p>\n<p>Diese Agnes&#038;Cat &nbsp;<strong>Jam Jar Candles &#8211; Moroccan Roll&nbsp;<\/strong>werden in sch\u00f6nen recycelten Glasbeh\u00e4ltern (220 ml) pr\u00e4sentiert, die wiederverwendet werden k\u00f6nnen, sobald Ihre Kerze abgebrannt ist.<\/p>\n<p>Sojawachs ist eine perfekte&nbsp;<strong>umweltfreundliche Alternative<\/strong>. Es ist viel sauberer und brennt l\u00e4nger. Sie sind etwas teurer, aber es lohnt sich. Sojawachskerzen im Glas verstr\u00f6men einen wundersch\u00f6nen Duft und hinterlassen nur minimale Wachsr\u00fcckst\u00e4nde. Diese 100 % nat\u00fcrlichen Kerzen produzieren au\u00dferdem 95 % weniger Ru\u00df, sind vegan und tierversuchsfrei.<\/p>\n<p><strong>Meistverkaufter Duft:<\/strong> Moschusduft mit rosa Pfeffer, Oudh und holzigen Noten<\/p>\n<p><strong><span style=\"color: rgb(243, 121, 52);\">Entworfen als wunderbares und liebevolles Geschenk. Wenn Sie Kerzen in Ihrem Online-Shop weiterverkaufen, sollten Sie unbedingt in Erw\u00e4gung ziehen, sie in Ihr Portfolio aufzunehmen.<\/span><\/strong><\/p>\n","protected":false},"excerpt":{"rendered":"<p>Wir sind stolz, eine neue Reihe von Aroma Sentia &#8211; ping Sojawachskerzen vorstellen zu d\u00fcrfen, die aus geh\u00e4rtetem Soja\u00f6l hergestellt und frei von synthetischem Wachs oder Paraffin sind.&nbsp; Jeder Duft besteht aus bis zu 36 verschiedenen Elementen. Genau das macht sie so einzigartig und wunderbar.&nbsp; Diese Agnes&#038;Cat &nbsp;Jam Jar Candles &#8211; Moroccan Roll&nbsp;werden in sch\u00f6nen [&hellip;]<\/p>\n","protected":false},"featured_media":302683,"comment_status":"closed","ping_status":"open","template":"","meta":[],"product_brand":[27086],"product_cat":[17466,19993],"product_tag":[],"class_list":{"0":"post-237309","1":"product","2":"type-product","3":"status-publish","4":"has-post-thumbnail","6":"product_brand-agnes-and-cat","7":"product_cat-kerzenhalter-und-kerzen","8":"product_cat-sojawachskerzen","9":"pa_collection-soy-wax-jam-jar-candles-220-ml-de","10":"pa_made-in-china","12":"first","13":"outofstock","14":"purchasable","15":"product-type-simple"},"supplier_id":null,"supplier_sku":"ACJJ-02","barcode":null,"atum_controlled":true,"out_stock_date":"2025-11-25 14:33:19","out_stock_threshold":null,"inheritable":false,"inbound_stock":null,"stock_on_hold":0,"sold_today":0,"sales_last_days":0,"reserved_stock":null,"customer_returns":null,"warehouse_damage":null,"lost_in_post":null,"other_logs":null,"out_stock_days":72,"lost_sales":0,"has_location":null,"update_date":"2026-02-06T00:00:55","atum_locations":[],"atum_stock_status":"outofstock","restock_status":false,"low_stock_amount":"","sales_update_date":"2026-02-06T00:00:55","calc_backorders":null,"_links":{"self":[{"href":"https:\/\/aromasentia.com\/de\/wp-json\/wp\/v2\/product\/237309","targetHints":{"allow":["GET"]}}],"collection":[{"href":"https:\/\/aromasentia.com\/de\/wp-json\/wp\/v2\/product"}],"about":[{"href":"https:\/\/aromasentia.com\/de\/wp-json\/wp\/v2\/types\/product"}],"replies":[{"embeddable":true,"href":"https:\/\/aromasentia.com\/de\/wp-json\/wp\/v2\/comments?post=237309"}],"version-history":[{"count":0,"href":"https:\/\/aromasentia.com\/de\/wp-json\/wp\/v2\/product\/237309\/revisions"}],"wp:featuredmedia":[{"embeddable":true,"href":"https:\/\/aromasentia.com\/de\/wp-json\/wp\/v2\/media\/302683"}],"wp:attachment":[{"href":"https:\/\/aromasentia.com\/de\/wp-json\/wp\/v2\/media?parent=237309"}],"wp:term":[{"taxonomy":"product_brand","embeddable":true,"href":"https:\/\/aromasentia.com\/de\/wp-json\/wp\/v2\/product_brand?post=237309"},{"taxonomy":"product_cat","embeddable":true,"href":"https:\/\/aromasentia.com\/de\/wp-json\/wp\/v2\/product_cat?post=237309"},{"taxonomy":"product_tag","embeddable":true,"href":"https:\/\/aromasentia.com\/de\/wp-json\/wp\/v2\/product_tag?post=237309"}],"curies":[{"name":"wp","href":"https:\/\/api.w.org\/{rel}","templated":true}]}}