{"id":237293,"date":"2025-03-21T11:18:04","date_gmt":"2025-03-21T11:18:04","guid":{"rendered":"https:\/\/aromasentia.com\/product\/herb-garden-candles-lavender\/"},"modified":"2025-12-30T20:25:32","modified_gmt":"2025-12-30T20:25:32","slug":"herb-garden-candles-lavender","status":"publish","type":"product","link":"https:\/\/aromasentia.com\/de\/herb-garden-candles-lavender\/","title":{"rendered":"Herb Garden Candles &#8211; Lavender"},"content":{"rendered":"<p>Hergestellt mit reinem \u00e4therischem Rosmarin\u00f6l.<\/p>\n<p>Wir sind stolz, eine neue Reihe von <strong>Aroma Sentia-ping Agnes&#038;Cat &#8211; Lavendel-Sojawachskerzen<\/strong> vorstellen zu d\u00fcrfen, die aus geh\u00e4rtetem Soja\u00f6l hergestellt und frei von synthetischem Wachs oder Paraffin sind.<\/p>\n<p>Diese Aromatherapie-Sojakerzen werden in einem wundersch\u00f6nen bunten Topf pr\u00e4sentiert, der nach dem Abbrennen Ihrer Kerze f\u00fcr Blumen wiederverwendet werden kann. Sie werden mit einem Metallst\u00e4nder geliefert und in einer sch\u00f6nen Geschenkbox verpackt.<\/p>\n<p>Der Holzdocht erzeugt dieses gem\u00fctliche Knisterger\u00e4usch, in das Sie sich verlieben werden.<\/p>\n<p>Verl\u00e4ngern Sie die Lebensdauer Ihrer Kerzen und der Ihrer Kunden. Sojawachs ist eine perfekte umweltfreundliche Alternative. Es ist so viel sauberer und nat\u00fcrlicher als Paraffinkerzen. Etwas teurer, aber es lohnt sich. Aromatherapie-Sojakerzen brennen viel angenehmer und hinterlassen nur minimale Wachsr\u00fcckst\u00e4nde.<\/p>\n<p><strong>Ein wunderbares und liebevolles Geschenk. Wenn Sie Kerzen in Ihrem Online-Shop verkaufen, sollten Sie unbedingt dar\u00fcber nachdenken, sie in Ihr Angebot aufzunehmen.<\/strong><\/p>\n","protected":false},"excerpt":{"rendered":"<p>Hergestellt mit reinem \u00e4therischem Rosmarin\u00f6l. Wir sind stolz, eine neue Reihe von Aroma Sentia-ping Agnes&#038;Cat &#8211; Lavendel-Sojawachskerzen vorstellen zu d\u00fcrfen, die aus geh\u00e4rtetem Soja\u00f6l hergestellt und frei von synthetischem Wachs oder Paraffin sind. Diese Aromatherapie-Sojakerzen werden in einem wundersch\u00f6nen bunten Topf pr\u00e4sentiert, der nach dem Abbrennen Ihrer Kerze f\u00fcr Blumen wiederverwendet werden kann. Sie werden [&hellip;]<\/p>\n","protected":false},"featured_media":302647,"comment_status":"closed","ping_status":"open","template":"","meta":[],"product_brand":[27086],"product_cat":[26833,25841,17466,26234,19993],"product_tag":[],"class_list":{"0":"post-237293","1":"product","2":"type-product","3":"status-publish","4":"has-post-thumbnail","6":"product_brand-agnes-and-cat","7":"product_cat-blumig","8":"product_cat-dufte-aromen","9":"product_cat-kerzenhalter-und-kerzen","10":"product_cat-lavendel","11":"product_cat-sojawachskerzen","12":"pa_collection-aromatherapy-soy-candles-210-g-wooden-wick-de","13":"pa_made-in-china","15":"first","16":"outofstock","17":"purchasable","18":"product-type-simple"},"supplier_id":null,"supplier_sku":"ACHC-04","barcode":null,"atum_controlled":true,"out_stock_date":"2025-10-09 12:54:49","out_stock_threshold":null,"inheritable":false,"inbound_stock":null,"stock_on_hold":0,"sold_today":0,"sales_last_days":0,"reserved_stock":null,"customer_returns":null,"warehouse_damage":null,"lost_in_post":null,"other_logs":null,"out_stock_days":112,"lost_sales":0,"has_location":null,"update_date":"2026-01-30T01:25:19","atum_locations":[],"atum_stock_status":"outofstock","restock_status":false,"low_stock_amount":"","sales_update_date":"2026-01-30T01:25:19","calc_backorders":null,"_links":{"self":[{"href":"https:\/\/aromasentia.com\/de\/wp-json\/wp\/v2\/product\/237293","targetHints":{"allow":["GET"]}}],"collection":[{"href":"https:\/\/aromasentia.com\/de\/wp-json\/wp\/v2\/product"}],"about":[{"href":"https:\/\/aromasentia.com\/de\/wp-json\/wp\/v2\/types\/product"}],"replies":[{"embeddable":true,"href":"https:\/\/aromasentia.com\/de\/wp-json\/wp\/v2\/comments?post=237293"}],"version-history":[{"count":0,"href":"https:\/\/aromasentia.com\/de\/wp-json\/wp\/v2\/product\/237293\/revisions"}],"wp:featuredmedia":[{"embeddable":true,"href":"https:\/\/aromasentia.com\/de\/wp-json\/wp\/v2\/media\/302647"}],"wp:attachment":[{"href":"https:\/\/aromasentia.com\/de\/wp-json\/wp\/v2\/media?parent=237293"}],"wp:term":[{"taxonomy":"product_brand","embeddable":true,"href":"https:\/\/aromasentia.com\/de\/wp-json\/wp\/v2\/product_brand?post=237293"},{"taxonomy":"product_cat","embeddable":true,"href":"https:\/\/aromasentia.com\/de\/wp-json\/wp\/v2\/product_cat?post=237293"},{"taxonomy":"product_tag","embeddable":true,"href":"https:\/\/aromasentia.com\/de\/wp-json\/wp\/v2\/product_tag?post=237293"}],"curies":[{"name":"wp","href":"https:\/\/api.w.org\/{rel}","templated":true}]}}