{"id":237253,"date":"2025-03-21T11:18:31","date_gmt":"2025-03-21T11:18:31","guid":{"rendered":"https:\/\/aromasentia.com\/product\/tin-candle-parma-violet\/"},"modified":"2025-12-30T20:25:25","modified_gmt":"2025-12-30T20:25:25","slug":"kerze-in-zinndose-parma-veilchen","status":"publish","type":"product","link":"https:\/\/aromasentia.com\/de\/kerze-in-zinndose-parma-veilchen\/","title":{"rendered":"Kerze in Zinndose &#8211; Parma Veilchen"},"content":{"rendered":"<p>Wir sind stolz, eine neue Produktreihe von <strong>Aroma Sentia &#8211; ping Wachskerzen<\/strong> vorstellen zu d\u00fcrfen, die aus geh\u00e4rtetem Soja\u00f6l hergestellt und frei von synthetischem Wachs oder Paraffin sind.&nbsp;<\/p>\n<p>Diese <strong>200 ml Aroma Sentia &#8211; pping Dosenkerzen &#8211; Parma Violet &nbsp;<\/strong>werden in schicken Dosen pr\u00e4sentiert, die wiederverwendet werden k\u00f6nnen, sobald Ihre Kerze abgebrannt ist. Sie werden in einer h\u00fcbschen Schachtel im ikonischen Agnes &amp; Cat-Stil geliefert.<\/p>\n<p>Verl\u00e4ngern Sie die Lebensdauer Ihrer Kerzen und der Ihrer Kunden. Sojawachs ist eine perfekte <strong>&nbsp;umweltfreundliche Alternative<\/strong>. Es ist so viel sauberer und nat\u00fcrlicher als Paraffinkerzen. Sie sind etwas teurer, aber es lohnt sich. Soja-Dosenkerzen brennen viel sch\u00f6ner und hinterlassen nur minimale Wachsr\u00fcckst\u00e4nde. Diese <strong>100 % nat\u00fcrlichen<\/strong> Kerzen produzieren au\u00dferdem <strong>95 % weniger Ru\u00df<\/strong>, sind <strong>vegan und nicht an Tieren getestet.<\/strong><\/p>\n<p><strong>Parma Violet<\/strong> ist ein angenehmer Blumenduft. Er hat starke Noten von Veilchen, Rose und Freesie, die perfekt auf einer Basis aus pudrigem Veilchen und Iris geschichtet sind.<\/p>\n<p><strong>Kopfnote:<\/strong> Veilchenbl\u00fcte<\/p>\n<p><strong>Herznote:<\/strong> Rose, Freesie<\/p>\n<p><strong>Basisnote:<\/strong> Pudriges Veilchen, Iris<\/p>\n<p>Ein wunderbares und liebevolles Geschenk. Wenn Sie Kerzen weiterverkaufen, sollten Sie unbedingt in Erw\u00e4gung ziehen, <strong><span style=\"color: rgb(243, 121, 52);\">sie in Ihr Portfolio aufzunehmen.<\/span><\/strong><\/p>\n","protected":false},"excerpt":{"rendered":"<p>Wir sind stolz, eine neue Produktreihe von Aroma Sentia &#8211; ping Wachskerzen vorstellen zu d\u00fcrfen, die aus geh\u00e4rtetem Soja\u00f6l hergestellt und frei von synthetischem Wachs oder Paraffin sind.&nbsp; Diese 200 ml Aroma Sentia &#8211; pping Dosenkerzen &#8211; Parma Violet &nbsp;werden in schicken Dosen pr\u00e4sentiert, die wiederverwendet werden k\u00f6nnen, sobald Ihre Kerze abgebrannt ist. Sie werden [&hellip;]<\/p>\n","protected":false},"featured_media":303042,"comment_status":"closed","ping_status":"open","template":"","meta":[],"product_brand":[27086],"product_cat":[17466,19993],"product_tag":[],"class_list":{"0":"post-237253","1":"product","2":"type-product","3":"status-publish","4":"has-post-thumbnail","6":"product_brand-agnes-and-cat","7":"product_cat-kerzenhalter-und-kerzen","8":"product_cat-sojawachskerzen","9":"pa_collection-soy-wax-tin-candles-200-ml-de","10":"pa_made-in-china","12":"first","13":"instock","14":"purchasable","15":"product-type-simple"},"supplier_id":null,"supplier_sku":"ACTC-09","barcode":null,"atum_controlled":true,"out_stock_date":null,"out_stock_threshold":null,"inheritable":false,"inbound_stock":null,"stock_on_hold":0,"sold_today":0,"sales_last_days":0,"reserved_stock":null,"customer_returns":null,"warehouse_damage":null,"lost_in_post":null,"other_logs":null,"out_stock_days":0,"lost_sales":0,"has_location":null,"update_date":"2026-01-30T01:26:05","atum_locations":[],"atum_stock_status":"instock","restock_status":false,"low_stock_amount":"","sales_update_date":"2026-01-30T01:26:05","calc_backorders":null,"_links":{"self":[{"href":"https:\/\/aromasentia.com\/de\/wp-json\/wp\/v2\/product\/237253","targetHints":{"allow":["GET"]}}],"collection":[{"href":"https:\/\/aromasentia.com\/de\/wp-json\/wp\/v2\/product"}],"about":[{"href":"https:\/\/aromasentia.com\/de\/wp-json\/wp\/v2\/types\/product"}],"replies":[{"embeddable":true,"href":"https:\/\/aromasentia.com\/de\/wp-json\/wp\/v2\/comments?post=237253"}],"version-history":[{"count":0,"href":"https:\/\/aromasentia.com\/de\/wp-json\/wp\/v2\/product\/237253\/revisions"}],"wp:featuredmedia":[{"embeddable":true,"href":"https:\/\/aromasentia.com\/de\/wp-json\/wp\/v2\/media\/303042"}],"wp:attachment":[{"href":"https:\/\/aromasentia.com\/de\/wp-json\/wp\/v2\/media?parent=237253"}],"wp:term":[{"taxonomy":"product_brand","embeddable":true,"href":"https:\/\/aromasentia.com\/de\/wp-json\/wp\/v2\/product_brand?post=237253"},{"taxonomy":"product_cat","embeddable":true,"href":"https:\/\/aromasentia.com\/de\/wp-json\/wp\/v2\/product_cat?post=237253"},{"taxonomy":"product_tag","embeddable":true,"href":"https:\/\/aromasentia.com\/de\/wp-json\/wp\/v2\/product_tag?post=237253"}],"curies":[{"name":"wp","href":"https:\/\/api.w.org\/{rel}","templated":true}]}}