{"id":237229,"date":"2025-03-21T11:18:31","date_gmt":"2025-03-21T11:18:31","guid":{"rendered":"https:\/\/aromasentia.com\/product\/tin-candle-fell-berry\/"},"modified":"2025-12-30T20:25:18","modified_gmt":"2025-12-30T20:25:18","slug":"kerze-in-zinndose-fell-berry","status":"publish","type":"product","link":"https:\/\/aromasentia.com\/de\/kerze-in-zinndose-fell-berry\/","title":{"rendered":"Kerze in Zinndose  &#8211; Fell Berry"},"content":{"rendered":"<p>Wir sind stolz, eine neue Produktreihe von <strong>Aroma Sentia &#8211; ping Wachskerzen<\/strong> vorstellen zu d\u00fcrfen, die aus geh\u00e4rtetem Soja\u00f6l hergestellt und frei von synthetischem Wachs oder Paraffin sind.&nbsp;<\/p>\n<p>Diese <strong>200 ml Aroma Sentia &#8211; pping Blechkerzen &#8211; Fell Berry<\/strong> werden in schicken Blechdosen pr\u00e4sentiert, die wiederverwendet werden k\u00f6nnen, sobald Ihre Kerze abgebrannt ist. Sie werden in einer h\u00fcbschen Schachtel im ikonischen Agnes &amp; Cat-Stil geliefert.<\/p>\n<p>Verl\u00e4ngern Sie die Lebensdauer Ihrer Kerzen und der Ihrer Kunden. Sojawachs ist eine perfekte <strong>&nbsp;umweltfreundliche Alternative<\/strong>. Es ist so viel sauberer und nat\u00fcrlicher als Paraffinkerzen. Sie sind zwar etwas teurer, aber es lohnt sich. Soja-Blechkerzen brennen viel sch\u00f6ner und hinterlassen nur minimale Wachsr\u00fcckst\u00e4nde. Diese <strong>100 % nat\u00fcrlichen<\/strong> Kerzen produzieren au\u00dferdem <strong>95 % weniger Ru\u00df<\/strong>, sind <strong>vegan und tierversuchsfrei.<\/strong><\/p>\n<p><strong>Fell Berry<\/strong> ist inspiriert von den verschiedenen wilden Beeren der H\u00fcgellandschaft des malerischen Lake District. Der Duft ist stark und fruchtig mit einem dominanten Brombeerduft und einem Hauch anderer Sommerfr\u00fcchte.<\/p>\n<p><strong>Kopfnote:<\/strong> Apfel, Erdbeere<\/p>\n<p><strong>Herznote:<\/strong> Brombeere, Schwarze Johannisbeere, Cassis<\/p>\n<p><strong>Basisnote:<\/strong> Kr\u00e4uter, Minze<\/p>\n<p>Ein wunderbares und liebevolles Geschenk. Wenn Sie Kerzen weiterverkaufen, sollten Sie unbedingt in Erw\u00e4gung ziehen, <strong><span style=\"color: rgb(243, 121, 52);\">sie in Ihr Portfolio aufzunehmen.<\/span><\/strong><\/p>\n","protected":false},"excerpt":{"rendered":"<p>Wir sind stolz, eine neue Produktreihe von Aroma Sentia &#8211; ping Wachskerzen vorstellen zu d\u00fcrfen, die aus geh\u00e4rtetem Soja\u00f6l hergestellt und frei von synthetischem Wachs oder Paraffin sind.&nbsp; Diese 200 ml Aroma Sentia &#8211; pping Blechkerzen &#8211; Fell Berry werden in schicken Blechdosen pr\u00e4sentiert, die wiederverwendet werden k\u00f6nnen, sobald Ihre Kerze abgebrannt ist. Sie werden [&hellip;]<\/p>\n","protected":false},"featured_media":302988,"comment_status":"closed","ping_status":"open","template":"","meta":[],"product_brand":[27086],"product_cat":[17466,19993],"product_tag":[],"class_list":{"0":"post-237229","1":"product","2":"type-product","3":"status-publish","4":"has-post-thumbnail","6":"product_brand-agnes-and-cat","7":"product_cat-kerzenhalter-und-kerzen","8":"product_cat-sojawachskerzen","9":"pa_collection-soy-wax-tin-candles-200-ml-de","10":"pa_made-in-china","12":"first","13":"instock","14":"purchasable","15":"product-type-simple"},"supplier_id":null,"supplier_sku":"ACTC-03","barcode":null,"atum_controlled":true,"out_stock_date":null,"out_stock_threshold":null,"inheritable":false,"inbound_stock":null,"stock_on_hold":0,"sold_today":0,"sales_last_days":0,"reserved_stock":null,"customer_returns":null,"warehouse_damage":null,"lost_in_post":null,"other_logs":null,"out_stock_days":0,"lost_sales":0,"has_location":null,"update_date":"2026-02-06T00:02:26","atum_locations":[],"atum_stock_status":"instock","restock_status":false,"low_stock_amount":"","sales_update_date":"2026-02-06T00:02:26","calc_backorders":null,"_links":{"self":[{"href":"https:\/\/aromasentia.com\/de\/wp-json\/wp\/v2\/product\/237229","targetHints":{"allow":["GET"]}}],"collection":[{"href":"https:\/\/aromasentia.com\/de\/wp-json\/wp\/v2\/product"}],"about":[{"href":"https:\/\/aromasentia.com\/de\/wp-json\/wp\/v2\/types\/product"}],"replies":[{"embeddable":true,"href":"https:\/\/aromasentia.com\/de\/wp-json\/wp\/v2\/comments?post=237229"}],"version-history":[{"count":0,"href":"https:\/\/aromasentia.com\/de\/wp-json\/wp\/v2\/product\/237229\/revisions"}],"wp:featuredmedia":[{"embeddable":true,"href":"https:\/\/aromasentia.com\/de\/wp-json\/wp\/v2\/media\/302988"}],"wp:attachment":[{"href":"https:\/\/aromasentia.com\/de\/wp-json\/wp\/v2\/media?parent=237229"}],"wp:term":[{"taxonomy":"product_brand","embeddable":true,"href":"https:\/\/aromasentia.com\/de\/wp-json\/wp\/v2\/product_brand?post=237229"},{"taxonomy":"product_cat","embeddable":true,"href":"https:\/\/aromasentia.com\/de\/wp-json\/wp\/v2\/product_cat?post=237229"},{"taxonomy":"product_tag","embeddable":true,"href":"https:\/\/aromasentia.com\/de\/wp-json\/wp\/v2\/product_tag?post=237229"}],"curies":[{"name":"wp","href":"https:\/\/api.w.org\/{rel}","templated":true}]}}