{"id":237221,"date":"2025-03-21T11:18:31","date_gmt":"2025-03-21T11:18:31","guid":{"rendered":"https:\/\/aromasentia.com\/product\/tin-candle-windermere\/"},"modified":"2025-12-30T20:25:18","modified_gmt":"2025-12-30T20:25:18","slug":"kerze-in-zinndose-windermere","status":"publish","type":"product","link":"https:\/\/aromasentia.com\/de\/kerze-in-zinndose-windermere\/","title":{"rendered":"Kerze in Zinndose  &#8211; Windermere"},"content":{"rendered":"<p>Wir sind stolz, eine neue Produktreihe von <strong>Aroma Sentia &#8211; ping Wachskerzen<\/strong> vorstellen zu d\u00fcrfen, die aus geh\u00e4rtetem Soja\u00f6l hergestellt und frei von synthetischem Wachs oder Paraffin sind.&nbsp;<\/p>\n<p>Diese <strong>200 ml Aroma Sentia &#8211; pping Blechkerzen &#8211; Windermere<\/strong> werden in schicken Blechdosen pr\u00e4sentiert, die wiederverwendet werden k\u00f6nnen, sobald Ihre Kerze abgebrannt ist. Sie werden in einer h\u00fcbschen Schachtel im ikonischen Agnes &amp; Cat-Stil geliefert.<\/p>\n<p>Verl\u00e4ngern Sie die Lebensdauer Ihrer Kerzen und der Ihrer Kunden. Sojawachs ist eine perfekte <strong>&nbsp;umweltfreundliche Alternative<\/strong>. Es ist so viel sauberer und nat\u00fcrlicher als Paraffinkerzen. Sie sind zwar etwas teurer, aber es lohnt sich. Soja-Blechkerzen brennen viel sch\u00f6ner und hinterlassen nur minimale Wachsr\u00fcckst\u00e4nde. Diese <strong>100 % nat\u00fcrlichen<\/strong> Kerzen produzieren au\u00dferdem <strong>95 % weniger Ru\u00df<\/strong>, sind <strong>vegan und tierversuchsfrei.<\/strong><\/p>\n<p><strong>Windermere<\/strong> ist ein dezenter, reiner und frischer Duft, inspiriert vom malerischen Lake District.<\/p>\n<p><strong>Kopfnote:<\/strong> Zitrone, Aqua<\/p>\n<p><strong>Herznote:<\/strong> Jasmin<\/p>\n<p><strong>Basisnote:<\/strong> Vanille, wei\u00dfe Bl\u00fcten<\/p>\n<p>Ein wunderbares und liebevolles Geschenk. Wenn Sie Kerzen weiterverkaufen, sollten Sie unbedingt dar\u00fcber nachdenken, sie in Ihr Sortiment aufzunehmen.<\/p>\n","protected":false},"excerpt":{"rendered":"<p>Wir sind stolz, eine neue Produktreihe von Aroma Sentia &#8211; ping Wachskerzen vorstellen zu d\u00fcrfen, die aus geh\u00e4rtetem Soja\u00f6l hergestellt und frei von synthetischem Wachs oder Paraffin sind.&nbsp; Diese 200 ml Aroma Sentia &#8211; pping Blechkerzen &#8211; Windermere werden in schicken Blechdosen pr\u00e4sentiert, die wiederverwendet werden k\u00f6nnen, sobald Ihre Kerze abgebrannt ist. Sie werden in [&hellip;]<\/p>\n","protected":false},"featured_media":302970,"comment_status":"closed","ping_status":"open","template":"","meta":[],"product_brand":[27086],"product_cat":[17466,19993],"product_tag":[],"class_list":{"0":"post-237221","1":"product","2":"type-product","3":"status-publish","4":"has-post-thumbnail","6":"product_brand-agnes-and-cat","7":"product_cat-kerzenhalter-und-kerzen","8":"product_cat-sojawachskerzen","9":"pa_collection-soy-wax-tin-candles-200-ml-de","10":"pa_made-in-china","12":"first","13":"outofstock","14":"purchasable","15":"product-type-simple"},"supplier_id":null,"supplier_sku":"ACTC-01","barcode":null,"atum_controlled":true,"out_stock_date":"2026-02-03 14:26:37","out_stock_threshold":null,"inheritable":false,"inbound_stock":null,"stock_on_hold":0,"sold_today":0,"sales_last_days":0,"reserved_stock":null,"customer_returns":null,"warehouse_damage":null,"lost_in_post":null,"other_logs":null,"out_stock_days":0,"lost_sales":0,"has_location":null,"update_date":"2026-02-03T14:26:39","atum_locations":[],"atum_stock_status":"outofstock","restock_status":false,"low_stock_amount":"","sales_update_date":"2026-01-30T01:26:02","calc_backorders":null,"_links":{"self":[{"href":"https:\/\/aromasentia.com\/de\/wp-json\/wp\/v2\/product\/237221","targetHints":{"allow":["GET"]}}],"collection":[{"href":"https:\/\/aromasentia.com\/de\/wp-json\/wp\/v2\/product"}],"about":[{"href":"https:\/\/aromasentia.com\/de\/wp-json\/wp\/v2\/types\/product"}],"replies":[{"embeddable":true,"href":"https:\/\/aromasentia.com\/de\/wp-json\/wp\/v2\/comments?post=237221"}],"version-history":[{"count":0,"href":"https:\/\/aromasentia.com\/de\/wp-json\/wp\/v2\/product\/237221\/revisions"}],"wp:featuredmedia":[{"embeddable":true,"href":"https:\/\/aromasentia.com\/de\/wp-json\/wp\/v2\/media\/302970"}],"wp:attachment":[{"href":"https:\/\/aromasentia.com\/de\/wp-json\/wp\/v2\/media?parent=237221"}],"wp:term":[{"taxonomy":"product_brand","embeddable":true,"href":"https:\/\/aromasentia.com\/de\/wp-json\/wp\/v2\/product_brand?post=237221"},{"taxonomy":"product_cat","embeddable":true,"href":"https:\/\/aromasentia.com\/de\/wp-json\/wp\/v2\/product_cat?post=237221"},{"taxonomy":"product_tag","embeddable":true,"href":"https:\/\/aromasentia.com\/de\/wp-json\/wp\/v2\/product_tag?post=237221"}],"curies":[{"name":"wp","href":"https:\/\/api.w.org\/{rel}","templated":true}]}}