{"id":237205,"date":"2025-03-21T11:18:31","date_gmt":"2025-03-21T11:18:31","guid":{"rendered":"https:\/\/aromasentia.com\/product\/small-kilner-jar-candle-japanese-bloom\/"},"modified":"2025-12-30T20:25:18","modified_gmt":"2025-12-30T20:25:18","slug":"small-kilner-glas-kerze-japanese-bloom","status":"publish","type":"product","link":"https:\/\/aromasentia.com\/de\/small-kilner-glas-kerze-japanese-bloom\/","title":{"rendered":"Small Kilner Glas Kerze &#8211; Japanese Bloom"},"content":{"rendered":"<p><span style=\"color: rgb(75, 80, 88);\">Wir sind stolz, eine neue Reihe von <strong>Sojawachskerzen<\/strong> vorstellen zu d\u00fcrfen, die aus geh\u00e4rtetem Soja\u00f6l hergestellt und frei von synthetischem Wachs oder Paraffin sind.<\/span><\/p>\n<p>Diese <strong style=\"color: rgb(75, 80, 88);\">kleinen Kilner-Glaskerzen \u2013 Japanische Bl\u00fcte mit Clip<\/strong> werden in kleinen, recycelten Glasbeh\u00e4ltern (180 ml) pr\u00e4sentiert, die wiederverwendet werden k\u00f6nnen, sobald Ihre Kerze abgebrannt ist.<\/p>\n<p>Verl\u00e4ngern Sie die Lebensdauer Ihrer Kerzen und der Ihrer Kunden. Sojawachs ist eine perfekte <strong style=\"color: rgb(75, 80, 88);\">umweltfreundliche Alternative<\/strong>. Es ist viel sauberer und brennt l\u00e4nger. Etwas teurer, aber es lohnt sich. Sojawachs-Glaskerzen verstr\u00f6men einen wundersch\u00f6nen Duft und hinterlassen nur einen minimalen wachsartigen R\u00fcckstand. Diese 100 % nat\u00fcrlichen Kerzen produzieren au\u00dferdem 95 % weniger Ru\u00df. Die Brenndauer betr\u00e4gt ca. 30\u201335 Stunden.<\/p>\n<p><strong><span style=\"color: rgb(141, 186, 216);\">Ein wundersch\u00f6nes und liebevolles Geschenk. Wenn Sie Kerzen weiterverkaufen, sollten Sie unbedingt \u00fcberlegen, sie in Ihrem Online-Shop anzubieten.<\/span><\/strong><\/p>\n","protected":false},"excerpt":{"rendered":"<p>Wir sind stolz, eine neue Reihe von Sojawachskerzen vorstellen zu d\u00fcrfen, die aus geh\u00e4rtetem Soja\u00f6l hergestellt und frei von synthetischem Wachs oder Paraffin sind. Diese kleinen Kilner-Glaskerzen \u2013 Japanische Bl\u00fcte mit Clip werden in kleinen, recycelten Glasbeh\u00e4ltern (180 ml) pr\u00e4sentiert, die wiederverwendet werden k\u00f6nnen, sobald Ihre Kerze abgebrannt ist. Verl\u00e4ngern Sie die Lebensdauer Ihrer Kerzen [&hellip;]<\/p>\n","protected":false},"featured_media":302934,"comment_status":"closed","ping_status":"open","template":"","meta":[],"product_brand":[27086],"product_cat":[17466,19993],"product_tag":[],"class_list":{"0":"post-237205","1":"product","2":"type-product","3":"status-publish","4":"has-post-thumbnail","6":"product_brand-agnes-and-cat","7":"product_cat-kerzenhalter-und-kerzen","8":"product_cat-sojawachskerzen","9":"pa_collection-small-kilner-jar-candle-180-ml-de","10":"pa_made-in-china","12":"first","13":"instock","14":"purchasable","15":"product-type-simple"},"supplier_id":null,"supplier_sku":"ACKCM-07","barcode":null,"atum_controlled":true,"out_stock_date":null,"out_stock_threshold":null,"inheritable":false,"inbound_stock":null,"stock_on_hold":0,"sold_today":0,"sales_last_days":0,"reserved_stock":null,"customer_returns":null,"warehouse_damage":null,"lost_in_post":null,"other_logs":null,"out_stock_days":0,"lost_sales":0,"has_location":null,"update_date":"2026-02-11T08:30:23","atum_locations":[],"atum_stock_status":"instock","restock_status":false,"low_stock_amount":"","sales_update_date":"2026-01-30T01:24:45","calc_backorders":null,"_links":{"self":[{"href":"https:\/\/aromasentia.com\/de\/wp-json\/wp\/v2\/product\/237205","targetHints":{"allow":["GET"]}}],"collection":[{"href":"https:\/\/aromasentia.com\/de\/wp-json\/wp\/v2\/product"}],"about":[{"href":"https:\/\/aromasentia.com\/de\/wp-json\/wp\/v2\/types\/product"}],"replies":[{"embeddable":true,"href":"https:\/\/aromasentia.com\/de\/wp-json\/wp\/v2\/comments?post=237205"}],"version-history":[{"count":0,"href":"https:\/\/aromasentia.com\/de\/wp-json\/wp\/v2\/product\/237205\/revisions"}],"wp:featuredmedia":[{"embeddable":true,"href":"https:\/\/aromasentia.com\/de\/wp-json\/wp\/v2\/media\/302934"}],"wp:attachment":[{"href":"https:\/\/aromasentia.com\/de\/wp-json\/wp\/v2\/media?parent=237205"}],"wp:term":[{"taxonomy":"product_brand","embeddable":true,"href":"https:\/\/aromasentia.com\/de\/wp-json\/wp\/v2\/product_brand?post=237205"},{"taxonomy":"product_cat","embeddable":true,"href":"https:\/\/aromasentia.com\/de\/wp-json\/wp\/v2\/product_cat?post=237205"},{"taxonomy":"product_tag","embeddable":true,"href":"https:\/\/aromasentia.com\/de\/wp-json\/wp\/v2\/product_tag?post=237205"}],"curies":[{"name":"wp","href":"https:\/\/api.w.org\/{rel}","templated":true}]}}