{"id":237149,"date":"2025-03-21T11:19:05","date_gmt":"2025-03-21T11:19:05","guid":{"rendered":"https:\/\/aromasentia.com\/product\/aromatherapy-soy-candle-200g-creativity\/"},"modified":"2025-12-30T20:25:03","modified_gmt":"2025-12-30T20:25:03","slug":"aromatherapie-sojakerze-200g-kreativitaet","status":"publish","type":"product","link":"https:\/\/aromasentia.com\/de\/aromatherapie-sojakerze-200g-kreativitaet\/","title":{"rendered":"Aromatherapie Sojakerze 200g &#8211; Kreativit\u00e4t"},"content":{"rendered":"<p>Hergestellt mit 1<strong>00% reinem \u00e4therischen Pfefferminz- und Nelken\u00f6l<\/strong> \/ 200 g Sojawachs \/ 40 Stunden Brenndauer.<\/p>\n<p>Unsere neue <strong>Aromatherapie Kerze \u2013 Kreativit\u00e4t<\/strong> besteht aus reinen \u00e4therischen \u00d6len und nat\u00fcrlichem Sojawachs, um Ihre Kunden zu verzaubern und zu begeistern. Nicht mehr und nicht weniger &#8230; so nat\u00fcrlich, so rein, so vegan \ud83d\ude42<\/p>\n<p>Kombinationen reiner \u00d6le, die alle gut zusammenwirken, um klares Denken, Entspannung, Energie, Gl\u00fcck und vieles mehr zu f\u00f6rdern. Langsam und zart steigt das Aroma beim Abbrennen der Kerze auf und erf\u00fcllt jeden Raum mit einem wahrhaft aromatherapeutischen Duft.<\/p>\n","protected":false},"excerpt":{"rendered":"<p>Hergestellt mit 100% reinem \u00e4therischen Pfefferminz- und Nelken\u00f6l \/ 200 g Sojawachs \/ 40 Stunden Brenndauer. Unsere neue Aromatherapie Kerze \u2013 Kreativit\u00e4t besteht aus reinen \u00e4therischen \u00d6len und nat\u00fcrlichem Sojawachs, um Ihre Kunden zu verzaubern und zu begeistern. Nicht mehr und nicht weniger &#8230; so nat\u00fcrlich, so rein, so vegan \ud83d\ude42 Kombinationen reiner \u00d6le, die [&hellip;]<\/p>\n","protected":false},"featured_media":303346,"comment_status":"closed","ping_status":"open","template":"","meta":{"_angie_page":false},"product_brand":[],"product_cat":[17466,19993],"product_tag":[],"class_list":{"0":"post-237149","1":"product","2":"type-product","3":"status-publish","4":"has-post-thumbnail","6":"product_cat-kerzenhalter-und-kerzen","7":"product_cat-sojawachskerzen","8":"pa_collection-aromatherapy-soy-wax-candles-200g-de","9":"pa_made-in-china","10":"pa_size-200g","12":"first","13":"instock","14":"purchasable","15":"product-type-simple"},"supplier_id":null,"supplier_sku":"ASC-03","barcode":null,"atum_controlled":true,"out_stock_date":null,"out_stock_threshold":null,"inheritable":false,"inbound_stock":null,"stock_on_hold":0,"sold_today":0,"sales_last_days":0,"reserved_stock":null,"customer_returns":null,"warehouse_damage":null,"lost_in_post":null,"other_logs":null,"out_stock_days":0,"lost_sales":0,"has_location":null,"update_date":"2026-05-04T00:02:49","atum_locations":[],"atum_stock_status":"instock","restock_status":false,"low_stock_amount":"","sales_update_date":"2025-10-09T03:23:46","calc_backorders":null,"_links":{"self":[{"href":"https:\/\/aromasentia.com\/de\/wp-json\/wp\/v2\/product\/237149","targetHints":{"allow":["GET"]}}],"collection":[{"href":"https:\/\/aromasentia.com\/de\/wp-json\/wp\/v2\/product"}],"about":[{"href":"https:\/\/aromasentia.com\/de\/wp-json\/wp\/v2\/types\/product"}],"replies":[{"embeddable":true,"href":"https:\/\/aromasentia.com\/de\/wp-json\/wp\/v2\/comments?post=237149"}],"version-history":[{"count":0,"href":"https:\/\/aromasentia.com\/de\/wp-json\/wp\/v2\/product\/237149\/revisions"}],"wp:featuredmedia":[{"embeddable":true,"href":"https:\/\/aromasentia.com\/de\/wp-json\/wp\/v2\/media\/303346"}],"wp:attachment":[{"href":"https:\/\/aromasentia.com\/de\/wp-json\/wp\/v2\/media?parent=237149"}],"wp:term":[{"taxonomy":"product_brand","embeddable":true,"href":"https:\/\/aromasentia.com\/de\/wp-json\/wp\/v2\/product_brand?post=237149"},{"taxonomy":"product_cat","embeddable":true,"href":"https:\/\/aromasentia.com\/de\/wp-json\/wp\/v2\/product_cat?post=237149"},{"taxonomy":"product_tag","embeddable":true,"href":"https:\/\/aromasentia.com\/de\/wp-json\/wp\/v2\/product_tag?post=237149"}],"curies":[{"name":"wp","href":"https:\/\/api.w.org\/{rel}","templated":true}]}}