{"id":237105,"date":"2025-03-21T11:19:05","date_gmt":"2025-03-21T11:19:05","guid":{"rendered":"https:\/\/aromasentia.com\/product\/votive-candle-velvet-moon\/"},"modified":"2025-12-30T20:24:56","modified_gmt":"2025-12-30T20:24:56","slug":"votivkerze-samtmond","status":"publish","type":"product","link":"https:\/\/aromasentia.com\/de\/votivkerze-samtmond\/","title":{"rendered":"Votivkerze &#8211; Samtmond"},"content":{"rendered":"<p>Wir sind stolz, eine neue Reihe von <strong>Sojawachskerzen<\/strong> vorstellen zu d\u00fcrfen, die aus geh\u00e4rtetem Soja\u00f6l hergestellt werden und frei von synthetischem Wachs oder Paraffin sind.<\/p>\n<p><strong>Aroma Sentia-ping Votivkerzen \u2013 Velvet Moon<\/strong> werden von Hand in ein wiederverwendbares wei\u00dfes Glasgef\u00e4\u00df mit silbernem Deckel gegossen. Sie werden in einer <strong>bunten Geschenkbox<\/strong> geliefert.<\/p>\n<p>Diese Kerzen werden mit einer hohen Konzentration an <strong>Duft\u00f6len<\/strong> und ausschlie\u00dflich <strong>nat\u00fcrlichem Sojawachs<\/strong> hergestellt.<\/p>\n<p>Verl\u00e4ngern Sie die Lebensdauer Ihrer Kerzen und der Ihrer Kunden. Sojawachs ist eine perfekte <strong>umweltfreundliche<\/strong> Alternative. Es ist viel sauberer und nat\u00fcrlicher als Paraffinkerzen. Etwas teurer, aber es lohnt sich. Sojabohnen-Glaskerzen brennen viel sch\u00f6ner und hinterlassen nur minimale Wachsr\u00fcckst\u00e4nde.<\/p>\n<p><span style=\"color: rgb(209, 72, 65);\"><strong>Entworfen als wunderbares und liebevolles Geschenk. Wenn Sie Kerzen weiterverkaufen, sollten Sie unbedingt dar\u00fcber nachdenken, sie in Ihr Sortiment aufzunehmen.<\/strong><\/span><\/p>\n","protected":false},"excerpt":{"rendered":"<p>Wir sind stolz, eine neue Reihe von Sojawachskerzen vorstellen zu d\u00fcrfen, die aus geh\u00e4rtetem Soja\u00f6l hergestellt werden und frei von synthetischem Wachs oder Paraffin sind. Aroma Sentia-ping Votivkerzen \u2013 Velvet Moon werden von Hand in ein wiederverwendbares wei\u00dfes Glasgef\u00e4\u00df mit silbernem Deckel gegossen. Sie werden in einer bunten Geschenkbox geliefert. Diese Kerzen werden mit einer [&hellip;]<\/p>\n","protected":false},"featured_media":303183,"comment_status":"closed","ping_status":"open","template":"","meta":[],"product_brand":[27086],"product_cat":[17466,19993],"product_tag":[],"class_list":{"0":"post-237105","1":"product","2":"type-product","3":"status-publish","4":"has-post-thumbnail","6":"product_brand-agnes-and-cat","7":"product_cat-kerzenhalter-und-kerzen","8":"product_cat-sojawachskerzen","9":"pa_collection-votive-glass-jar-candles-200-ml-de","10":"pa_made-in-china","12":"first","13":"outofstock","14":"purchasable","15":"product-type-simple"},"supplier_id":null,"supplier_sku":"ACVC-13","barcode":null,"atum_controlled":true,"out_stock_date":"2026-02-04 12:54:15","out_stock_threshold":null,"inheritable":false,"inbound_stock":null,"stock_on_hold":0,"sold_today":0,"sales_last_days":0,"reserved_stock":null,"customer_returns":null,"warehouse_damage":null,"lost_in_post":null,"other_logs":null,"out_stock_days":0,"lost_sales":0,"has_location":null,"update_date":"2026-02-04T12:54:18","atum_locations":[],"atum_stock_status":"outofstock","restock_status":false,"low_stock_amount":"","sales_update_date":"2025-10-09T03:22:47","calc_backorders":null,"_links":{"self":[{"href":"https:\/\/aromasentia.com\/de\/wp-json\/wp\/v2\/product\/237105","targetHints":{"allow":["GET"]}}],"collection":[{"href":"https:\/\/aromasentia.com\/de\/wp-json\/wp\/v2\/product"}],"about":[{"href":"https:\/\/aromasentia.com\/de\/wp-json\/wp\/v2\/types\/product"}],"replies":[{"embeddable":true,"href":"https:\/\/aromasentia.com\/de\/wp-json\/wp\/v2\/comments?post=237105"}],"version-history":[{"count":0,"href":"https:\/\/aromasentia.com\/de\/wp-json\/wp\/v2\/product\/237105\/revisions"}],"wp:featuredmedia":[{"embeddable":true,"href":"https:\/\/aromasentia.com\/de\/wp-json\/wp\/v2\/media\/303183"}],"wp:attachment":[{"href":"https:\/\/aromasentia.com\/de\/wp-json\/wp\/v2\/media?parent=237105"}],"wp:term":[{"taxonomy":"product_brand","embeddable":true,"href":"https:\/\/aromasentia.com\/de\/wp-json\/wp\/v2\/product_brand?post=237105"},{"taxonomy":"product_cat","embeddable":true,"href":"https:\/\/aromasentia.com\/de\/wp-json\/wp\/v2\/product_cat?post=237105"},{"taxonomy":"product_tag","embeddable":true,"href":"https:\/\/aromasentia.com\/de\/wp-json\/wp\/v2\/product_tag?post=237105"}],"curies":[{"name":"wp","href":"https:\/\/api.w.org\/{rel}","templated":true}]}}