{"id":237061,"date":"2025-03-21T11:19:54","date_gmt":"2025-03-21T11:19:54","guid":{"rendered":"https:\/\/aromasentia.com\/product\/ancient-witch-purification-candles-locked-desires\/"},"modified":"2025-12-30T20:24:49","modified_gmt":"2025-12-30T20:24:49","slug":"antike-hexen-reinigungskerzen-locked-desires","status":"publish","type":"product","link":"https:\/\/aromasentia.com\/de\/antike-hexen-reinigungskerzen-locked-desires\/","title":{"rendered":"Antike Hexen-Reinigungskerzen \u2013 Locked Desires"},"content":{"rendered":"<p><span style=\"color: rgb(75, 80, 88);\">Geschaffen, um W\u00fcnsche zu wecken und die innere Energie freizusetzen. Angereichert mit der kraftvollen Essenz des <strong>\u00e4therischen Rosmarin\u00f6ls<\/strong> eignet sich diese Kerze ideal f\u00fcr Hexereipraktiken, die Konzentration, Absicht und spirituelle Aktivierung erfordern. Rosmarin, bekannt f\u00fcr seine Kraft der Klarheit und des Schutzes, kl\u00e4rt den Geist und schafft Raum f\u00fcr Manifestation und das Streben nach lang gehegten Bestrebungen.<\/span><\/p>\n<p><span style=\"color: rgb(75, 80, 88);\">Die im K\u00e4fig eingeschlossene Fledermaus symbolisiert gebundene W\u00fcnsche, die darauf warten, freigelassen zu werden. Stellen Sie sich beim Brennen der Kerze vor, wie sich der K\u00e4fig \u00f6ffnet und Ihre Absichten freisetzt. Lassen Sie sich von der Manifestationskerze leiten, w\u00e4hrend Sie Ihre Energie darauf lenken, Ihre wahrsten W\u00fcnsche zu manifestieren und Ihr inneres Potenzial freizusetzen.<\/span><\/p>\n<p><span style=\"color: rgb(75, 80, 88);\"><strong>Ihr Zauber:<\/strong><\/span><\/p>\n<p><span style=\"color: rgb(75, 80, 88);\"><em>\u201eRosemarys Kraft, \u00f6ffne die T\u00fcr, enth\u00fclle meine Tr\u00e4ume f\u00fcr immer. Eingesperrte W\u00fcnsche, erhebe dich, entdecke meine W\u00fcnsche vor meinen Augen.\u201c<\/em><\/span><\/p>\n<p><span style=\"color: rgb(75, 80, 88);\"><strong>Brenndauer bis zu 50 Stunden.<\/strong><\/span><\/p>\n","protected":false},"excerpt":{"rendered":"<p>Geschaffen, um W\u00fcnsche zu wecken und die innere Energie freizusetzen. Angereichert mit der kraftvollen Essenz des \u00e4therischen Rosmarin\u00f6ls eignet sich diese Kerze ideal f\u00fcr Hexereipraktiken, die Konzentration, Absicht und spirituelle Aktivierung erfordern. Rosmarin, bekannt f\u00fcr seine Kraft der Klarheit und des Schutzes, kl\u00e4rt den Geist und schafft Raum f\u00fcr Manifestation und das Streben nach lang [&hellip;]<\/p>\n","protected":false},"featured_media":304347,"comment_status":"closed","ping_status":"open","template":"","meta":{"_angie_page":false},"product_brand":[],"product_cat":[19992,17466,19993],"product_tag":[],"class_list":{"0":"post-237061","1":"product","2":"type-product","3":"status-publish","4":"has-post-thumbnail","6":"product_cat-duftkerzen-und-sojawachskerzen","7":"product_cat-kerzenhalter-und-kerzen","8":"product_cat-sojawachskerzen","9":"pa_collection-botanical-wooden-wick-soy-candle-de","10":"pa_made-in-china","12":"first","13":"instock","14":"purchasable","15":"product-type-simple"},"supplier_id":null,"supplier_sku":"AWtPC-05","barcode":null,"atum_controlled":true,"out_stock_date":null,"out_stock_threshold":null,"inheritable":false,"inbound_stock":null,"stock_on_hold":0,"sold_today":0,"sales_last_days":0,"reserved_stock":null,"customer_returns":null,"warehouse_damage":null,"lost_in_post":null,"other_logs":null,"out_stock_days":0,"lost_sales":0,"has_location":null,"update_date":"2026-05-04T00:02:50","atum_locations":[],"atum_stock_status":"instock","restock_status":false,"low_stock_amount":"","sales_update_date":"2025-10-09T03:24:52","calc_backorders":null,"_links":{"self":[{"href":"https:\/\/aromasentia.com\/de\/wp-json\/wp\/v2\/product\/237061","targetHints":{"allow":["GET"]}}],"collection":[{"href":"https:\/\/aromasentia.com\/de\/wp-json\/wp\/v2\/product"}],"about":[{"href":"https:\/\/aromasentia.com\/de\/wp-json\/wp\/v2\/types\/product"}],"replies":[{"embeddable":true,"href":"https:\/\/aromasentia.com\/de\/wp-json\/wp\/v2\/comments?post=237061"}],"version-history":[{"count":0,"href":"https:\/\/aromasentia.com\/de\/wp-json\/wp\/v2\/product\/237061\/revisions"}],"wp:featuredmedia":[{"embeddable":true,"href":"https:\/\/aromasentia.com\/de\/wp-json\/wp\/v2\/media\/304347"}],"wp:attachment":[{"href":"https:\/\/aromasentia.com\/de\/wp-json\/wp\/v2\/media?parent=237061"}],"wp:term":[{"taxonomy":"product_brand","embeddable":true,"href":"https:\/\/aromasentia.com\/de\/wp-json\/wp\/v2\/product_brand?post=237061"},{"taxonomy":"product_cat","embeddable":true,"href":"https:\/\/aromasentia.com\/de\/wp-json\/wp\/v2\/product_cat?post=237061"},{"taxonomy":"product_tag","embeddable":true,"href":"https:\/\/aromasentia.com\/de\/wp-json\/wp\/v2\/product_tag?post=237061"}],"curies":[{"name":"wp","href":"https:\/\/api.w.org\/{rel}","templated":true}]}}