{"id":237041,"date":"2025-03-21T11:19:54","date_gmt":"2025-03-21T11:19:54","guid":{"rendered":"https:\/\/aromasentia.com\/product\/home-is-home-candle-pots-fruit-basket\/"},"modified":"2025-12-30T20:24:49","modified_gmt":"2025-12-30T20:24:49","slug":"kerzentopf-home-is-home-fruechtekorb","status":"publish","type":"product","link":"https:\/\/aromasentia.com\/de\/kerzentopf-home-is-home-fruechtekorb\/","title":{"rendered":"Kerzentopf &#8222;Home Is Home&#8220; &#8211; Fr\u00fcchtekorb"},"content":{"rendered":"<p><strong>Home is Home Kerzent\u00f6pfe \u2013 Fruit Basket<\/strong>Wachskerzen sind eine tolle umweltfreundliche Alternative zu Paraffinkerzen. Sojakerzen brennen gleichm\u00e4\u00dfig ab, sodass kein Wachs am Glasrand zur\u00fcckbleibt. Sie verbreiten den Duft wunderbar und sind besser f\u00fcr den Planeten. Sojakerzen brennen au\u00dferdem 30\u201350 % l\u00e4nger und enthalten nicht die Giftstoffe von Paraffinkerzen. Was gibt es daran nicht zu m\u00f6gen?<strong><br style=\"color: rgb(114, 114, 114); font-family: Ubuntu, sans-serif; font-size: 16px; font-style: normal; font-variant-ligatures: normal; font-variant-caps: normal; font-weight: 400; letter-spacing: normal; orphans: 2; text-align: start; text-indent: 0px; text-transform: none; white-space: normal; widows: 2; word-spacing: 0px; -webkit-text-stroke-width: 0px; background-color: rgb(255, 255, 255); text-decoration-style: initial; text-decoration-color: initial;\"><br style=\"color: rgb(114, 114, 114); Schriftfamilie: Ubuntu, serifenlos; Schriftgr\u00f6\u00dfe: 16px; Schriftstil: normal; Schriftvarianten-Ligaturen: normal; Schriftvarianten-Gro\u00dfbuchstaben: normal; Schriftst\u00e4rke: 400; Buchstabenabstand: normal; Waisen: 2; Textausrichtung: Start; Texteinzug: 0px; Texttransformation: keine; Leerzeichen: normal; Hurenkinder: 2; Wortabstand: 0px; -webkit-Textstrichbreite: 0px; Hintergrundfarbe: rgb(255, 255, 255); Textdekorationsstil: initial; Textdekorationsfarbe: initial;\">Brenndauer 45 Stunden. Verwenden Sie den Topf wieder f\u00fcr Blumen \ud83d\ude42&nbsp;<\/strong><\/p>\n","protected":false},"excerpt":{"rendered":"<p>Home is Home Kerzent\u00f6pfe \u2013 Fruit BasketWachskerzen sind eine tolle umweltfreundliche Alternative zu Paraffinkerzen. Sojakerzen brennen gleichm\u00e4\u00dfig ab, sodass kein Wachs am Glasrand zur\u00fcckbleibt. Sie verbreiten den Duft wunderbar und sind besser f\u00fcr den Planeten. Sojakerzen brennen au\u00dferdem 30\u201350 % l\u00e4nger und enthalten nicht die Giftstoffe von Paraffinkerzen. Was gibt es daran nicht zu m\u00f6gen?Brenndauer [&hellip;]<\/p>\n","protected":false},"featured_media":304214,"comment_status":"closed","ping_status":"open","template":"","meta":[],"product_brand":[],"product_cat":[19992,17466],"product_tag":[],"class_list":{"0":"post-237041","1":"product","2":"type-product","3":"status-publish","4":"has-post-thumbnail","6":"product_cat-duftkerzen-und-sojawachskerzen","7":"product_cat-kerzenhalter-und-kerzen","8":"pa_collection-ancient-witch-purification-candles-de","9":"pa_made-in-china","11":"first","12":"outofstock","13":"purchasable","14":"product-type-simple"},"supplier_id":null,"supplier_sku":"AWHP-03","barcode":null,"atum_controlled":true,"out_stock_date":"2025-10-09 12:53:25","out_stock_threshold":null,"inheritable":false,"inbound_stock":null,"stock_on_hold":0,"sold_today":0,"sales_last_days":0,"reserved_stock":null,"customer_returns":null,"warehouse_damage":null,"lost_in_post":null,"other_logs":null,"out_stock_days":112,"lost_sales":0,"has_location":null,"update_date":"2026-01-30T01:25:13","atum_locations":[],"atum_stock_status":"outofstock","restock_status":false,"low_stock_amount":"","sales_update_date":"2026-01-30T01:25:13","calc_backorders":null,"_links":{"self":[{"href":"https:\/\/aromasentia.com\/de\/wp-json\/wp\/v2\/product\/237041","targetHints":{"allow":["GET"]}}],"collection":[{"href":"https:\/\/aromasentia.com\/de\/wp-json\/wp\/v2\/product"}],"about":[{"href":"https:\/\/aromasentia.com\/de\/wp-json\/wp\/v2\/types\/product"}],"replies":[{"embeddable":true,"href":"https:\/\/aromasentia.com\/de\/wp-json\/wp\/v2\/comments?post=237041"}],"version-history":[{"count":0,"href":"https:\/\/aromasentia.com\/de\/wp-json\/wp\/v2\/product\/237041\/revisions"}],"wp:featuredmedia":[{"embeddable":true,"href":"https:\/\/aromasentia.com\/de\/wp-json\/wp\/v2\/media\/304214"}],"wp:attachment":[{"href":"https:\/\/aromasentia.com\/de\/wp-json\/wp\/v2\/media?parent=237041"}],"wp:term":[{"taxonomy":"product_brand","embeddable":true,"href":"https:\/\/aromasentia.com\/de\/wp-json\/wp\/v2\/product_brand?post=237041"},{"taxonomy":"product_cat","embeddable":true,"href":"https:\/\/aromasentia.com\/de\/wp-json\/wp\/v2\/product_cat?post=237041"},{"taxonomy":"product_tag","embeddable":true,"href":"https:\/\/aromasentia.com\/de\/wp-json\/wp\/v2\/product_tag?post=237041"}],"curies":[{"name":"wp","href":"https:\/\/api.w.org\/{rel}","templated":true}]}}