{"id":237025,"date":"2025-03-21T11:19:54","date_gmt":"2025-03-21T11:19:54","guid":{"rendered":"https:\/\/aromasentia.com\/product\/art-tin-candle-romantic-garden\/"},"modified":"2025-12-30T20:24:42","modified_gmt":"2025-12-30T20:24:42","slug":"sojawachskerze-in-zinndose-romantischer-garten-tee-und-rosen","status":"publish","type":"product","link":"https:\/\/aromasentia.com\/de\/sojawachskerze-in-zinndose-romantischer-garten-tee-und-rosen\/","title":{"rendered":"Sojawachskerze in Zinndose &#8211; Romantischer Garten &#8222;Tee und Rosen&#8220;"},"content":{"rendered":"<p>Unsere Gro\u00dfhandel Zinn Kerzen sind mit nat\u00fcrlichen Sojawachs und Mischung aus und hochwertige Duft\u00f6le.&nbsp;<\/p>\n<p>Soja-Wachs-Kerzen sind eine gro\u00dfe umweltfreundliche Alternative zu Paraffin-Kerzen gemacht. Die Entscheidung f\u00fcr Sojawachs fiel uns leicht: Sojakerzen verstr\u00f6men einen wunderbaren Duft und sind besser f\u00fcr die Umwelt. Sojakerzen brennen au\u00dferdem 30-50 % l\u00e4nger und enthalten keine Giftstoffe wie Paraffinkerzen. Unsere 100% nat\u00fcrlichen Kerzen produzieren au\u00dferdem 95% weniger Ru\u00df!<\/p>\n<p>Pr\u00e4sentiert in sch\u00f6nen, thematisch bedruckten Dosen mit sch\u00f6nem Kopfetikett. Gro\u00df 120g. Soja-Wachs. Verkauft in Box von 6 Kerzen mit 3 verschiedenen Designs f\u00fcr jedes Thema.<\/p>\n<p>Alle unsere Kerzen verwenden nat\u00fcrliche Produkte und werden nicht an Tieren getestet, was bedeutet, dass sie vegan sind.<br \/>Sie k\u00f6nnen alle unsere Verpackungen wiederverwenden oder recyceln! Diese Kerzen brennen bis zu 23 Stunden und werden mit einer eigenen Pflegeanleitung geliefert, damit Sie Ihre Kerze von oben bis unten pflegen k\u00f6nnen.<\/p>\n<p>><\/p>\n","protected":false},"excerpt":{"rendered":"<p>Unsere Gro\u00dfhandel Zinn Kerzen sind mit nat\u00fcrlichen Sojawachs und Mischung aus und hochwertige Duft\u00f6le.&nbsp; Soja-Wachs-Kerzen sind eine gro\u00dfe umweltfreundliche Alternative zu Paraffin-Kerzen gemacht. Die Entscheidung f\u00fcr Sojawachs fiel uns leicht: Sojakerzen verstr\u00f6men einen wunderbaren Duft und sind besser f\u00fcr die Umwelt. Sojakerzen brennen au\u00dferdem 30-50 % l\u00e4nger und enthalten keine Giftstoffe wie Paraffinkerzen. Unsere 100% [&hellip;]<\/p>\n","protected":false},"featured_media":303898,"comment_status":"closed","ping_status":"open","template":"","meta":[],"product_brand":[],"product_cat":[19992,17466,19993],"product_tag":[],"class_list":{"0":"post-237025","1":"product","2":"type-product","3":"status-publish","4":"has-post-thumbnail","6":"product_cat-duftkerzen-und-sojawachskerzen","7":"product_cat-kerzenhalter-und-kerzen","8":"product_cat-sojawachskerzen","9":"pa_collection-art-tin-candles-de","10":"pa_made-in-china","12":"first","13":"instock","14":"purchasable","15":"product-type-simple"},"supplier_id":null,"supplier_sku":"ATC-05","barcode":null,"atum_controlled":true,"out_stock_date":null,"out_stock_threshold":null,"inheritable":false,"inbound_stock":null,"stock_on_hold":0,"sold_today":0,"sales_last_days":0,"reserved_stock":null,"customer_returns":null,"warehouse_damage":null,"lost_in_post":null,"other_logs":null,"out_stock_days":0,"lost_sales":0,"has_location":null,"update_date":"2026-02-06T18:45:00","atum_locations":[],"atum_stock_status":"instock","restock_status":false,"low_stock_amount":"","sales_update_date":"2026-01-30T01:24:43","calc_backorders":null,"_links":{"self":[{"href":"https:\/\/aromasentia.com\/de\/wp-json\/wp\/v2\/product\/237025","targetHints":{"allow":["GET"]}}],"collection":[{"href":"https:\/\/aromasentia.com\/de\/wp-json\/wp\/v2\/product"}],"about":[{"href":"https:\/\/aromasentia.com\/de\/wp-json\/wp\/v2\/types\/product"}],"replies":[{"embeddable":true,"href":"https:\/\/aromasentia.com\/de\/wp-json\/wp\/v2\/comments?post=237025"}],"version-history":[{"count":0,"href":"https:\/\/aromasentia.com\/de\/wp-json\/wp\/v2\/product\/237025\/revisions"}],"wp:featuredmedia":[{"embeddable":true,"href":"https:\/\/aromasentia.com\/de\/wp-json\/wp\/v2\/media\/303898"}],"wp:attachment":[{"href":"https:\/\/aromasentia.com\/de\/wp-json\/wp\/v2\/media?parent=237025"}],"wp:term":[{"taxonomy":"product_brand","embeddable":true,"href":"https:\/\/aromasentia.com\/de\/wp-json\/wp\/v2\/product_brand?post=237025"},{"taxonomy":"product_cat","embeddable":true,"href":"https:\/\/aromasentia.com\/de\/wp-json\/wp\/v2\/product_cat?post=237025"},{"taxonomy":"product_tag","embeddable":true,"href":"https:\/\/aromasentia.com\/de\/wp-json\/wp\/v2\/product_tag?post=237025"}],"curies":[{"name":"wp","href":"https:\/\/api.w.org\/{rel}","templated":true}]}}