{"id":236981,"date":"2025-03-21T11:19:54","date_gmt":"2025-03-21T11:19:54","guid":{"rendered":"https:\/\/aromasentia.com\/product\/large-botanical-candles-wild-jasmine\/"},"modified":"2025-12-30T20:24:34","modified_gmt":"2025-12-30T20:24:34","slug":"grosse-botanische-kerzen-wilder-jasmin","status":"publish","type":"product","link":"https:\/\/aromasentia.com\/de\/grosse-botanische-kerzen-wilder-jasmin\/","title":{"rendered":"Gro\u00dfe botanische Kerzen &#8211; Wilder Jasmin"},"content":{"rendered":"<p><strong><span style=\"color: rgb(75, 80, 88);\">Gro\u00dfer Botanischer Garten \u2013 Wilder Jasmin<\/span><\/strong><\/p>\n<p><span style=\"color: rgb(75, 80, 88);\"><strong>Botanische Kerzen<\/strong> werden aus Sojawachs, einem nachwachsenden Rohstoff, und 3 % Duft\u00f6l hergestellt. Sie brennen l\u00e4nger als die meisten Paraffinwachskerzen und haben eine saubere, fast rauchfreie Flamme.<\/span><\/p>\n<p><span style=\"color: rgb(75, 80, 88);\">Botanische Kerzen werden in runden, wiederverwendbaren Keramikgef\u00e4\u00dfen geliefert, mit Barcode versehen und h\u00fcbsch in einer Geschenkbox verpackt. Jede Kerze enth\u00e4lt einen Holzdocht anstelle eines herk\u00f6mmlichen Dochts.<\/span><\/p>\n<p><span style=\"color: rgb(75, 80, 88);\">Hinweis: Lassen Sie eine brennende Kerze niemals unbeaufsichtigt. Kerze au\u00dferhalb der Reichweite von Kindern und Haustieren brennen lassen. Halten Sie zwischen den Kerzen immer mindestens 10 cm Abstand. Lassen Sie die Kerze nicht auf oder in der N\u00e4he von Gegenst\u00e4nden brennen, die Feuer fangen k\u00f6nnen.<\/span><\/p>\n<p><span style=\"color: rgb(75, 80, 88);\">Gr\u00f6\u00dfe: Durchmesser 8 cm, H\u00f6he 7,5 cm, Gewicht 430 g<\/span><\/p>\n<p><span style=\"color: rgb(75, 80, 88);\">Brenndauer 30 Stunden<\/span><\/p>\n","protected":false},"excerpt":{"rendered":"<p>Gro\u00dfer Botanischer Garten \u2013 Wilder Jasmin Botanische Kerzen werden aus Sojawachs, einem nachwachsenden Rohstoff, und 3 % Duft\u00f6l hergestellt. Sie brennen l\u00e4nger als die meisten Paraffinwachskerzen und haben eine saubere, fast rauchfreie Flamme. Botanische Kerzen werden in runden, wiederverwendbaren Keramikgef\u00e4\u00dfen geliefert, mit Barcode versehen und h\u00fcbsch in einer Geschenkbox verpackt. Jede Kerze enth\u00e4lt einen Holzdocht [&hellip;]<\/p>\n","protected":false},"featured_media":304672,"comment_status":"closed","ping_status":"open","template":"","meta":[],"product_brand":[27090],"product_cat":[26833,25841,19992,26224,17466,19993],"product_tag":[],"class_list":{"0":"post-236981","1":"product","2":"type-product","3":"status-publish","4":"has-post-thumbnail","6":"product_brand-ancient-wisdom","7":"product_cat-blumig","8":"product_cat-dufte-aromen","9":"product_cat-duftkerzen-und-sojawachskerzen","10":"product_cat-jasmin","11":"product_cat-kerzenhalter-und-kerzen","12":"product_cat-sojawachskerzen","13":"pa_collection-botanical-wooden-wick-soy-candle-de","14":"pa_made-in-china","16":"first","17":"instock","18":"purchasable","19":"product-type-simple"},"supplier_id":null,"supplier_sku":"BotC-05","barcode":null,"atum_controlled":true,"out_stock_date":null,"out_stock_threshold":null,"inheritable":false,"inbound_stock":null,"stock_on_hold":0,"sold_today":0,"sales_last_days":0,"reserved_stock":null,"customer_returns":null,"warehouse_damage":null,"lost_in_post":null,"other_logs":null,"out_stock_days":0,"lost_sales":0,"has_location":null,"update_date":"2026-02-09T19:01:34","atum_locations":[],"atum_stock_status":"instock","restock_status":false,"low_stock_amount":"","sales_update_date":"2026-01-30T01:24:58","calc_backorders":null,"_links":{"self":[{"href":"https:\/\/aromasentia.com\/de\/wp-json\/wp\/v2\/product\/236981","targetHints":{"allow":["GET"]}}],"collection":[{"href":"https:\/\/aromasentia.com\/de\/wp-json\/wp\/v2\/product"}],"about":[{"href":"https:\/\/aromasentia.com\/de\/wp-json\/wp\/v2\/types\/product"}],"replies":[{"embeddable":true,"href":"https:\/\/aromasentia.com\/de\/wp-json\/wp\/v2\/comments?post=236981"}],"version-history":[{"count":0,"href":"https:\/\/aromasentia.com\/de\/wp-json\/wp\/v2\/product\/236981\/revisions"}],"wp:featuredmedia":[{"embeddable":true,"href":"https:\/\/aromasentia.com\/de\/wp-json\/wp\/v2\/media\/304672"}],"wp:attachment":[{"href":"https:\/\/aromasentia.com\/de\/wp-json\/wp\/v2\/media?parent=236981"}],"wp:term":[{"taxonomy":"product_brand","embeddable":true,"href":"https:\/\/aromasentia.com\/de\/wp-json\/wp\/v2\/product_brand?post=236981"},{"taxonomy":"product_cat","embeddable":true,"href":"https:\/\/aromasentia.com\/de\/wp-json\/wp\/v2\/product_cat?post=236981"},{"taxonomy":"product_tag","embeddable":true,"href":"https:\/\/aromasentia.com\/de\/wp-json\/wp\/v2\/product_tag?post=236981"}],"curies":[{"name":"wp","href":"https:\/\/api.w.org\/{rel}","templated":true}]}}