{"id":236897,"date":"2025-03-21T11:21:45","date_gmt":"2025-03-21T11:21:45","guid":{"rendered":"https:\/\/aromasentia.com\/product\/candle-holder-sign-home\/"},"modified":"2025-12-30T20:24:19","modified_gmt":"2025-12-30T20:24:19","slug":"kerzenhalter-schild-home","status":"publish","type":"product","link":"https:\/\/aromasentia.com\/de\/kerzenhalter-schild-home\/","title":{"rendered":"Kerzenhalter Schild &#8211; Home"},"content":{"rendered":"<p><span style=\"color: rgb(75, 80, 88);\">Erm\u00f6glichen Sie Ihren Kunden, mit diesen <strong>Holzkerzenhaltern<\/strong> von <strong>Home<\/strong> eine wundersch\u00f6ne Pr\u00e4sentation zu gestalten. Ideal f\u00fcr eine perfekte, gem\u00fctliche Atmosph\u00e4re. Aus nat\u00fcrlich braun get\u00f6ntem Holz mit schlichtem, geschnitztem Design, passend f\u00fcr jede Inneneinrichtung.&nbsp;<\/span><\/p>\n<p><span style=\"color: rgb(75, 80, 88);\">Liebevoll von Kunsthandwerkern in Indonesien handgefertigt. Hergestellt mit einem stabilen Sockel und einer kleinen Aussparung f\u00fcr ein Teelicht.<\/span><\/p>\n<p><span style=\"color: rgb(75, 80, 88);\">Sobald die Kerze angez\u00fcndet und auf den Kerzenhalter gestellt ist, herrscht eine angenehme und warme Atmosph\u00e4re.<\/span><\/p>\n<p><span style=\"color: rgb(75, 80, 88);\"><strong>BITTE BEACHTEN: Aufgrund nat\u00fcrlicher Materialien k\u00f6nnen leichte Abweichungen und Unvollkommenheiten auftreten.<\/strong><\/span><\/p>\n<p><span style=\"color: rgb(141, 186, 216);\"><strong>Begeistern Sie Ihre Kunden mit diesen sch\u00f6nen Kerzenhaltern. Bestellen Sie jetzt.<\/strong><\/span><\/p>\n","protected":false},"excerpt":{"rendered":"<p>Erm\u00f6glichen Sie Ihren Kunden, mit diesen Holzkerzenhaltern von Home eine wundersch\u00f6ne Pr\u00e4sentation zu gestalten. Ideal f\u00fcr eine perfekte, gem\u00fctliche Atmosph\u00e4re. Aus nat\u00fcrlich braun get\u00f6ntem Holz mit schlichtem, geschnitztem Design, passend f\u00fcr jede Inneneinrichtung.&nbsp; Liebevoll von Kunsthandwerkern in Indonesien handgefertigt. Hergestellt mit einem stabilen Sockel und einer kleinen Aussparung f\u00fcr ein Teelicht. Sobald die Kerze angez\u00fcndet [&hellip;]<\/p>\n","protected":false},"featured_media":305207,"comment_status":"closed","ping_status":"open","template":"","meta":{"_angie_page":false},"product_brand":[],"product_cat":[17465,17466],"product_tag":[],"class_list":{"0":"post-236897","1":"product","2":"type-product","3":"status-publish","4":"has-post-thumbnail","6":"product_cat-kerzenhalter","7":"product_cat-kerzenhalter-und-kerzen","8":"pa_collection-candle-holder-signs-de","9":"pa_made-in-indonesien","11":"first","12":"instock","13":"purchasable","14":"product-type-simple"},"supplier_id":null,"supplier_sku":"CHS-01","barcode":null,"atum_controlled":true,"out_stock_date":null,"out_stock_threshold":null,"inheritable":false,"inbound_stock":null,"stock_on_hold":0,"sold_today":0,"sales_last_days":0,"reserved_stock":null,"customer_returns":null,"warehouse_damage":null,"lost_in_post":null,"other_logs":null,"out_stock_days":0,"lost_sales":0,"has_location":null,"update_date":"2026-04-27T06:57:22","atum_locations":[],"atum_stock_status":"instock","restock_status":false,"low_stock_amount":"","sales_update_date":"2025-10-09T03:27:58","calc_backorders":null,"_links":{"self":[{"href":"https:\/\/aromasentia.com\/de\/wp-json\/wp\/v2\/product\/236897","targetHints":{"allow":["GET"]}}],"collection":[{"href":"https:\/\/aromasentia.com\/de\/wp-json\/wp\/v2\/product"}],"about":[{"href":"https:\/\/aromasentia.com\/de\/wp-json\/wp\/v2\/types\/product"}],"replies":[{"embeddable":true,"href":"https:\/\/aromasentia.com\/de\/wp-json\/wp\/v2\/comments?post=236897"}],"version-history":[{"count":0,"href":"https:\/\/aromasentia.com\/de\/wp-json\/wp\/v2\/product\/236897\/revisions"}],"wp:featuredmedia":[{"embeddable":true,"href":"https:\/\/aromasentia.com\/de\/wp-json\/wp\/v2\/media\/305207"}],"wp:attachment":[{"href":"https:\/\/aromasentia.com\/de\/wp-json\/wp\/v2\/media?parent=236897"}],"wp:term":[{"taxonomy":"product_brand","embeddable":true,"href":"https:\/\/aromasentia.com\/de\/wp-json\/wp\/v2\/product_brand?post=236897"},{"taxonomy":"product_cat","embeddable":true,"href":"https:\/\/aromasentia.com\/de\/wp-json\/wp\/v2\/product_cat?post=236897"},{"taxonomy":"product_tag","embeddable":true,"href":"https:\/\/aromasentia.com\/de\/wp-json\/wp\/v2\/product_tag?post=236897"}],"curies":[{"name":"wp","href":"https:\/\/api.w.org\/{rel}","templated":true}]}}