{"id":236889,"date":"2025-03-21T11:21:45","date_gmt":"2025-03-21T11:21:45","guid":{"rendered":"https:\/\/aromasentia.com\/product\/chakra-crystal-candles-crown-chakra\/"},"modified":"2025-12-30T20:24:19","modified_gmt":"2025-12-30T20:24:19","slug":"chakra-kristallkerzen-kronenchakra","status":"publish","type":"product","link":"https:\/\/aromasentia.com\/de\/chakra-kristallkerzen-kronenchakra\/","title":{"rendered":"Chakra Kristallkerzen \u2013 Kronenchakra"},"content":{"rendered":"<p><span style=\"color: rgb(75, 80, 88);\"><strong>Erleben Sie die Kraft der Heilung mit dieser Chakra Kristallkerze.&nbsp;<\/strong><\/span><\/p>\n<p><span style=\"color: rgb(75, 80, 88);\">Hergestellt aus echten <strong>Edelsteinen, nat\u00fcrlichem Sojawachs, speziell gemischtem Parf\u00fcm<\/strong> und <strong>magischen Holzdochten.<\/strong><\/span><\/p>\n<p><span style=\"color: rgb(75, 80, 88);\"><strong>Verbinden Sie sich mit h\u00f6herem Bewusstsein und spiritueller Erleuchtung durch unsere Kronenchakra Kristallkerze<\/strong>. Durchdrungen von <strong>Coelestin und Selenit<\/strong>, schwingt es mit der Essenz des Kronenchakras mit.&nbsp;<\/span><\/p>\n<p><span style=\"color: rgb(75, 80, 88);\">Der erfrischende Duft der Meeresbrise erhebt Ihren Geist.<\/span><\/p>\n<p><span style=\"color: rgb(75, 80, 88);\">Die Schachtel vermittelt die Weisheit: <strong>\u201eIn jedem Moment fl\u00fcstert dir das Universum zu.\u201c<\/strong> Z\u00fcnden Sie diese Kerze an, um g\u00f6ttliche Weisheit zu erlangen, irdische Sorgen zu \u00fcberwinden und spirituelle Transzendenz zu erfahren.<\/span><\/p>\n<p><span style=\"color: rgb(75, 80, 88);\">Wenn Sie die Kerze anz\u00fcnden, sp\u00fcren Sie die heilende Energie der Kristalle und den beruhigenden Duft des speziell gemischten Aromas.&nbsp;<\/span><\/p>\n<p><span style=\"color: rgb(75, 80, 88);\"><strong>Nach dem Abbrennen dieser Kerze kann das Glas wiederverwendet und die Bergkristalle gereinigt und aufbewahrt werden.<\/strong><\/span><\/p>\n<p><span style=\"color: rgb(75, 80, 88);\"><em>Brenndauer: 17 Stunden<\/em><\/span><\/p>\n","protected":false},"excerpt":{"rendered":"<p>Erleben Sie die Kraft der Heilung mit dieser Chakra Kristallkerze.&nbsp; Hergestellt aus echten Edelsteinen, nat\u00fcrlichem Sojawachs, speziell gemischtem Parf\u00fcm und magischen Holzdochten. Verbinden Sie sich mit h\u00f6herem Bewusstsein und spiritueller Erleuchtung durch unsere Kronenchakra Kristallkerze. Durchdrungen von Coelestin und Selenit, schwingt es mit der Essenz des Kronenchakras mit.&nbsp; Der erfrischende Duft der Meeresbrise erhebt Ihren [&hellip;]<\/p>\n","protected":false},"featured_media":305125,"comment_status":"closed","ping_status":"open","template":"","meta":{"_angie_page":false},"product_brand":[],"product_cat":[20266,17466],"product_tag":[],"class_list":{"0":"post-236889","1":"product","2":"type-product","3":"status-publish","4":"has-post-thumbnail","6":"product_cat-edelsteinkerzen","7":"product_cat-kerzenhalter-und-kerzen","8":"pa_collection-chakra-crystal-candle-root-chakra-de","9":"pa_made-in-china","11":"first","12":"instock","13":"purchasable","14":"product-type-simple"},"supplier_id":null,"supplier_sku":"ChkCC-07","barcode":null,"atum_controlled":true,"out_stock_date":null,"out_stock_threshold":null,"inheritable":false,"inbound_stock":null,"stock_on_hold":0,"sold_today":0,"sales_last_days":0,"reserved_stock":null,"customer_returns":null,"warehouse_damage":null,"lost_in_post":null,"other_logs":null,"out_stock_days":0,"lost_sales":0,"has_location":null,"update_date":"2026-04-27T06:57:12","atum_locations":[],"atum_stock_status":"instock","restock_status":false,"low_stock_amount":"","sales_update_date":"2025-10-09T03:27:53","calc_backorders":null,"_links":{"self":[{"href":"https:\/\/aromasentia.com\/de\/wp-json\/wp\/v2\/product\/236889","targetHints":{"allow":["GET"]}}],"collection":[{"href":"https:\/\/aromasentia.com\/de\/wp-json\/wp\/v2\/product"}],"about":[{"href":"https:\/\/aromasentia.com\/de\/wp-json\/wp\/v2\/types\/product"}],"replies":[{"embeddable":true,"href":"https:\/\/aromasentia.com\/de\/wp-json\/wp\/v2\/comments?post=236889"}],"version-history":[{"count":0,"href":"https:\/\/aromasentia.com\/de\/wp-json\/wp\/v2\/product\/236889\/revisions"}],"wp:featuredmedia":[{"embeddable":true,"href":"https:\/\/aromasentia.com\/de\/wp-json\/wp\/v2\/media\/305125"}],"wp:attachment":[{"href":"https:\/\/aromasentia.com\/de\/wp-json\/wp\/v2\/media?parent=236889"}],"wp:term":[{"taxonomy":"product_brand","embeddable":true,"href":"https:\/\/aromasentia.com\/de\/wp-json\/wp\/v2\/product_brand?post=236889"},{"taxonomy":"product_cat","embeddable":true,"href":"https:\/\/aromasentia.com\/de\/wp-json\/wp\/v2\/product_cat?post=236889"},{"taxonomy":"product_tag","embeddable":true,"href":"https:\/\/aromasentia.com\/de\/wp-json\/wp\/v2\/product_tag?post=236889"}],"curies":[{"name":"wp","href":"https:\/\/api.w.org\/{rel}","templated":true}]}}